 {"id":4165,"date":"2024-03-21T13:42:30","date_gmt":"2024-03-21T12:42:30","guid":{"rendered":"https:\/\/maxima-studios.com\/produit\/nanlite-pavotube-ii-6c-rgb\/"},"modified":"2026-04-13T20:34:18","modified_gmt":"2026-04-13T18:34:18","slug":"nanlite-pavotube-ii-6c-rgb","status":"publish","type":"product","link":"https:\/\/maxima-studios.com\/en\/product\/nanlite-pavotube-ii-6c-rgb\/","title":{"rendered":"NANLITE PAVOTUBE II 6C RGB"},"content":{"rendered":"<p>Le Nanlite Pavotube II 6C est un tubes LED RGB de 6W et de 25cm de long. Tr\u00e8s populaire et r\u00e9put\u00e9 pour sa polyvalence, sa l\u00e9g\u00e8ret\u00e9 et sa petite taille, il peut \u00eatre utilis\u00e9 pour des clips ou dans l\u2019\u00e9v\u00e8nementiel, en guise de lumi\u00e8re d\u2019appoint.<\/p>\n<p>\u00a0<\/p>\n<p>Le tube peut \u00eatre pos\u00e9 au sol sur patte d\u2019oie, tenu directement \u00e0 la main, suspendu \u00e0 la verticale ou \u00e0 l\u2019horizontale via les pas de vis Kodak situ\u00e9s aux extr\u00e9mit\u00e9s du tube, ou encore directement aimant\u00e9 sur une paroie magn\u00e9tique.\u00a0<\/p>\n<p>\u00a0<\/p>\n<p>Le Pavotube peut \u00e9galement \u00eatre contr\u00f4l\u00e9 \u00e0 distance avec la Nanlink App, il est ainsi possible de choisir la couleur en HSI et en CCT, mais aussi de choisir une large gamme d\u2019effets de mise en sc\u00e8ne, de fondus, de d\u00e9filements, etc.<\/p>\n<p>\u00a0<\/p>\n<p>Chaque Pavotube est \u00e9quip\u00e9 d&#8217;une batterie rechargeable int\u00e9gr\u00e9e qui permet une utilisation sans fil pendant environ 1h \u00e0 pleine puissance, ainsi vous aurez une source de lumi\u00e8re \u00e0 port\u00e9e de main.\u00a0<\/p>","protected":false},"excerpt":{"rendered":"<p>Mini Tube LED\u00a0<\/p>\n<p>Taille: 25 cm<\/p>\n<p>Puissance: 6W \/ tube\u00a0<\/p>\n<p>T\u00b0: RGB \/ 2700 &#8211; 7500K<\/p>","protected":false},"featured_media":9671,"template":"","meta":[],"product_cat":[1342,260],"product_tag":[311,296,298,306,299],"class_list":{"0":"post-4165","1":"product","2":"type-product","3":"status-publish","4":"has-post-thumbnail","6":"product_cat-evenementiel","7":"product_cat-tubes-led","8":"product_tag-30w-ou-moins","9":"product_tag-bi-color","10":"product_tag-daylight","11":"product_tag-nanlite","12":"product_tag-rgb","14":"first","15":"instock","16":"taxable","17":"shipping-taxable","18":"purchasable","19":"product-type-rentable"},"_links":{"self":[{"href":"https:\/\/maxima-studios.com\/en\/wp-json\/wp\/v2\/product\/4165","targetHints":{"allow":["GET"]}}],"collection":[{"href":"https:\/\/maxima-studios.com\/en\/wp-json\/wp\/v2\/product"}],"about":[{"href":"https:\/\/maxima-studios.com\/en\/wp-json\/wp\/v2\/types\/product"}],"wp:featuredmedia":[{"embeddable":true,"href":"https:\/\/maxima-studios.com\/en\/wp-json\/wp\/v2\/media\/9671"}],"wp:attachment":[{"href":"https:\/\/maxima-studios.com\/en\/wp-json\/wp\/v2\/media?parent=4165"}],"wp:term":[{"taxonomy":"product_cat","embeddable":true,"href":"https:\/\/maxima-studios.com\/en\/wp-json\/wp\/v2\/product_cat?post=4165"},{"taxonomy":"product_tag","embeddable":true,"href":"https:\/\/maxima-studios.com\/en\/wp-json\/wp\/v2\/product_tag?post=4165"}],"curies":[{"name":"wp","href":"https:\/\/api.w.org\/{rel}","templated":true}]}}