 {"id":4162,"date":"2024-03-21T13:42:30","date_gmt":"2024-03-21T12:42:30","guid":{"rendered":"https:\/\/maxima-studios.com\/produit\/kit-2x-led-panels-30x15-mk-i-bi-color\/"},"modified":"2026-04-13T20:44:52","modified_gmt":"2026-04-13T18:44:52","slug":"kit-2x-led-panels-30x15-bi-color","status":"publish","type":"product","link":"https:\/\/maxima-studios.com\/en\/product\/kit-2x-led-panels-30x15-bi-color\/","title":{"rendered":"KIT 2X LED PANELS 30X15 BI-COLOR"},"content":{"rendered":"<p>Panneau LED bi-colore 19W, de 30cm par 15cm avec plage de temp\u00e9rature de couleur variable de 3200 \u00e0 5600K.<\/p>\n<p>C\u2019est un panneau LED l\u00e9ger, petit et polyvalent, il est possible de superposer plusieurs panneaux pour obtenir une plus grande surface d\u2019\u00e9clairage (panneau 60 par 30), ou d\u2019utiliser une poign\u00e9e avec un spigot de 16 pour obtenir une lumi\u00e8re main mobile.<\/p>\n<p>Il peut \u00eatre aliment\u00e9 sur secteur, ou sur batteries NP F970 incluses pour une autonomie \u00e0 pleine puissance de 3 heures par batterie.<\/p>\n<p>Il est disponible en kit de deux ou trois panneaux.<\/p>\n<p><strong>Points forts:<\/strong><\/p>\n<ul>\n<li>Panneau LED compact<\/li>\n<li>Facile d&#8217;installation et d&#8217;utilisation<\/li>\n<li>Grande autonomie<\/li>\n<\/ul>","protected":false},"excerpt":{"rendered":"<p>2x Led Panel<\/p>\n<p>\u200bPuissance : 19W \/ LEd\u00a0\u00a0<\/p>\n<p>T\u00b0 : 3200 \u2013 5600 K<\/p>\n<p>Dimensions : 30&#215;15 cm<\/p>","protected":false},"featured_media":19102,"template":"","meta":[],"product_cat":[255],"product_tag":[311,296,298],"class_list":{"0":"post-4162","1":"product","2":"type-product","3":"status-publish","4":"has-post-thumbnail","6":"product_cat-led-panel","7":"product_tag-30w-ou-moins","8":"product_tag-bi-color","9":"product_tag-daylight","11":"first","12":"instock","13":"taxable","14":"shipping-taxable","15":"purchasable","16":"product-type-rentable"},"_links":{"self":[{"href":"https:\/\/maxima-studios.com\/en\/wp-json\/wp\/v2\/product\/4162","targetHints":{"allow":["GET"]}}],"collection":[{"href":"https:\/\/maxima-studios.com\/en\/wp-json\/wp\/v2\/product"}],"about":[{"href":"https:\/\/maxima-studios.com\/en\/wp-json\/wp\/v2\/types\/product"}],"wp:featuredmedia":[{"embeddable":true,"href":"https:\/\/maxima-studios.com\/en\/wp-json\/wp\/v2\/media\/19102"}],"wp:attachment":[{"href":"https:\/\/maxima-studios.com\/en\/wp-json\/wp\/v2\/media?parent=4162"}],"wp:term":[{"taxonomy":"product_cat","embeddable":true,"href":"https:\/\/maxima-studios.com\/en\/wp-json\/wp\/v2\/product_cat?post=4162"},{"taxonomy":"product_tag","embeddable":true,"href":"https:\/\/maxima-studios.com\/en\/wp-json\/wp\/v2\/product_tag?post=4162"}],"curies":[{"name":"wp","href":"https:\/\/api.w.org\/{rel}","templated":true}]}}