 {"id":4161,"date":"2024-03-21T13:42:29","date_gmt":"2024-03-21T12:42:29","guid":{"rendered":"https:\/\/maxima-studios.com\/produit\/led-panel-30x15-mk-ii-bi-color\/"},"modified":"2026-04-13T20:44:52","modified_gmt":"2026-04-13T18:44:52","slug":"led-panel-30x15-bi-color-mkii","status":"publish","type":"product","link":"https:\/\/maxima-studios.com\/en\/product\/led-panel-30x15-bi-color-mkii\/","title":{"rendered":"LED PANEL 30X15 BI-COLOR MKII"},"content":{"rendered":"<p>Ce panneau LED bi-colore consomme 35W et mesure 30 x 15cm. Sa plage de temp\u00e9rature de couleur s\u2019\u00e9tend de 3200 \u00e0 5600K avec un indice TLCI de 96 afin d\u2019assurer une bonne reproduction des couleurs.<\/p>\n<p>C\u2019est un panneau LED l\u00e9ger, petit et polyvalent, il permet de r\u00e9pondre \u00e0 une grande situation d\u2019\u00e9clairage de mani\u00e8re simple et efficace.<\/p>\n<p>Il peut \u00eatre aliment\u00e9 sur secteur ou avec deux batteries NP-F pour une autonomie de 3 heures.<\/p>\n<p><strong>Points forts:<\/strong><\/p>\n<ul>\n<li>Panneau LED compact<\/li>\n<li>Facile d&#8217;installation et d&#8217;utilisation<\/li>\n<li>Grande autonomie<\/li>\n<\/ul>","protected":false},"excerpt":{"rendered":"<p>Led Panel Bi-Color<\/p>\n<p>\u200bPuissance : 35W\u00a0\u00a0<\/p>\n<p>T\u00b0 : 3200 \u2013 5600 K<\/p>\n<p>Dimensions : 30&#215;15 cm<\/p>","protected":false},"featured_media":9602,"template":"","meta":[],"product_cat":[255],"product_tag":[301,311,296,298],"class_list":{"0":"post-4161","1":"product","2":"type-product","3":"status-publish","4":"has-post-thumbnail","6":"product_cat-led-panel","7":"product_tag-30-120w","8":"product_tag-30w-ou-moins","9":"product_tag-bi-color","10":"product_tag-daylight","12":"first","13":"instock","14":"taxable","15":"shipping-taxable","16":"purchasable","17":"product-type-rentable"},"_links":{"self":[{"href":"https:\/\/maxima-studios.com\/en\/wp-json\/wp\/v2\/product\/4161","targetHints":{"allow":["GET"]}}],"collection":[{"href":"https:\/\/maxima-studios.com\/en\/wp-json\/wp\/v2\/product"}],"about":[{"href":"https:\/\/maxima-studios.com\/en\/wp-json\/wp\/v2\/types\/product"}],"wp:featuredmedia":[{"embeddable":true,"href":"https:\/\/maxima-studios.com\/en\/wp-json\/wp\/v2\/media\/9602"}],"wp:attachment":[{"href":"https:\/\/maxima-studios.com\/en\/wp-json\/wp\/v2\/media?parent=4161"}],"wp:term":[{"taxonomy":"product_cat","embeddable":true,"href":"https:\/\/maxima-studios.com\/en\/wp-json\/wp\/v2\/product_cat?post=4161"},{"taxonomy":"product_tag","embeddable":true,"href":"https:\/\/maxima-studios.com\/en\/wp-json\/wp\/v2\/product_tag?post=4161"}],"curies":[{"name":"wp","href":"https:\/\/api.w.org\/{rel}","templated":true}]}}