 {"id":4160,"date":"2024-03-21T13:42:29","date_gmt":"2024-03-21T12:42:29","guid":{"rendered":"https:\/\/maxima-studios.com\/produit\/kit-2x-led-panels-30x30-mk-ii-bi-color\/"},"modified":"2026-04-13T20:39:25","modified_gmt":"2026-04-13T18:39:25","slug":"kit-2x-led-panels-30x30-bi-color","status":"publish","type":"product","link":"https:\/\/maxima-studios.com\/en\/product\/kit-2x-led-panels-30x30-bi-color\/","title":{"rendered":"KIT 2X LED PANELS 30X30 BI-COLOR"},"content":{"rendered":"<p>Le Kit Swit PL-E60 est un ensemble de deux panneaux LED bi-colore 60W de 30cm par\u00a0 30cm. La plage de temp\u00e9rature de couleur s\u2019\u00e9tend de 2700 \u00e0 6500K avec un tr\u00e8s bon CRI de 98 afin d\u2019assurer une reproduction pr\u00e9cise des couleurs.<\/p>\n<p>Ce kit vous permet de cr\u00e9er un setup lumi\u00e8re l\u00e9ger et polyvalent, pour \u00e9clairer un fond vert ou une interview de mani\u00e8re douce et homog\u00e8ne.<\/p>\n<p>Le PL-E60 est exclusivement contr\u00f4lable via son contr\u00f4leur, \u00e0 l\u2019aide d\u2019un dimmer pour la puissance de luminosit\u00e9 et d\u2019un dimmer pour la temp\u00e9rature de couleur, aditionn\u00e9 d\u2019un \u00e9cran montrant les informations concernant la batterie et les dimmers.<\/p>\n<p>Coupl\u00e9 \u00e0 une batterie V-Lock 190 Wh, son autonomie \u00e0 pleine puissance est de 3h.<\/p>\n<p><strong>Points forts:<\/strong><\/p>\n<ul>\n<li>Panneau LED compact<\/li>\n<li>Facile d&#8217;installation et d&#8217;utilisation<\/li>\n<li>Grande autonomie<\/li>\n<\/ul>","protected":false},"excerpt":{"rendered":"<p>2x Panneaux Led 30&#215;30<\/p>\n<p>Puissance : 60W<\/p>\n<p>T\u00b0 : 2 700 \u2013 6 500 K<\/p>","protected":false},"featured_media":9599,"template":"","meta":[],"product_cat":[255],"product_tag":[301,311,296,298],"class_list":{"0":"post-4160","1":"product","2":"type-product","3":"status-publish","4":"has-post-thumbnail","6":"product_cat-led-panel","7":"product_tag-30-120w","8":"product_tag-30w-ou-moins","9":"product_tag-bi-color","10":"product_tag-daylight","12":"first","13":"instock","14":"taxable","15":"shipping-taxable","16":"purchasable","17":"product-type-rentable"},"yoast_head":"<!-- This site is optimized with the Yoast SEO plugin v27.3 - https:\/\/yoast.com\/product\/yoast-seo-wordpress\/ -->\n<title>KIT 2X LED PANELS 30X30 BI-COLOR - Maximaloc<\/title>\n<meta name=\"robots\" content=\"index, follow, max-snippet:-1, max-image-preview:large, max-video-preview:-1\" \/>\n<link rel=\"canonical\" href=\"https:\/\/maxima-studios.com\/en\/product\/kit-2x-led-panels-30x30-bi-color\/\" \/>\n<meta property=\"og:locale\" content=\"en_US\" \/>\n<meta property=\"og:type\" content=\"article\" \/>\n<meta property=\"og:title\" content=\"KIT 2X LED PANELS 30X30 BI-COLOR - Maximaloc\" \/>\n<meta property=\"og:description\" content=\"2x Panneaux Led 30x30 Puissance : 60W T\u00b0 : 2 700 \u2013 6 500 K\" \/>\n<meta property=\"og:url\" content=\"https:\/\/maxima-studios.com\/en\/product\/kit-2x-led-panels-30x30-bi-color\/\" \/>\n<meta property=\"og:site_name\" content=\"Maximaloc\" \/>\n<meta property=\"article:publisher\" content=\"https:\/\/www.facebook.com\/Maximalocation\" \/>\n<meta property=\"article:modified_time\" content=\"2026-04-13T18:39:25+00:00\" \/>\n<meta property=\"og:image\" content=\"https:\/\/maxima-studios.com\/wp-content\/uploads\/2024\/03\/b49820_f128afdcc59546d398606108e3b4462bmv2.webp\" \/>\n\t<meta property=\"og:image:width\" content=\"1160\" \/>\n\t<meta property=\"og:image:height\" content=\"840\" \/>\n\t<meta property=\"og:image:type\" content=\"image\/webp\" \/>\n<meta name=\"twitter:card\" content=\"summary_large_image\" \/>\n<meta name=\"twitter:label1\" content=\"Est. reading time\" \/>\n\t<meta name=\"twitter:data1\" content=\"1 minute\" \/>\n<script type=\"application\/ld+json\" class=\"yoast-schema-graph\">{\"@context\":\"https:\\\/\\\/schema.org\",\"@graph\":[{\"@type\":\"WebPage\",\"@id\":\"https:\\\/\\\/maxima-studios.com\\\/produit\\\/kit-2x-led-panels-30x30-bi-color\\\/\",\"url\":\"https:\\\/\\\/maxima-studios.com\\\/produit\\\/kit-2x-led-panels-30x30-bi-color\\\/\",\"name\":\"KIT 2X LED PANELS 30X30 BI-COLOR - Maximaloc\",\"isPartOf\":{\"@id\":\"https:\\\/\\\/maxima-studios.com\\\/#website\"},\"primaryImageOfPage\":{\"@id\":\"https:\\\/\\\/maxima-studios.com\\\/produit\\\/kit-2x-led-panels-30x30-bi-color\\\/#primaryimage\"},\"image\":{\"@id\":\"https:\\\/\\\/maxima-studios.com\\\/produit\\\/kit-2x-led-panels-30x30-bi-color\\\/#primaryimage\"},\"thumbnailUrl\":\"https:\\\/\\\/maxima-studios.com\\\/wp-content\\\/uploads\\\/2024\\\/03\\\/b49820_f128afdcc59546d398606108e3b4462bmv2.webp\",\"datePublished\":\"2024-03-21T12:42:29+00:00\",\"dateModified\":\"2026-04-13T18:39:25+00:00\",\"breadcrumb\":{\"@id\":\"https:\\\/\\\/maxima-studios.com\\\/produit\\\/kit-2x-led-panels-30x30-bi-color\\\/#breadcrumb\"},\"inLanguage\":\"en-US\",\"potentialAction\":[{\"@type\":\"ReadAction\",\"target\":[\"https:\\\/\\\/maxima-studios.com\\\/produit\\\/kit-2x-led-panels-30x30-bi-color\\\/\"]}]},{\"@type\":\"ImageObject\",\"inLanguage\":\"en-US\",\"@id\":\"https:\\\/\\\/maxima-studios.com\\\/produit\\\/kit-2x-led-panels-30x30-bi-color\\\/#primaryimage\",\"url\":\"https:\\\/\\\/maxima-studios.com\\\/wp-content\\\/uploads\\\/2024\\\/03\\\/b49820_f128afdcc59546d398606108e3b4462bmv2.webp\",\"contentUrl\":\"https:\\\/\\\/maxima-studios.com\\\/wp-content\\\/uploads\\\/2024\\\/03\\\/b49820_f128afdcc59546d398606108e3b4462bmv2.webp\",\"width\":1160,\"height\":840,\"caption\":\"Kit de deux Led 30x30 en location chez Maximaloc\"},{\"@type\":\"BreadcrumbList\",\"@id\":\"https:\\\/\\\/maxima-studios.com\\\/produit\\\/kit-2x-led-panels-30x30-bi-color\\\/#breadcrumb\",\"itemListElement\":[{\"@type\":\"ListItem\",\"position\":1,\"name\":\"Accueil\",\"item\":\"https:\\\/\\\/maxima-studios.com\\\/\"},{\"@type\":\"ListItem\",\"position\":2,\"name\":\"BOUTIQUE\",\"item\":\"https:\\\/\\\/maxima-studios.com\\\/boutique\\\/\"},{\"@type\":\"ListItem\",\"position\":3,\"name\":\"KIT 2X LED PANELS 30X30 BI-COLOR\"}]},{\"@type\":\"WebSite\",\"@id\":\"https:\\\/\\\/maxima-studios.com\\\/#website\",\"url\":\"https:\\\/\\\/maxima-studios.com\\\/\",\"name\":\"Maximaloc\",\"description\":\"\",\"publisher\":{\"@id\":\"https:\\\/\\\/maxima-studios.com\\\/#organization\"},\"potentialAction\":[{\"@type\":\"SearchAction\",\"target\":{\"@type\":\"EntryPoint\",\"urlTemplate\":\"https:\\\/\\\/maxima-studios.com\\\/?s={search_term_string}\"},\"query-input\":{\"@type\":\"PropertyValueSpecification\",\"valueRequired\":true,\"valueName\":\"search_term_string\"}}],\"inLanguage\":\"en-US\"},{\"@type\":\"Organization\",\"@id\":\"https:\\\/\\\/maxima-studios.com\\\/#organization\",\"name\":\"Maximaloc\",\"url\":\"https:\\\/\\\/maxima-studios.com\\\/\",\"logo\":{\"@type\":\"ImageObject\",\"inLanguage\":\"en-US\",\"@id\":\"https:\\\/\\\/maxima-studios.com\\\/#\\\/schema\\\/logo\\\/image\\\/\",\"url\":\"https:\\\/\\\/maxima-studios.com\\\/wp-content\\\/uploads\\\/2024\\\/03\\\/logo_noir-scaled.png\",\"contentUrl\":\"https:\\\/\\\/maxima-studios.com\\\/wp-content\\\/uploads\\\/2024\\\/03\\\/logo_noir-scaled.png\",\"width\":2560,\"height\":268,\"caption\":\"Maximaloc\"},\"image\":{\"@id\":\"https:\\\/\\\/maxima-studios.com\\\/#\\\/schema\\\/logo\\\/image\\\/\"},\"sameAs\":[\"https:\\\/\\\/www.facebook.com\\\/Maximalocation\"]}]}<\/script>\n<!-- \/ Yoast SEO plugin. -->","yoast_head_json":{"title":"KIT 2X LED PANELS 30X30 BI-COLOR - Maximaloc","robots":{"index":"index","follow":"follow","max-snippet":"max-snippet:-1","max-image-preview":"max-image-preview:large","max-video-preview":"max-video-preview:-1"},"canonical":"https:\/\/maxima-studios.com\/en\/product\/kit-2x-led-panels-30x30-bi-color\/","og_locale":"en_US","og_type":"article","og_title":"KIT 2X LED PANELS 30X30 BI-COLOR - Maximaloc","og_description":"2x Panneaux Led 30x30 Puissance : 60W T\u00b0 : 2 700 \u2013 6 500 K","og_url":"https:\/\/maxima-studios.com\/en\/product\/kit-2x-led-panels-30x30-bi-color\/","og_site_name":"Maximaloc","article_publisher":"https:\/\/www.facebook.com\/Maximalocation","article_modified_time":"2026-04-13T18:39:25+00:00","og_image":[{"width":1160,"height":840,"url":"https:\/\/maxima-studios.com\/wp-content\/uploads\/2024\/03\/b49820_f128afdcc59546d398606108e3b4462bmv2.webp","type":"image\/webp"}],"twitter_card":"summary_large_image","twitter_misc":{"Est. reading time":"1 minute"},"schema":{"@context":"https:\/\/schema.org","@graph":[{"@type":"WebPage","@id":"https:\/\/maxima-studios.com\/produit\/kit-2x-led-panels-30x30-bi-color\/","url":"https:\/\/maxima-studios.com\/produit\/kit-2x-led-panels-30x30-bi-color\/","name":"KIT 2X LED PANELS 30X30 BI-COLOR - Maximaloc","isPartOf":{"@id":"https:\/\/maxima-studios.com\/#website"},"primaryImageOfPage":{"@id":"https:\/\/maxima-studios.com\/produit\/kit-2x-led-panels-30x30-bi-color\/#primaryimage"},"image":{"@id":"https:\/\/maxima-studios.com\/produit\/kit-2x-led-panels-30x30-bi-color\/#primaryimage"},"thumbnailUrl":"https:\/\/maxima-studios.com\/wp-content\/uploads\/2024\/03\/b49820_f128afdcc59546d398606108e3b4462bmv2.webp","datePublished":"2024-03-21T12:42:29+00:00","dateModified":"2026-04-13T18:39:25+00:00","breadcrumb":{"@id":"https:\/\/maxima-studios.com\/produit\/kit-2x-led-panels-30x30-bi-color\/#breadcrumb"},"inLanguage":"en-US","potentialAction":[{"@type":"ReadAction","target":["https:\/\/maxima-studios.com\/produit\/kit-2x-led-panels-30x30-bi-color\/"]}]},{"@type":"ImageObject","inLanguage":"en-US","@id":"https:\/\/maxima-studios.com\/produit\/kit-2x-led-panels-30x30-bi-color\/#primaryimage","url":"https:\/\/maxima-studios.com\/wp-content\/uploads\/2024\/03\/b49820_f128afdcc59546d398606108e3b4462bmv2.webp","contentUrl":"https:\/\/maxima-studios.com\/wp-content\/uploads\/2024\/03\/b49820_f128afdcc59546d398606108e3b4462bmv2.webp","width":1160,"height":840,"caption":"Kit de deux Led 30x30 en location chez Maximaloc"},{"@type":"BreadcrumbList","@id":"https:\/\/maxima-studios.com\/produit\/kit-2x-led-panels-30x30-bi-color\/#breadcrumb","itemListElement":[{"@type":"ListItem","position":1,"name":"Accueil","item":"https:\/\/maxima-studios.com\/"},{"@type":"ListItem","position":2,"name":"BOUTIQUE","item":"https:\/\/maxima-studios.com\/boutique\/"},{"@type":"ListItem","position":3,"name":"KIT 2X LED PANELS 30X30 BI-COLOR"}]},{"@type":"WebSite","@id":"https:\/\/maxima-studios.com\/#website","url":"https:\/\/maxima-studios.com\/","name":"Maximaloc","description":"","publisher":{"@id":"https:\/\/maxima-studios.com\/#organization"},"potentialAction":[{"@type":"SearchAction","target":{"@type":"EntryPoint","urlTemplate":"https:\/\/maxima-studios.com\/?s={search_term_string}"},"query-input":{"@type":"PropertyValueSpecification","valueRequired":true,"valueName":"search_term_string"}}],"inLanguage":"en-US"},{"@type":"Organization","@id":"https:\/\/maxima-studios.com\/#organization","name":"Maximaloc","url":"https:\/\/maxima-studios.com\/","logo":{"@type":"ImageObject","inLanguage":"en-US","@id":"https:\/\/maxima-studios.com\/#\/schema\/logo\/image\/","url":"https:\/\/maxima-studios.com\/wp-content\/uploads\/2024\/03\/logo_noir-scaled.png","contentUrl":"https:\/\/maxima-studios.com\/wp-content\/uploads\/2024\/03\/logo_noir-scaled.png","width":2560,"height":268,"caption":"Maximaloc"},"image":{"@id":"https:\/\/maxima-studios.com\/#\/schema\/logo\/image\/"},"sameAs":["https:\/\/www.facebook.com\/Maximalocation"]}]}},"_links":{"self":[{"href":"https:\/\/maxima-studios.com\/en\/wp-json\/wp\/v2\/product\/4160","targetHints":{"allow":["GET"]}}],"collection":[{"href":"https:\/\/maxima-studios.com\/en\/wp-json\/wp\/v2\/product"}],"about":[{"href":"https:\/\/maxima-studios.com\/en\/wp-json\/wp\/v2\/types\/product"}],"wp:featuredmedia":[{"embeddable":true,"href":"https:\/\/maxima-studios.com\/en\/wp-json\/wp\/v2\/media\/9599"}],"wp:attachment":[{"href":"https:\/\/maxima-studios.com\/en\/wp-json\/wp\/v2\/media?parent=4160"}],"wp:term":[{"taxonomy":"product_cat","embeddable":true,"href":"https:\/\/maxima-studios.com\/en\/wp-json\/wp\/v2\/product_cat?post=4160"},{"taxonomy":"product_tag","embeddable":true,"href":"https:\/\/maxima-studios.com\/en\/wp-json\/wp\/v2\/product_tag?post=4160"}],"curies":[{"name":"wp","href":"https:\/\/api.w.org\/{rel}","templated":true}]}}