 {"id":4146,"date":"2024-03-21T13:42:25","date_gmt":"2024-03-21T12:42:25","guid":{"rendered":"https:\/\/maxima-studios.com\/produit\/nanlite-mixpanel-60-rgb\/"},"modified":"2026-04-13T20:44:54","modified_gmt":"2026-04-13T18:44:54","slug":"nanlite-mixpanel-60-rgb","status":"publish","type":"product","link":"https:\/\/maxima-studios.com\/en\/product\/nanlite-mixpanel-60-rgb\/","title":{"rendered":"NANLITE MIXPANEL 60 RGB"},"content":{"rendered":"<p>Le Nanlite MixPanel 60 combine de mani\u00e8re unique trois sources de lumi\u00e8re LED dans un bo\u00eetier compact, vous donnant la possibilit\u00e9 de basculer entre la lumi\u00e8re intense, la lumi\u00e8re douce et la lumi\u00e8re color\u00e9e au simple toucher d&#8217;un bouton.<\/p>\n<p>Id\u00e9ale pour vos tournages Institutionnels et surtout de clip de musique et pub.\u00a0 Le Mixpanel 60 implement des effets et un panel de couleurs et temp\u00e9ratures pour r\u00e9pondre \u00e0 tous les besoins de tournage.<\/p>\n<p><strong>Points Fort:<\/strong><\/p>\n<ul>\n<li>Excellente fid\u00e9lit\u00e9 colorim\u00e9trique (CRI ~98, TLCI ~95)<\/li>\n<li>Compact et pratique<\/li>\n<li>Fonctionne sur secteur ou batterie V\u2011Mount.<\/li>\n<\/ul>\n<p>\u00a0<\/p>","protected":false},"excerpt":{"rendered":"<p>Panneau Led RGB<\/p>\n<p>Puissance : 64W\u00a0<\/p>\n<p>T\u00b0 : RGB \/ 2700 &#8211; 7500K<\/p>\n<p>Taille : 43 x 37 cm<\/p>","protected":false},"featured_media":9443,"template":"","meta":[],"product_cat":[255],"product_tag":[301,311,296,298,306,299],"class_list":{"0":"post-4146","1":"product","2":"type-product","3":"status-publish","4":"has-post-thumbnail","6":"product_cat-led-panel","7":"product_tag-30-120w","8":"product_tag-30w-ou-moins","9":"product_tag-bi-color","10":"product_tag-daylight","11":"product_tag-nanlite","12":"product_tag-rgb","14":"first","15":"instock","16":"taxable","17":"shipping-taxable","18":"purchasable","19":"product-type-rentable"},"_links":{"self":[{"href":"https:\/\/maxima-studios.com\/en\/wp-json\/wp\/v2\/product\/4146","targetHints":{"allow":["GET"]}}],"collection":[{"href":"https:\/\/maxima-studios.com\/en\/wp-json\/wp\/v2\/product"}],"about":[{"href":"https:\/\/maxima-studios.com\/en\/wp-json\/wp\/v2\/types\/product"}],"wp:featuredmedia":[{"embeddable":true,"href":"https:\/\/maxima-studios.com\/en\/wp-json\/wp\/v2\/media\/9443"}],"wp:attachment":[{"href":"https:\/\/maxima-studios.com\/en\/wp-json\/wp\/v2\/media?parent=4146"}],"wp:term":[{"taxonomy":"product_cat","embeddable":true,"href":"https:\/\/maxima-studios.com\/en\/wp-json\/wp\/v2\/product_cat?post=4146"},{"taxonomy":"product_tag","embeddable":true,"href":"https:\/\/maxima-studios.com\/en\/wp-json\/wp\/v2\/product_tag?post=4146"}],"curies":[{"name":"wp","href":"https:\/\/api.w.org\/{rel}","templated":true}]}}