 {"id":4144,"date":"2024-03-21T13:42:25","date_gmt":"2024-03-21T12:42:25","guid":{"rendered":"https:\/\/maxima-studios.com\/produit\/aputure-cob-1200d-pro\/"},"modified":"2026-04-13T20:41:20","modified_gmt":"2026-04-13T18:41:20","slug":"aputure-cob-1200d-pro","status":"publish","type":"product","link":"https:\/\/maxima-studios.com\/en\/product\/aputure-cob-1200d-pro\/","title":{"rendered":"APUTURE COB 1200D PRO"},"content":{"rendered":"<p>L\u2019Aputure LS 1200D Pro est un \u00e9clairage COB LED 5600K de 1440W, il permet de reproduire une grande et puissante lumi\u00e8re du jour.<\/p>\n<p>\u00a0<\/p>\n<p>Le COB 1200D est deux fois plus puissant que la s\u00e9rie des COB 600. Avec sa monture Bowens, il est compatible avec une multitude d\u2019accessoires qui modifient la lumi\u00e8re en fonction des besoins. Que ce soit avec une Fresnel F10 pour diriger la lumi\u00e8re, une Spotlight avec nez optique pour focaliser, tailler ou encore projeter des motifs, une softbox ou une boule chinoise pour diffuser la lumi\u00e8re et obtenir un \u00e9clairage doux, le COB 1200D permet de r\u00e9pondre \u00e0 une grande de situations d\u2019\u00e9clairage.<\/p>\n<p>\u00a0<\/p>\n<p>Le COB 1200D peut \u00eatre contr\u00f4l\u00e9 directement via son contr\u00f4leur, mais aussi \u00e0 distance via l&#8217;application Sidus Link. Cela s\u2019av\u00e8re particuli\u00e8rement pratique pour ajuster les r\u00e9glages lorsque le projecteur est install\u00e9 dans un endroit peu accessible, en hauteur sur un boom par exemple.<\/p>\n<p>\u00a0<\/p>\n<p>Le COB 1200D Pro r\u00e9siste \u00e0 l\u2019eau et \u00e0 la poussi\u00e8re (IP54), ce qui en fait un alli\u00e9 de choix pour les tournages en ext\u00e9rieur, il peut \u00eatre coupl\u00e9 \u00e0 une batterie externe de grande capacit\u00e9 comme l\u2019Ecoflow 3,6 kWh, vous aurez une puissante source de lumi\u00e8re \u00e0 port\u00e9e de main.<\/p>\n<p>\u00a0<\/p>\n<p><strong>Points Forts :\u00a0<\/strong><\/p>\n<ul>\n<li>Puissance de 1440W<\/li>\n<li>Contr\u00f4le complet pro \u2013 DMX, CRMX LumenRadio, Sidus Link, Art-Net \/ sACN<\/li>\n<li>8 effets d\u2019\u00e9clairage : Paparazzi, Fireworks, Lightning, Faulty Bulb, TV, Pulsing, Strobe, &amp; Explosion<\/li>\n<li>R\u00e9siste aux intemp\u00e9ries<\/li>\n<\/ul>","protected":false},"excerpt":{"rendered":"<p>Eclairage COB LED\u00a0<\/p>\n<p>Puissance: 1440W<\/p>\n<p>T\u00b0: DayLight 5600 K<\/p>\n<p>Equivalence: HMI\u00a02.5 KW<\/p>\n<p>Monture: Bowens<\/p>","protected":false},"featured_media":19101,"template":"","meta":[],"product_cat":[252],"product_tag":[297,294,301,311,295,298],"class_list":{"0":"post-4144","1":"product","2":"type-product","3":"status-publish","4":"has-post-thumbnail","6":"product_cat-cob","7":"product_tag-600w-ou-plus","8":"product_tag-180-400w","9":"product_tag-30-120w","10":"product_tag-30w-ou-moins","11":"product_tag-aputure","12":"product_tag-daylight","14":"first","15":"instock","16":"taxable","17":"shipping-taxable","18":"purchasable","19":"product-type-rentable"},"_links":{"self":[{"href":"https:\/\/maxima-studios.com\/en\/wp-json\/wp\/v2\/product\/4144","targetHints":{"allow":["GET"]}}],"collection":[{"href":"https:\/\/maxima-studios.com\/en\/wp-json\/wp\/v2\/product"}],"about":[{"href":"https:\/\/maxima-studios.com\/en\/wp-json\/wp\/v2\/types\/product"}],"wp:featuredmedia":[{"embeddable":true,"href":"https:\/\/maxima-studios.com\/en\/wp-json\/wp\/v2\/media\/19101"}],"wp:attachment":[{"href":"https:\/\/maxima-studios.com\/en\/wp-json\/wp\/v2\/media?parent=4144"}],"wp:term":[{"taxonomy":"product_cat","embeddable":true,"href":"https:\/\/maxima-studios.com\/en\/wp-json\/wp\/v2\/product_cat?post=4144"},{"taxonomy":"product_tag","embeddable":true,"href":"https:\/\/maxima-studios.com\/en\/wp-json\/wp\/v2\/product_tag?post=4144"}],"curies":[{"name":"wp","href":"https:\/\/api.w.org\/{rel}","templated":true}]}}