 {"id":4142,"date":"2024-03-21T13:42:24","date_gmt":"2024-03-21T12:42:24","guid":{"rendered":"https:\/\/maxima-studios.com\/produit\/aputure-cob-600d-pro\/"},"modified":"2026-04-13T20:43:57","modified_gmt":"2026-04-13T18:43:57","slug":"aputure-cob-600d-pro","status":"publish","type":"product","link":"https:\/\/maxima-studios.com\/en\/product\/aputure-cob-600d-pro\/","title":{"rendered":"APUTURE COB 600D PRO"},"content":{"rendered":"<p>Le Aputure LS 600D Pro (V-Mount) est un projecteur LED COB qui offre une puissance de 720W et luminosit\u00e9 exceptionnelle, comparable \u00e0 un HMI de 1200w. Sa temp\u00e9rature de couleur constante \u00e0 5600K et son indice CRI \/ TLCI \u00e9lev\u00e9 de 96, en fait le projecteur id\u00e9al de prise de vue en ext\u00e9rieur.\u00a0 Le COB LS 600D est l\u2019outil id\u00e9al pour \u00e9clairer vos projets vid\u00e9os et photo que ca soit en int\u00e9rieur ou \u00e0 l&#8217;ext\u00e9rieur gr\u00e2ce \u00e0 des solutions d\u2019alimentation par batterie: batteries V-Mount et Gold Mount ou des g\u00e9n\u00e9rateurs \u00e9lectriques type Ecoflow Delta Pro ou Anker Powerhouse (disponibles \u00e9galement en location). Le COB 600D peut \u00eatre contr\u00f4l\u00e9 via son contr\u00f4leur ou sans fil \u00e0 distance via la t\u00e9l\u00e9commande sans fil 2,4 GHz incluse, l&#8217;application mobile Sidus Link et le contr\u00f4le DMX sans fil int\u00e9gr\u00e9, utile lorsque votre lumi\u00e8re est mont\u00e9e au-dessus ou dans un endroit difficile \u00e0 atteindre.\u00a0<\/p>\n<p>Le 600x Pro r\u00e9siste \u00e0 l\u2019eau et \u00e0 la poussi\u00e8re (IP54), lui permettant de faire face aux conditions difficiles. Parmi ses autres caract\u00e9ristiques impressionnantes, on trouve huit effets d\u2019\u00e9clairage int\u00e9gr\u00e9s: Paparazzi, Fireworks, Lightning, Faulty Bulb, TV, Pulsing, Strobe, Explosion et Fire.<\/p>\n<p>\u00a0<\/p>\n<p><strong>Points forts :<\/strong><\/p>\n<ul>\n<li>200 000 lux \u00e0 1m (Fresnel F10)<\/li>\n<li>Puissance : 720W\u00a0<\/li>\n<li>Equivalent HMI 1.2KW<\/li>\n<li>Equivalent 4kw Tungstene<\/li>\n<li>Contr\u00f4le sans fil<\/li>\n<li>Alim V-Lock<\/li>\n<li>R\u00e9sistance : IP54<\/li>\n<\/ul>","protected":false},"excerpt":{"rendered":"<p>Eclairage COB LED\u00a0<\/p>\n<p>Puissance : 720W<\/p>\n<p>T\u00b0: DayLight 5600 K<\/p>\n<p>Monture : Bowens<\/p>","protected":false},"featured_media":9330,"template":"","meta":[],"product_cat":[252],"product_tag":[297,294,301,311,295,298],"class_list":{"0":"post-4142","1":"product","2":"type-product","3":"status-publish","4":"has-post-thumbnail","6":"product_cat-cob","7":"product_tag-600w-ou-plus","8":"product_tag-180-400w","9":"product_tag-30-120w","10":"product_tag-30w-ou-moins","11":"product_tag-aputure","12":"product_tag-daylight","14":"first","15":"instock","16":"taxable","17":"shipping-taxable","18":"purchasable","19":"product-type-rentable"},"yoast_head":"<!-- This site is optimized with the Yoast SEO plugin v27.3 - https:\/\/yoast.com\/product\/yoast-seo-wordpress\/ -->\n<title>APUTURE COB 600D PRO - Maximaloc<\/title>\n<meta name=\"robots\" content=\"index, follow, max-snippet:-1, max-image-preview:large, max-video-preview:-1\" \/>\n<link rel=\"canonical\" href=\"https:\/\/maxima-studios.com\/en\/product\/aputure-cob-600d-pro\/\" \/>\n<meta property=\"og:locale\" content=\"en_US\" \/>\n<meta property=\"og:type\" content=\"article\" \/>\n<meta property=\"og:title\" content=\"APUTURE COB 600D PRO - Maximaloc\" \/>\n<meta property=\"og:description\" content=\"Eclairage COB LED\u00a0 Puissance : 720W T\u00b0: DayLight 5600 K Monture : Bowens\" \/>\n<meta property=\"og:url\" content=\"https:\/\/maxima-studios.com\/en\/product\/aputure-cob-600d-pro\/\" \/>\n<meta property=\"og:site_name\" content=\"Maximaloc\" \/>\n<meta property=\"article:publisher\" content=\"https:\/\/www.facebook.com\/Maximalocation\" \/>\n<meta property=\"article:modified_time\" content=\"2026-04-13T18:43:57+00:00\" \/>\n<meta property=\"og:image\" content=\"https:\/\/maxima-studios.com\/wp-content\/uploads\/2024\/03\/cob-600d.webp\" \/>\n\t<meta property=\"og:image:width\" content=\"580\" \/>\n\t<meta property=\"og:image:height\" content=\"420\" \/>\n\t<meta property=\"og:image:type\" content=\"image\/webp\" \/>\n<meta name=\"twitter:card\" content=\"summary_large_image\" \/>\n<meta name=\"twitter:label1\" content=\"Est. reading time\" \/>\n\t<meta name=\"twitter:data1\" content=\"2 minutes\" \/>\n<script type=\"application\/ld+json\" class=\"yoast-schema-graph\">{\"@context\":\"https:\\\/\\\/schema.org\",\"@graph\":[{\"@type\":\"WebPage\",\"@id\":\"https:\\\/\\\/maxima-studios.com\\\/produit\\\/aputure-cob-600d-pro\\\/\",\"url\":\"https:\\\/\\\/maxima-studios.com\\\/produit\\\/aputure-cob-600d-pro\\\/\",\"name\":\"APUTURE COB 600D PRO - Maximaloc\",\"isPartOf\":{\"@id\":\"https:\\\/\\\/maxima-studios.com\\\/#website\"},\"primaryImageOfPage\":{\"@id\":\"https:\\\/\\\/maxima-studios.com\\\/produit\\\/aputure-cob-600d-pro\\\/#primaryimage\"},\"image\":{\"@id\":\"https:\\\/\\\/maxima-studios.com\\\/produit\\\/aputure-cob-600d-pro\\\/#primaryimage\"},\"thumbnailUrl\":\"https:\\\/\\\/maxima-studios.com\\\/wp-content\\\/uploads\\\/2024\\\/03\\\/cob-600d.webp\",\"datePublished\":\"2024-03-21T12:42:24+00:00\",\"dateModified\":\"2026-04-13T18:43:57+00:00\",\"breadcrumb\":{\"@id\":\"https:\\\/\\\/maxima-studios.com\\\/produit\\\/aputure-cob-600d-pro\\\/#breadcrumb\"},\"inLanguage\":\"en-US\",\"potentialAction\":[{\"@type\":\"ReadAction\",\"target\":[\"https:\\\/\\\/maxima-studios.com\\\/produit\\\/aputure-cob-600d-pro\\\/\"]}]},{\"@type\":\"ImageObject\",\"inLanguage\":\"en-US\",\"@id\":\"https:\\\/\\\/maxima-studios.com\\\/produit\\\/aputure-cob-600d-pro\\\/#primaryimage\",\"url\":\"https:\\\/\\\/maxima-studios.com\\\/wp-content\\\/uploads\\\/2024\\\/03\\\/cob-600d.webp\",\"contentUrl\":\"https:\\\/\\\/maxima-studios.com\\\/wp-content\\\/uploads\\\/2024\\\/03\\\/cob-600d.webp\",\"width\":580,\"height\":420,\"caption\":\"\u00c9clairage de tournage Led Apture COB 600D avec bol \u00e0 la location\"},{\"@type\":\"BreadcrumbList\",\"@id\":\"https:\\\/\\\/maxima-studios.com\\\/produit\\\/aputure-cob-600d-pro\\\/#breadcrumb\",\"itemListElement\":[{\"@type\":\"ListItem\",\"position\":1,\"name\":\"Accueil\",\"item\":\"https:\\\/\\\/maxima-studios.com\\\/\"},{\"@type\":\"ListItem\",\"position\":2,\"name\":\"BOUTIQUE\",\"item\":\"https:\\\/\\\/maxima-studios.com\\\/boutique\\\/\"},{\"@type\":\"ListItem\",\"position\":3,\"name\":\"APUTURE COB 600D PRO\"}]},{\"@type\":\"WebSite\",\"@id\":\"https:\\\/\\\/maxima-studios.com\\\/#website\",\"url\":\"https:\\\/\\\/maxima-studios.com\\\/\",\"name\":\"Maximaloc\",\"description\":\"\",\"publisher\":{\"@id\":\"https:\\\/\\\/maxima-studios.com\\\/#organization\"},\"potentialAction\":[{\"@type\":\"SearchAction\",\"target\":{\"@type\":\"EntryPoint\",\"urlTemplate\":\"https:\\\/\\\/maxima-studios.com\\\/?s={search_term_string}\"},\"query-input\":{\"@type\":\"PropertyValueSpecification\",\"valueRequired\":true,\"valueName\":\"search_term_string\"}}],\"inLanguage\":\"en-US\"},{\"@type\":\"Organization\",\"@id\":\"https:\\\/\\\/maxima-studios.com\\\/#organization\",\"name\":\"Maximaloc\",\"url\":\"https:\\\/\\\/maxima-studios.com\\\/\",\"logo\":{\"@type\":\"ImageObject\",\"inLanguage\":\"en-US\",\"@id\":\"https:\\\/\\\/maxima-studios.com\\\/#\\\/schema\\\/logo\\\/image\\\/\",\"url\":\"https:\\\/\\\/maxima-studios.com\\\/wp-content\\\/uploads\\\/2024\\\/03\\\/logo_noir-scaled.png\",\"contentUrl\":\"https:\\\/\\\/maxima-studios.com\\\/wp-content\\\/uploads\\\/2024\\\/03\\\/logo_noir-scaled.png\",\"width\":2560,\"height\":268,\"caption\":\"Maximaloc\"},\"image\":{\"@id\":\"https:\\\/\\\/maxima-studios.com\\\/#\\\/schema\\\/logo\\\/image\\\/\"},\"sameAs\":[\"https:\\\/\\\/www.facebook.com\\\/Maximalocation\"]}]}<\/script>\n<!-- \/ Yoast SEO plugin. -->","yoast_head_json":{"title":"APUTURE COB 600D PRO - Maximaloc","robots":{"index":"index","follow":"follow","max-snippet":"max-snippet:-1","max-image-preview":"max-image-preview:large","max-video-preview":"max-video-preview:-1"},"canonical":"https:\/\/maxima-studios.com\/en\/product\/aputure-cob-600d-pro\/","og_locale":"en_US","og_type":"article","og_title":"APUTURE COB 600D PRO - Maximaloc","og_description":"Eclairage COB LED\u00a0 Puissance : 720W T\u00b0: DayLight 5600 K Monture : Bowens","og_url":"https:\/\/maxima-studios.com\/en\/product\/aputure-cob-600d-pro\/","og_site_name":"Maximaloc","article_publisher":"https:\/\/www.facebook.com\/Maximalocation","article_modified_time":"2026-04-13T18:43:57+00:00","og_image":[{"width":580,"height":420,"url":"https:\/\/maxima-studios.com\/wp-content\/uploads\/2024\/03\/cob-600d.webp","type":"image\/webp"}],"twitter_card":"summary_large_image","twitter_misc":{"Est. reading time":"2 minutes"},"schema":{"@context":"https:\/\/schema.org","@graph":[{"@type":"WebPage","@id":"https:\/\/maxima-studios.com\/produit\/aputure-cob-600d-pro\/","url":"https:\/\/maxima-studios.com\/produit\/aputure-cob-600d-pro\/","name":"APUTURE COB 600D PRO - Maximaloc","isPartOf":{"@id":"https:\/\/maxima-studios.com\/#website"},"primaryImageOfPage":{"@id":"https:\/\/maxima-studios.com\/produit\/aputure-cob-600d-pro\/#primaryimage"},"image":{"@id":"https:\/\/maxima-studios.com\/produit\/aputure-cob-600d-pro\/#primaryimage"},"thumbnailUrl":"https:\/\/maxima-studios.com\/wp-content\/uploads\/2024\/03\/cob-600d.webp","datePublished":"2024-03-21T12:42:24+00:00","dateModified":"2026-04-13T18:43:57+00:00","breadcrumb":{"@id":"https:\/\/maxima-studios.com\/produit\/aputure-cob-600d-pro\/#breadcrumb"},"inLanguage":"en-US","potentialAction":[{"@type":"ReadAction","target":["https:\/\/maxima-studios.com\/produit\/aputure-cob-600d-pro\/"]}]},{"@type":"ImageObject","inLanguage":"en-US","@id":"https:\/\/maxima-studios.com\/produit\/aputure-cob-600d-pro\/#primaryimage","url":"https:\/\/maxima-studios.com\/wp-content\/uploads\/2024\/03\/cob-600d.webp","contentUrl":"https:\/\/maxima-studios.com\/wp-content\/uploads\/2024\/03\/cob-600d.webp","width":580,"height":420,"caption":"\u00c9clairage de tournage Led Apture COB 600D avec bol \u00e0 la location"},{"@type":"BreadcrumbList","@id":"https:\/\/maxima-studios.com\/produit\/aputure-cob-600d-pro\/#breadcrumb","itemListElement":[{"@type":"ListItem","position":1,"name":"Accueil","item":"https:\/\/maxima-studios.com\/"},{"@type":"ListItem","position":2,"name":"BOUTIQUE","item":"https:\/\/maxima-studios.com\/boutique\/"},{"@type":"ListItem","position":3,"name":"APUTURE COB 600D PRO"}]},{"@type":"WebSite","@id":"https:\/\/maxima-studios.com\/#website","url":"https:\/\/maxima-studios.com\/","name":"Maximaloc","description":"","publisher":{"@id":"https:\/\/maxima-studios.com\/#organization"},"potentialAction":[{"@type":"SearchAction","target":{"@type":"EntryPoint","urlTemplate":"https:\/\/maxima-studios.com\/?s={search_term_string}"},"query-input":{"@type":"PropertyValueSpecification","valueRequired":true,"valueName":"search_term_string"}}],"inLanguage":"en-US"},{"@type":"Organization","@id":"https:\/\/maxima-studios.com\/#organization","name":"Maximaloc","url":"https:\/\/maxima-studios.com\/","logo":{"@type":"ImageObject","inLanguage":"en-US","@id":"https:\/\/maxima-studios.com\/#\/schema\/logo\/image\/","url":"https:\/\/maxima-studios.com\/wp-content\/uploads\/2024\/03\/logo_noir-scaled.png","contentUrl":"https:\/\/maxima-studios.com\/wp-content\/uploads\/2024\/03\/logo_noir-scaled.png","width":2560,"height":268,"caption":"Maximaloc"},"image":{"@id":"https:\/\/maxima-studios.com\/#\/schema\/logo\/image\/"},"sameAs":["https:\/\/www.facebook.com\/Maximalocation"]}]}},"_links":{"self":[{"href":"https:\/\/maxima-studios.com\/en\/wp-json\/wp\/v2\/product\/4142","targetHints":{"allow":["GET"]}}],"collection":[{"href":"https:\/\/maxima-studios.com\/en\/wp-json\/wp\/v2\/product"}],"about":[{"href":"https:\/\/maxima-studios.com\/en\/wp-json\/wp\/v2\/types\/product"}],"wp:featuredmedia":[{"embeddable":true,"href":"https:\/\/maxima-studios.com\/en\/wp-json\/wp\/v2\/media\/9330"}],"wp:attachment":[{"href":"https:\/\/maxima-studios.com\/en\/wp-json\/wp\/v2\/media?parent=4142"}],"wp:term":[{"taxonomy":"product_cat","embeddable":true,"href":"https:\/\/maxima-studios.com\/en\/wp-json\/wp\/v2\/product_cat?post=4142"},{"taxonomy":"product_tag","embeddable":true,"href":"https:\/\/maxima-studios.com\/en\/wp-json\/wp\/v2\/product_tag?post=4142"}],"curies":[{"name":"wp","href":"https:\/\/api.w.org\/{rel}","templated":true}]}}