 {"id":4138,"date":"2024-03-21T13:42:23","date_gmt":"2024-03-21T12:42:23","guid":{"rendered":"https:\/\/maxima-studios.com\/produit\/aputure-lanterne-space-light-jupe\/"},"modified":"2026-04-13T20:10:38","modified_gmt":"2026-04-13T18:10:38","slug":"aputure-lanterne-space-light","status":"publish","type":"product","link":"https:\/\/maxima-studios.com\/en\/product\/aputure-lanterne-space-light\/","title":{"rendered":"APUTURE LANTERNE \/ SPACE LIGHT"},"content":{"rendered":"<p>Con\u00e7ue pour les Aputure COB, la diff Space Light peut \u00eatre utilis\u00e9e pour obtenir une source de lumi\u00e8re large, douce et homog\u00e8ne. Avec ses 72 cm de long pour 46cm de diam\u00e8tre, cet accessoire se fixe sur les projecteurs COB en monture Bowens, du COB 120 au COB 600.<\/p>\n<p>\u00a0<\/p>\n<p>Le Space Light est \u00e9quip\u00e9 d&#8217;une jupe amovible avec un c\u00f4t\u00e9 noir et c\u00f4t\u00e9 argent\u00e9, afin de vous permettre de diriger la lumi\u00e8re si vous ne souhaitez pas un \u00e9clairage \u00e0 360\u00b0.<\/p>","protected":false},"excerpt":{"rendered":"<p>Lanterne<\/p>\n<p>Diff cylindrique\u00a0<\/p>\n<p>Monture : Bol Bowens<\/p>","protected":false},"featured_media":19099,"template":"","meta":[],"product_cat":[308],"product_tag":[],"class_list":{"0":"post-4138","1":"product","2":"type-product","3":"status-publish","4":"has-post-thumbnail","6":"product_cat-monture-bowen","8":"first","9":"instock","10":"taxable","11":"shipping-taxable","12":"purchasable","13":"product-type-rentable"},"_links":{"self":[{"href":"https:\/\/maxima-studios.com\/en\/wp-json\/wp\/v2\/product\/4138","targetHints":{"allow":["GET"]}}],"collection":[{"href":"https:\/\/maxima-studios.com\/en\/wp-json\/wp\/v2\/product"}],"about":[{"href":"https:\/\/maxima-studios.com\/en\/wp-json\/wp\/v2\/types\/product"}],"wp:featuredmedia":[{"embeddable":true,"href":"https:\/\/maxima-studios.com\/en\/wp-json\/wp\/v2\/media\/19099"}],"wp:attachment":[{"href":"https:\/\/maxima-studios.com\/en\/wp-json\/wp\/v2\/media?parent=4138"}],"wp:term":[{"taxonomy":"product_cat","embeddable":true,"href":"https:\/\/maxima-studios.com\/en\/wp-json\/wp\/v2\/product_cat?post=4138"},{"taxonomy":"product_tag","embeddable":true,"href":"https:\/\/maxima-studios.com\/en\/wp-json\/wp\/v2\/product_tag?post=4138"}],"curies":[{"name":"wp","href":"https:\/\/api.w.org\/{rel}","templated":true}]}}