 {"id":4086,"date":"2024-03-21T13:42:04","date_gmt":"2024-03-21T12:42:04","guid":{"rendered":"https:\/\/maxima-studios.com\/produit\/tamron-150-500mm-f5-67-di-iii-vc-vxd-e\/"},"modified":"2026-04-13T20:09:33","modified_gmt":"2026-04-13T18:09:33","slug":"tamron-150-500-f5-67-di-iii-vc-e","status":"publish","type":"product","link":"https:\/\/maxima-studios.com\/en\/product\/tamron-150-500-f5-67-di-iii-vc-e\/","title":{"rendered":"TAMRON 150-500 F5-6,7 Di III VC E"},"content":{"rendered":"<p>Le Tamron 150-500mm f\/5-6.7 Di III VXD est un objectif zoom super-t\u00e9l\u00e9objectif compact et polyvalent, adapt\u00e9 \u00e0 la prise de vue de sujets n\u00e9cessitant d\u2019\u00eatre \u00e0 distance, comme la photographie sportive ou animali\u00e8re. Cet objectif est optimis\u00e9 pour les appareils photo plein format et peut \u00e9galement \u00eatre utilis\u00e9 sur les appareils photo APS-C avec une plage de focales \u00e9quivalente de 225-750 mm.<\/p>\n<p>\u00a0<\/p>\n<p>Il est \u00e9quip\u00e9 d&#8217;un syst\u00e8me de stabilisation d&#8217;image VC (Vibration Compensation) qui r\u00e9duit efficacement les vibrations de l&#8217;appareil photo, ce qui vous permet de capturer des images nettes m\u00eame \u00e0 main lev\u00e9e et \u00e0 longue focale. Le Tamron 150-500mm F5-6.7 Di III VXD est dot\u00e9 d&#8217;une mise au point automatique rapide et pr\u00e9cise gr\u00e2ce \u00e0 son moteur VXD qui assure une r\u00e9activit\u00e9 optimale et un suivi pr\u00e9cis des sujets en mouvement.<\/p>\n<p>\u00a0<\/p>\n<p><strong>Points Forts :<\/strong><\/p>\n<ul>\n<li>Compact pour sa plage focale<\/li>\n<li>Autofocus rapide et silencieux<\/li>\n<li>Stabilisation tr\u00e8s performante<\/li>\n<\/ul>","protected":false},"excerpt":{"rendered":"<p>Super-T\u00e9l\u00e9objectif stabilis\u00e9<\/p>\n<p>Monture : Sony E<\/p>\n<p>Couverture : Full Frame<\/p>\n<p>Diam\u00e8tre de filtre : 82 mm<br \/>\u00a0<br \/>\u00a0<br \/>\u00a0<br \/>\u00a0<\/p>","protected":false},"featured_media":9088,"template":"","meta":[],"product_cat":[232],"product_tag":[197,273,285,291,283,242],"class_list":{"0":"post-4086","1":"product","2":"type-product","3":"status-publish","4":"has-post-thumbnail","6":"product_cat-sony-e","7":"product_tag-full-frame-24x36","8":"product_tag-autofocus","9":"product_tag-stabilise","10":"product_tag-tamron","11":"product_tag-tele-objectif","12":"product_tag-zoom","14":"first","15":"instock","16":"taxable","17":"shipping-taxable","18":"purchasable","19":"product-type-rentable"},"_links":{"self":[{"href":"https:\/\/maxima-studios.com\/en\/wp-json\/wp\/v2\/product\/4086","targetHints":{"allow":["GET"]}}],"collection":[{"href":"https:\/\/maxima-studios.com\/en\/wp-json\/wp\/v2\/product"}],"about":[{"href":"https:\/\/maxima-studios.com\/en\/wp-json\/wp\/v2\/types\/product"}],"wp:featuredmedia":[{"embeddable":true,"href":"https:\/\/maxima-studios.com\/en\/wp-json\/wp\/v2\/media\/9088"}],"wp:attachment":[{"href":"https:\/\/maxima-studios.com\/en\/wp-json\/wp\/v2\/media?parent=4086"}],"wp:term":[{"taxonomy":"product_cat","embeddable":true,"href":"https:\/\/maxima-studios.com\/en\/wp-json\/wp\/v2\/product_cat?post=4086"},{"taxonomy":"product_tag","embeddable":true,"href":"https:\/\/maxima-studios.com\/en\/wp-json\/wp\/v2\/product_tag?post=4086"}],"curies":[{"name":"wp","href":"https:\/\/api.w.org\/{rel}","templated":true}]}}