 {"id":4072,"date":"2024-03-21T13:42:00","date_gmt":"2024-03-21T12:42:00","guid":{"rendered":"https:\/\/maxima-studios.com\/produit\/serie-8x-dzo-vespid-prime-cine-pl\/"},"modified":"2026-04-13T20:09:22","modified_gmt":"2026-04-13T18:09:22","slug":"serie-8x-dzo-vespid-prime-cine-pl","status":"publish","type":"product","link":"https:\/\/maxima-studios.com\/en\/product\/serie-8x-dzo-vespid-prime-cine-pl\/","title":{"rendered":"S\u00c9RIE 8x DZO VESPID PRIME CINE PL"},"content":{"rendered":"<p>Les optiques de la s\u00e9rie Vespid de chez DZOFilm sont des objectifs de haute qualit\u00e9 con\u00e7us pour les professionnels de l&#8217;industrie cin\u00e9matographique. La s\u00e9rie inclut des optiques fixes allant du 16mm au 125mm qui ouvrent \u00e0 T2.1 \u00e0 l\u2019exception du 16mm et du 90mm macro qui ont une ouverture de T2.8.\u00a0<\/p>\n<p>Ces optiques sont construites avec des mat\u00e9riaux de haute qualit\u00e9, notamment un bo\u00eetier en aluminium l\u00e9ger et robuste avec un diam\u00e8tre ext\u00e9rieur unique de 80mm. Elles sont \u00e9galement dot\u00e9es d&#8217;une bague de diaphragme manuelle fluide et d&#8217;une bague de mise au point manuelle pour un contr\u00f4le pr\u00e9cis de la mise au point et disposent d\u2019un diaphragme \u00e0 11 lamelles pour des bokeh doux et naturels.<\/p>\n<p>Chaque objectif est dot\u00e9 d&#8217;une construction optique avanc\u00e9e, avec des lentilles asph\u00e9riques et en verre \u00e0 faible dispersion, offrant une qualit\u00e9 d&#8217;image sup\u00e9rieure, une nettet\u00e9 accrue et une distorsion minimale. Les lentilles sont \u00e9galement trait\u00e9es avec un rev\u00eatement multicouche pour minimiser les reflets et les flares.<\/p>","protected":false},"excerpt":{"rendered":"<p>S\u00e9rie cin\u00e9ma DZOFilm Vespid Prime\u00a0<\/p>\n<p>Monture :\u00a0 PL\u00a0<\/p>\n<p>Couverture : Full Frame<\/p>\n<p>Diam\u00e8tre de filtre\u00a0: 77 mm<\/p>","protected":false},"featured_media":8923,"template":"","meta":[],"product_cat":[1386],"product_tag":[197,238,240,241,272],"class_list":{"0":"post-4072","1":"product","2":"type-product","3":"status-publish","4":"has-post-thumbnail","6":"product_cat-options","7":"product_tag-full-frame-24x36","8":"product_tag-dzofilm","9":"product_tag-mise-au-point-manuelle","10":"product_tag-non-stabilise","11":"product_tag-serie","13":"first","14":"instock","15":"taxable","16":"shipping-taxable","17":"purchasable","18":"product-type-rentable"},"_links":{"self":[{"href":"https:\/\/maxima-studios.com\/en\/wp-json\/wp\/v2\/product\/4072","targetHints":{"allow":["GET"]}}],"collection":[{"href":"https:\/\/maxima-studios.com\/en\/wp-json\/wp\/v2\/product"}],"about":[{"href":"https:\/\/maxima-studios.com\/en\/wp-json\/wp\/v2\/types\/product"}],"wp:featuredmedia":[{"embeddable":true,"href":"https:\/\/maxima-studios.com\/en\/wp-json\/wp\/v2\/media\/8923"}],"wp:attachment":[{"href":"https:\/\/maxima-studios.com\/en\/wp-json\/wp\/v2\/media?parent=4072"}],"wp:term":[{"taxonomy":"product_cat","embeddable":true,"href":"https:\/\/maxima-studios.com\/en\/wp-json\/wp\/v2\/product_cat?post=4072"},{"taxonomy":"product_tag","embeddable":true,"href":"https:\/\/maxima-studios.com\/en\/wp-json\/wp\/v2\/product_tag?post=4072"}],"curies":[{"name":"wp","href":"https:\/\/api.w.org\/{rel}","templated":true}]}}