 {"id":4061,"date":"2024-03-21T13:41:57","date_gmt":"2024-03-21T12:41:57","guid":{"rendered":"https:\/\/maxima-studios.com\/produit\/zeiss-f-distagon-16mm-f2-8-fisheye-ef\/"},"modified":"2026-04-13T20:08:52","modified_gmt":"2026-04-13T18:08:52","slug":"zeiss-fisheye-16-f2-8-ef","status":"publish","type":"product","link":"https:\/\/maxima-studios.com\/en\/product\/zeiss-fisheye-16-f2-8-ef\/","title":{"rendered":"ZEISS FISHEYE 16 F2.8 EF"},"content":{"rendered":"<p>Le Carl Zeiss 16mm F2.8 F-Distagon T* est un objectif grand-angle cin\u00e9mod\u00e9 \u00e0 monture EF. Il d\u00e9livre un champ de vision tr\u00e8s large avec un bel effet fisheye, permettant de capturer des sc\u00e8nes de fa\u00e7on immersive. Une bague crant\u00e9e a \u00e9t\u00e9 ajout\u00e9e sur la bague de mise au point pour une utilisation avec follow focus.<\/p>\n<p>\u00a0<\/p>\n<p>Le design robuste de l\u2019objectif en fait un choix adapt\u00e9 \u00e0 une utilisation en ext\u00e9rieur. Cet objectif inclut des \u00e9l\u00e9ments asph\u00e9riques et des verres \u00e0 dispersion partielle pour minimiser les aberrations chromatiques et garantir la nettet\u00e9 d&#8217;un bord \u00e0 l&#8217;autre de l&#8217;image. Le rev\u00eatement T* de Carl Zeiss r\u00e9duit les flares.<\/p>\n<p>\u00a0<\/p>\n<p><strong>Points Forts :\u00a0<\/strong><\/p>\n<ul>\n<li>Objectif fisheye de 16mm<\/li>\n<li>Ouverture maximale de F2.8<\/li>\n<li>Mise au point manuelle pr\u00e9cise<\/li>\n<li>Design robuste<\/li>\n<\/ul>","protected":false},"excerpt":{"rendered":"<p>Objectif fisheye<\/p>\n<p>Monture : Canon EF<\/p>\n<p>Couverture : Full Frame<\/p>","protected":false},"featured_media":16730,"template":"","meta":[],"product_cat":[228],"product_tag":[197,276,277,240,241,278],"class_list":{"0":"post-4061","1":"product","2":"type-product","3":"status-publish","4":"has-post-thumbnail","6":"product_cat-canon-ef","7":"product_tag-full-frame-24x36","8":"product_tag-fisheye","9":"product_tag-fixe","10":"product_tag-mise-au-point-manuelle","11":"product_tag-non-stabilise","12":"product_tag-zeiss","14":"first","15":"instock","16":"taxable","17":"shipping-taxable","18":"purchasable","19":"product-type-rentable"},"yoast_head":"<!-- This site is optimized with the Yoast SEO plugin v27.3 - https:\/\/yoast.com\/product\/yoast-seo-wordpress\/ -->\n<title>ZEISS FISHEYE 16 F2.8 EF - Maximaloc<\/title>\n<meta name=\"robots\" content=\"index, follow, max-snippet:-1, max-image-preview:large, max-video-preview:-1\" \/>\n<link rel=\"canonical\" href=\"https:\/\/maxima-studios.com\/en\/product\/zeiss-fisheye-16-f2-8-ef\/\" \/>\n<meta property=\"og:locale\" content=\"en_US\" \/>\n<meta property=\"og:type\" content=\"article\" \/>\n<meta property=\"og:title\" content=\"ZEISS FISHEYE 16 F2.8 EF - Maximaloc\" \/>\n<meta property=\"og:description\" content=\"Objectif fisheye Monture : Canon EF Couverture : Full Frame\" \/>\n<meta property=\"og:url\" content=\"https:\/\/maxima-studios.com\/en\/product\/zeiss-fisheye-16-f2-8-ef\/\" \/>\n<meta property=\"og:site_name\" content=\"Maximaloc\" \/>\n<meta property=\"article:publisher\" content=\"https:\/\/www.facebook.com\/Maximalocation\" \/>\n<meta property=\"article:modified_time\" content=\"2026-04-13T18:08:52+00:00\" \/>\n<meta property=\"og:image\" content=\"https:\/\/maxima-studios.com\/wp-content\/uploads\/2024\/03\/Zeiss-Contax-Fisheye-16mm-2.8-1.png\" \/>\n\t<meta property=\"og:image:width\" content=\"1000\" \/>\n\t<meta property=\"og:image:height\" content=\"1000\" \/>\n\t<meta property=\"og:image:type\" content=\"image\/png\" \/>\n<meta name=\"twitter:card\" content=\"summary_large_image\" \/>\n<meta name=\"twitter:label1\" content=\"Est. reading time\" \/>\n\t<meta name=\"twitter:data1\" content=\"1 minute\" \/>\n<script type=\"application\/ld+json\" class=\"yoast-schema-graph\">{\"@context\":\"https:\\\/\\\/schema.org\",\"@graph\":[{\"@type\":\"WebPage\",\"@id\":\"https:\\\/\\\/maxima-studios.com\\\/produit\\\/zeiss-fisheye-16-f2-8-ef\\\/\",\"url\":\"https:\\\/\\\/maxima-studios.com\\\/produit\\\/zeiss-fisheye-16-f2-8-ef\\\/\",\"name\":\"ZEISS FISHEYE 16 F2.8 EF - Maximaloc\",\"isPartOf\":{\"@id\":\"https:\\\/\\\/maxima-studios.com\\\/#website\"},\"primaryImageOfPage\":{\"@id\":\"https:\\\/\\\/maxima-studios.com\\\/produit\\\/zeiss-fisheye-16-f2-8-ef\\\/#primaryimage\"},\"image\":{\"@id\":\"https:\\\/\\\/maxima-studios.com\\\/produit\\\/zeiss-fisheye-16-f2-8-ef\\\/#primaryimage\"},\"thumbnailUrl\":\"https:\\\/\\\/maxima-studios.com\\\/wp-content\\\/uploads\\\/2024\\\/03\\\/Zeiss-Contax-Fisheye-16mm-2.8-1.png\",\"datePublished\":\"2024-03-21T12:41:57+00:00\",\"dateModified\":\"2026-04-13T18:08:52+00:00\",\"breadcrumb\":{\"@id\":\"https:\\\/\\\/maxima-studios.com\\\/produit\\\/zeiss-fisheye-16-f2-8-ef\\\/#breadcrumb\"},\"inLanguage\":\"en-US\",\"potentialAction\":[{\"@type\":\"ReadAction\",\"target\":[\"https:\\\/\\\/maxima-studios.com\\\/produit\\\/zeiss-fisheye-16-f2-8-ef\\\/\"]}]},{\"@type\":\"ImageObject\",\"inLanguage\":\"en-US\",\"@id\":\"https:\\\/\\\/maxima-studios.com\\\/produit\\\/zeiss-fisheye-16-f2-8-ef\\\/#primaryimage\",\"url\":\"https:\\\/\\\/maxima-studios.com\\\/wp-content\\\/uploads\\\/2024\\\/03\\\/Zeiss-Contax-Fisheye-16mm-2.8-1.png\",\"contentUrl\":\"https:\\\/\\\/maxima-studios.com\\\/wp-content\\\/uploads\\\/2024\\\/03\\\/Zeiss-Contax-Fisheye-16mm-2.8-1.png\",\"width\":1000,\"height\":1000,\"caption\":\"Objectif Cin\u00e9 Carl Zeiss 16mm F2.8 F-Distagon T* EF cin\u00e9mod en location\"},{\"@type\":\"BreadcrumbList\",\"@id\":\"https:\\\/\\\/maxima-studios.com\\\/produit\\\/zeiss-fisheye-16-f2-8-ef\\\/#breadcrumb\",\"itemListElement\":[{\"@type\":\"ListItem\",\"position\":1,\"name\":\"Accueil\",\"item\":\"https:\\\/\\\/maxima-studios.com\\\/\"},{\"@type\":\"ListItem\",\"position\":2,\"name\":\"BOUTIQUE\",\"item\":\"https:\\\/\\\/maxima-studios.com\\\/boutique\\\/\"},{\"@type\":\"ListItem\",\"position\":3,\"name\":\"ZEISS FISHEYE 16 F2.8 EF\"}]},{\"@type\":\"WebSite\",\"@id\":\"https:\\\/\\\/maxima-studios.com\\\/#website\",\"url\":\"https:\\\/\\\/maxima-studios.com\\\/\",\"name\":\"Maximaloc\",\"description\":\"\",\"publisher\":{\"@id\":\"https:\\\/\\\/maxima-studios.com\\\/#organization\"},\"potentialAction\":[{\"@type\":\"SearchAction\",\"target\":{\"@type\":\"EntryPoint\",\"urlTemplate\":\"https:\\\/\\\/maxima-studios.com\\\/?s={search_term_string}\"},\"query-input\":{\"@type\":\"PropertyValueSpecification\",\"valueRequired\":true,\"valueName\":\"search_term_string\"}}],\"inLanguage\":\"en-US\"},{\"@type\":\"Organization\",\"@id\":\"https:\\\/\\\/maxima-studios.com\\\/#organization\",\"name\":\"Maximaloc\",\"url\":\"https:\\\/\\\/maxima-studios.com\\\/\",\"logo\":{\"@type\":\"ImageObject\",\"inLanguage\":\"en-US\",\"@id\":\"https:\\\/\\\/maxima-studios.com\\\/#\\\/schema\\\/logo\\\/image\\\/\",\"url\":\"https:\\\/\\\/maxima-studios.com\\\/wp-content\\\/uploads\\\/2024\\\/03\\\/logo_noir-scaled.png\",\"contentUrl\":\"https:\\\/\\\/maxima-studios.com\\\/wp-content\\\/uploads\\\/2024\\\/03\\\/logo_noir-scaled.png\",\"width\":2560,\"height\":268,\"caption\":\"Maximaloc\"},\"image\":{\"@id\":\"https:\\\/\\\/maxima-studios.com\\\/#\\\/schema\\\/logo\\\/image\\\/\"},\"sameAs\":[\"https:\\\/\\\/www.facebook.com\\\/Maximalocation\"]}]}<\/script>\n<!-- \/ Yoast SEO plugin. -->","yoast_head_json":{"title":"ZEISS FISHEYE 16 F2.8 EF - Maximaloc","robots":{"index":"index","follow":"follow","max-snippet":"max-snippet:-1","max-image-preview":"max-image-preview:large","max-video-preview":"max-video-preview:-1"},"canonical":"https:\/\/maxima-studios.com\/en\/product\/zeiss-fisheye-16-f2-8-ef\/","og_locale":"en_US","og_type":"article","og_title":"ZEISS FISHEYE 16 F2.8 EF - Maximaloc","og_description":"Objectif fisheye Monture : Canon EF Couverture : Full Frame","og_url":"https:\/\/maxima-studios.com\/en\/product\/zeiss-fisheye-16-f2-8-ef\/","og_site_name":"Maximaloc","article_publisher":"https:\/\/www.facebook.com\/Maximalocation","article_modified_time":"2026-04-13T18:08:52+00:00","og_image":[{"width":1000,"height":1000,"url":"https:\/\/maxima-studios.com\/wp-content\/uploads\/2024\/03\/Zeiss-Contax-Fisheye-16mm-2.8-1.png","type":"image\/png"}],"twitter_card":"summary_large_image","twitter_misc":{"Est. reading time":"1 minute"},"schema":{"@context":"https:\/\/schema.org","@graph":[{"@type":"WebPage","@id":"https:\/\/maxima-studios.com\/produit\/zeiss-fisheye-16-f2-8-ef\/","url":"https:\/\/maxima-studios.com\/produit\/zeiss-fisheye-16-f2-8-ef\/","name":"ZEISS FISHEYE 16 F2.8 EF - Maximaloc","isPartOf":{"@id":"https:\/\/maxima-studios.com\/#website"},"primaryImageOfPage":{"@id":"https:\/\/maxima-studios.com\/produit\/zeiss-fisheye-16-f2-8-ef\/#primaryimage"},"image":{"@id":"https:\/\/maxima-studios.com\/produit\/zeiss-fisheye-16-f2-8-ef\/#primaryimage"},"thumbnailUrl":"https:\/\/maxima-studios.com\/wp-content\/uploads\/2024\/03\/Zeiss-Contax-Fisheye-16mm-2.8-1.png","datePublished":"2024-03-21T12:41:57+00:00","dateModified":"2026-04-13T18:08:52+00:00","breadcrumb":{"@id":"https:\/\/maxima-studios.com\/produit\/zeiss-fisheye-16-f2-8-ef\/#breadcrumb"},"inLanguage":"en-US","potentialAction":[{"@type":"ReadAction","target":["https:\/\/maxima-studios.com\/produit\/zeiss-fisheye-16-f2-8-ef\/"]}]},{"@type":"ImageObject","inLanguage":"en-US","@id":"https:\/\/maxima-studios.com\/produit\/zeiss-fisheye-16-f2-8-ef\/#primaryimage","url":"https:\/\/maxima-studios.com\/wp-content\/uploads\/2024\/03\/Zeiss-Contax-Fisheye-16mm-2.8-1.png","contentUrl":"https:\/\/maxima-studios.com\/wp-content\/uploads\/2024\/03\/Zeiss-Contax-Fisheye-16mm-2.8-1.png","width":1000,"height":1000,"caption":"Objectif Cin\u00e9 Carl Zeiss 16mm F2.8 F-Distagon T* EF cin\u00e9mod en location"},{"@type":"BreadcrumbList","@id":"https:\/\/maxima-studios.com\/produit\/zeiss-fisheye-16-f2-8-ef\/#breadcrumb","itemListElement":[{"@type":"ListItem","position":1,"name":"Accueil","item":"https:\/\/maxima-studios.com\/"},{"@type":"ListItem","position":2,"name":"BOUTIQUE","item":"https:\/\/maxima-studios.com\/boutique\/"},{"@type":"ListItem","position":3,"name":"ZEISS FISHEYE 16 F2.8 EF"}]},{"@type":"WebSite","@id":"https:\/\/maxima-studios.com\/#website","url":"https:\/\/maxima-studios.com\/","name":"Maximaloc","description":"","publisher":{"@id":"https:\/\/maxima-studios.com\/#organization"},"potentialAction":[{"@type":"SearchAction","target":{"@type":"EntryPoint","urlTemplate":"https:\/\/maxima-studios.com\/?s={search_term_string}"},"query-input":{"@type":"PropertyValueSpecification","valueRequired":true,"valueName":"search_term_string"}}],"inLanguage":"en-US"},{"@type":"Organization","@id":"https:\/\/maxima-studios.com\/#organization","name":"Maximaloc","url":"https:\/\/maxima-studios.com\/","logo":{"@type":"ImageObject","inLanguage":"en-US","@id":"https:\/\/maxima-studios.com\/#\/schema\/logo\/image\/","url":"https:\/\/maxima-studios.com\/wp-content\/uploads\/2024\/03\/logo_noir-scaled.png","contentUrl":"https:\/\/maxima-studios.com\/wp-content\/uploads\/2024\/03\/logo_noir-scaled.png","width":2560,"height":268,"caption":"Maximaloc"},"image":{"@id":"https:\/\/maxima-studios.com\/#\/schema\/logo\/image\/"},"sameAs":["https:\/\/www.facebook.com\/Maximalocation"]}]}},"_links":{"self":[{"href":"https:\/\/maxima-studios.com\/en\/wp-json\/wp\/v2\/product\/4061","targetHints":{"allow":["GET"]}}],"collection":[{"href":"https:\/\/maxima-studios.com\/en\/wp-json\/wp\/v2\/product"}],"about":[{"href":"https:\/\/maxima-studios.com\/en\/wp-json\/wp\/v2\/types\/product"}],"wp:featuredmedia":[{"embeddable":true,"href":"https:\/\/maxima-studios.com\/en\/wp-json\/wp\/v2\/media\/16730"}],"wp:attachment":[{"href":"https:\/\/maxima-studios.com\/en\/wp-json\/wp\/v2\/media?parent=4061"}],"wp:term":[{"taxonomy":"product_cat","embeddable":true,"href":"https:\/\/maxima-studios.com\/en\/wp-json\/wp\/v2\/product_cat?post=4061"},{"taxonomy":"product_tag","embeddable":true,"href":"https:\/\/maxima-studios.com\/en\/wp-json\/wp\/v2\/product_tag?post=4061"}],"curies":[{"name":"wp","href":"https:\/\/api.w.org\/{rel}","templated":true}]}}