 {"id":4058,"date":"2024-03-21T13:41:56","date_gmt":"2024-03-21T12:41:56","guid":{"rendered":"https:\/\/maxima-studios.com\/produit\/tamron-70-180mm-f2-8-di-iii-vxd-e\/"},"modified":"2026-04-13T20:08:50","modified_gmt":"2026-04-13T18:08:50","slug":"tamron-70-180-f2-8-di-iii-e","status":"publish","type":"product","link":"https:\/\/maxima-studios.com\/en\/product\/tamron-70-180-f2-8-di-iii-e\/","title":{"rendered":"TAMRON 70-180 F2.8 Di III E"},"content":{"rendered":"<p>Le TAMRON 70-180 F2.8 Di III est con\u00e7u pour les appareils photo hybrides plein format \u00e0 monture E mais est \u00e9galement compatible sur bo\u00eetiers avec capteur Super 35 \/ APS-C (crop de 1.5).\u00a0<\/p>\n<p>\u00a0<\/p>\n<p>Avec une plage focales de 70-180mm et une ouverture maximale de F2.8, cet objectif polyvalent est parfait pour une grande vari\u00e9t\u00e9 de sujets, des portraits aux paysages en passant par les \u00e9v\u00e9nements sportifs.<\/p>\n<p>\u00a0<\/p>\n<p>A la diff\u00e9rence de ses concurrents, Tamron a opt\u00e9 pour une plage focale plus r\u00e9duite de 70-180 (vs 70-200) et sans stabilisation optique afin de r\u00e9duire le volume et le poids de l&#8217;objectif pour faire de ce t\u00e9l\u00e9objectif le plus petit et compact de cette cat\u00e9gorie. Coupl\u00e9 avec le 17-28 et le 28-75 le 70-180 permet d&#8217;\u00eatre transport\u00e9 avec un tr\u00e8s faible encombrement et devient un outil incontournable pour les prises de vue en voyage ou en bagage r\u00e9duit.<\/p>\n<p>\u00a0<\/p>\n<p><strong>Points Forts :<\/strong><\/p>\n<ul>\n<li>Excellente qualit\u00e9 optique<\/li>\n<li>Ouverture constante F2.8<\/li>\n<li>Autofocus rapide et silencieux<\/li>\n<li>Conception l\u00e9g\u00e8re et compacte<\/li>\n<\/ul>","protected":false},"excerpt":{"rendered":"<p>T\u00e9l\u00e9objectif<\/p>\n<p>Monture : E<\/p>\n<p>Couverture : Full Frame<\/p>\n<p>Diam\u00e8tre de filtre : 67 mm<\/p>","protected":false},"featured_media":9051,"template":"","meta":[],"product_cat":[232],"product_tag":[197,273,241,291,283,242],"class_list":{"0":"post-4058","1":"product","2":"type-product","3":"status-publish","4":"has-post-thumbnail","6":"product_cat-sony-e","7":"product_tag-full-frame-24x36","8":"product_tag-autofocus","9":"product_tag-non-stabilise","10":"product_tag-tamron","11":"product_tag-tele-objectif","12":"product_tag-zoom","14":"first","15":"instock","16":"taxable","17":"shipping-taxable","18":"purchasable","19":"product-type-rentable"},"_links":{"self":[{"href":"https:\/\/maxima-studios.com\/en\/wp-json\/wp\/v2\/product\/4058","targetHints":{"allow":["GET"]}}],"collection":[{"href":"https:\/\/maxima-studios.com\/en\/wp-json\/wp\/v2\/product"}],"about":[{"href":"https:\/\/maxima-studios.com\/en\/wp-json\/wp\/v2\/types\/product"}],"wp:featuredmedia":[{"embeddable":true,"href":"https:\/\/maxima-studios.com\/en\/wp-json\/wp\/v2\/media\/9051"}],"wp:attachment":[{"href":"https:\/\/maxima-studios.com\/en\/wp-json\/wp\/v2\/media?parent=4058"}],"wp:term":[{"taxonomy":"product_cat","embeddable":true,"href":"https:\/\/maxima-studios.com\/en\/wp-json\/wp\/v2\/product_cat?post=4058"},{"taxonomy":"product_tag","embeddable":true,"href":"https:\/\/maxima-studios.com\/en\/wp-json\/wp\/v2\/product_tag?post=4058"}],"curies":[{"name":"wp","href":"https:\/\/api.w.org\/{rel}","templated":true}]}}