 {"id":4056,"date":"2024-03-21T13:41:56","date_gmt":"2024-03-21T12:41:56","guid":{"rendered":"https:\/\/maxima-studios.com\/produit\/tamron-28-75mm-f2-8-di-iii-rxd-e\/"},"modified":"2026-04-13T20:40:29","modified_gmt":"2026-04-13T18:40:29","slug":"tamron-28-75-f2-8-di-iii-e","status":"publish","type":"product","link":"https:\/\/maxima-studios.com\/en\/product\/tamron-28-75-f2-8-di-iii-e\/","title":{"rendered":"TAMRON 28-75 F2.8 Di III E"},"content":{"rendered":"<p>Le TAMRON 28-75 F2.8 Di III est un objectif plein format con\u00e7u pour les appareils hybrides Sony mais est \u00e9galement compatible sur des boitiers avec capteur Super 35 \/ APS-C (crop de 1.5). Son ouverture constante \u00e0 F2.8 permet de b\u00e9n\u00e9ficier d\u2019une forte luminosit\u00e9 m\u00eame en basse lumi\u00e8re et d\u2019un joli bokeh avec faible profondeur de champs. La mise au point automatique rapide et silencieuse de cet objectif permet une utilisation facile et efficace pour les prises de vue en mouvement.<\/p>\n<p>\u00a0<\/p>\n<p>Avec une place focale trans-standard du grand angle 28 au petit t\u00e9l\u00e9 75, le TAMRON 28-75 F2.8 Di III est l&#8217;objectif id\u00e9al pour les photographes et vid\u00e9astes qui souhaitent capturer des images nettes et pr\u00e9cises que ce soit en portrait ou en paysage. Afin de r\u00e9duire le poids et l&#8217;encombrement, Tamron a opt\u00e9 pour une focale de 28-75 avec une plage diff\u00e9rente de ses concurrents (24-70 normalement) et sans stabilisation (le 28-75 exploite pleinement la stabilisation 5 axes int\u00e9gr\u00e9e aux capteurs Sony Alpha. Cela permet au TAMRON 28-75 F2.8 Di III d\u2019avoir un form factor extr\u00eamement compact et l\u00e9ger, id\u00e9al pour l\u2019utilisation en photo et vid\u00e9o on the go.<\/p>\n<p>\u00a0<\/p>\n<p>Coupl\u00e9 avec le 17-28 et le 70-180, TAMRON 28-75 F2.8 Di III permet d&#8217;\u00eatre transport\u00e9 avec un tr\u00e8s faible encombrement et devient un outil incontournable pour les prises de vue en voyage ou en bagage r\u00e9duit.<\/p>\n<p>\u00a0<\/p>\n<p><strong>Points Forts:<\/strong><\/p>\n<ul>\n<li>Excellente qualit\u00e9 optique<\/li>\n<li>Ouverture constante F2.8<\/li>\n<li>Autofocus rapide et silencieux<\/li>\n<li>Conception l\u00e9g\u00e8re et compacte<\/li>\n<\/ul>","protected":false},"excerpt":{"rendered":"<p>Zoom standard\u00a0<\/p>\n<p>Monture : Sony E<\/p>\n<p>Couverture : Full Frame<\/p>\n<p>Diam\u00e8tre de filtre : 67 mm<\/p>","protected":false},"featured_media":9187,"template":"","meta":[],"product_cat":[232],"product_tag":[197,273,239,241,282,291,242],"class_list":{"0":"post-4056","1":"product","2":"type-product","3":"status-publish","4":"has-post-thumbnail","6":"product_cat-sony-e","7":"product_tag-full-frame-24x36","8":"product_tag-autofocus","9":"product_tag-grand-angle","10":"product_tag-non-stabilise","11":"product_tag-standard","12":"product_tag-tamron","13":"product_tag-zoom","15":"first","16":"instock","17":"taxable","18":"shipping-taxable","19":"purchasable","20":"product-type-rentable"},"_links":{"self":[{"href":"https:\/\/maxima-studios.com\/en\/wp-json\/wp\/v2\/product\/4056","targetHints":{"allow":["GET"]}}],"collection":[{"href":"https:\/\/maxima-studios.com\/en\/wp-json\/wp\/v2\/product"}],"about":[{"href":"https:\/\/maxima-studios.com\/en\/wp-json\/wp\/v2\/types\/product"}],"wp:featuredmedia":[{"embeddable":true,"href":"https:\/\/maxima-studios.com\/en\/wp-json\/wp\/v2\/media\/9187"}],"wp:attachment":[{"href":"https:\/\/maxima-studios.com\/en\/wp-json\/wp\/v2\/media?parent=4056"}],"wp:term":[{"taxonomy":"product_cat","embeddable":true,"href":"https:\/\/maxima-studios.com\/en\/wp-json\/wp\/v2\/product_cat?post=4056"},{"taxonomy":"product_tag","embeddable":true,"href":"https:\/\/maxima-studios.com\/en\/wp-json\/wp\/v2\/product_tag?post=4056"}],"curies":[{"name":"wp","href":"https:\/\/api.w.org\/{rel}","templated":true}]}}