 {"id":4055,"date":"2024-03-21T13:41:55","date_gmt":"2024-03-21T12:41:55","guid":{"rendered":"https:\/\/maxima-studios.com\/produit\/sony-70-200mm-f2-8-gm-oss-e\/"},"modified":"2026-04-13T20:44:05","modified_gmt":"2026-04-13T18:44:05","slug":"sony-70-200-f2-8-gm-oss-e","status":"publish","type":"product","link":"https:\/\/maxima-studios.com\/en\/product\/sony-70-200-f2-8-gm-oss-e\/","title":{"rendered":"SONY 70-200 F2.8 GM OSS E"},"content":{"rendered":"<p>Objectif phare de la marque Sony, le 70-200 F2.8 GM OSS offre une qualit\u00e9 d&#8217;image tr\u00e8s appr\u00e9ci\u00e9e ainsi qu\u2019une faible profondeur de champ pour des effets de flou prononc\u00e9s.<\/p>\n<p>\u00a0<\/p>\n<p>Avec sa longue plage focale de 70-200mm, cette optique est id\u00e9ale pour les portraits, les \u00e9v\u00e9nements sportifs ou la photographie animali\u00e8re. La stabilisation d&#8217;image optique int\u00e9gr\u00e9e (OSS) permet de r\u00e9duire les effets de flou de boug\u00e9, m\u00eame lorsque vous travaillez \u00e0 main lev\u00e9e ou dans des conditions de faible luminosit\u00e9.\u00a0<\/p>\n<p>\u00a0<\/p>\n<p>Ce zoom est \u00e9galement \u00e9quip\u00e9 d&#8217;un autofocus ultra-rapide et pr\u00e9cis gr\u00e2ce \u00e0 la technologie de moteur lin\u00e9aire double (DDSSM). Vous pouvez ainsi suivre facilement votre sujet en mouvement sans craindre de perdre le point.<\/p>\n<p>\u00a0<\/p>\n<p>Le 70-200 F2.8 GM OSS pr\u00e9sente un corps en alliage de magn\u00e9sium agr\u00e9able \u00e0 la prise en main et r\u00e9sistant aux intemp\u00e9ries et aux poussi\u00e8res. Les bagues de mise au point et de zoom sont larges et confortables d\u2019utilisation.<\/p>\n<p>\u00a0<\/p>\n<p><strong>Points Forts :\u00a0<\/strong><\/p>\n<ul>\n<li>Performances optiques<\/li>\n<li>Autofocus rapide et pr\u00e9cis<\/li>\n<li>Stabilisation d&#8217;image optique int\u00e9gr\u00e9e\u00a0<\/li>\n<li>R\u00e9sistant \u00e0 la poussi\u00e8re et \u00e0 l&#8217;humidit\u00e9<\/li>\n<\/ul>","protected":false},"excerpt":{"rendered":"<p>T\u00e9l\u00e9objectif\u00a0stabilis\u00e9<\/p>\n<p>Monture : Sony E<\/p>\n<p>Couverture : Full Frame<\/p>\n<p>Diam\u00e8tre de filtre : 77 mm<\/p>","protected":false},"featured_media":9026,"template":"","meta":[],"product_cat":[232],"product_tag":[197,273,284,285,283,242],"class_list":{"0":"post-4055","1":"product","2":"type-product","3":"status-publish","4":"has-post-thumbnail","6":"product_cat-sony-e","7":"product_tag-full-frame-24x36","8":"product_tag-autofocus","9":"product_tag-sony","10":"product_tag-stabilise","11":"product_tag-tele-objectif","12":"product_tag-zoom","14":"first","15":"instock","16":"taxable","17":"shipping-taxable","18":"purchasable","19":"product-type-rentable"},"yoast_head":"<!-- This site is optimized with the Yoast SEO plugin v27.3 - https:\/\/yoast.com\/product\/yoast-seo-wordpress\/ -->\n<title>SONY 70-200 F2.8 GM OSS E - Maximaloc<\/title>\n<meta name=\"robots\" content=\"index, follow, max-snippet:-1, max-image-preview:large, max-video-preview:-1\" \/>\n<link rel=\"canonical\" href=\"https:\/\/maxima-studios.com\/en\/product\/sony-70-200-f2-8-gm-oss-e\/\" \/>\n<meta property=\"og:locale\" content=\"en_US\" \/>\n<meta property=\"og:type\" content=\"article\" \/>\n<meta property=\"og:title\" content=\"SONY 70-200 F2.8 GM OSS E - Maximaloc\" \/>\n<meta property=\"og:description\" content=\"T\u00e9l\u00e9objectif\u00a0stabilis\u00e9 Monture : Sony E Couverture : Full Frame Diam\u00e8tre de filtre : 77 mm\" \/>\n<meta property=\"og:url\" content=\"https:\/\/maxima-studios.com\/en\/product\/sony-70-200-f2-8-gm-oss-e\/\" \/>\n<meta property=\"og:site_name\" content=\"Maximaloc\" \/>\n<meta property=\"article:publisher\" content=\"https:\/\/www.facebook.com\/Maximalocation\" \/>\n<meta property=\"article:modified_time\" content=\"2026-04-13T18:44:05+00:00\" \/>\n<meta property=\"og:image\" content=\"https:\/\/maxima-studios.com\/wp-content\/uploads\/2024\/03\/d36ac0_8114fa07833647078d15d34ac8cf95c3mv2.webp\" \/>\n\t<meta property=\"og:image:width\" content=\"580\" \/>\n\t<meta property=\"og:image:height\" content=\"420\" \/>\n\t<meta property=\"og:image:type\" content=\"image\/webp\" \/>\n<meta name=\"twitter:card\" content=\"summary_large_image\" \/>\n<meta name=\"twitter:label1\" content=\"Est. reading time\" \/>\n\t<meta name=\"twitter:data1\" content=\"2 minutes\" \/>\n<script type=\"application\/ld+json\" class=\"yoast-schema-graph\">{\"@context\":\"https:\\\/\\\/schema.org\",\"@graph\":[{\"@type\":\"WebPage\",\"@id\":\"https:\\\/\\\/maxima-studios.com\\\/produit\\\/sony-70-200-f2-8-gm-oss-e\\\/\",\"url\":\"https:\\\/\\\/maxima-studios.com\\\/produit\\\/sony-70-200-f2-8-gm-oss-e\\\/\",\"name\":\"SONY 70-200 F2.8 GM OSS E - Maximaloc\",\"isPartOf\":{\"@id\":\"https:\\\/\\\/maxima-studios.com\\\/#website\"},\"primaryImageOfPage\":{\"@id\":\"https:\\\/\\\/maxima-studios.com\\\/produit\\\/sony-70-200-f2-8-gm-oss-e\\\/#primaryimage\"},\"image\":{\"@id\":\"https:\\\/\\\/maxima-studios.com\\\/produit\\\/sony-70-200-f2-8-gm-oss-e\\\/#primaryimage\"},\"thumbnailUrl\":\"https:\\\/\\\/maxima-studios.com\\\/wp-content\\\/uploads\\\/2024\\\/03\\\/d36ac0_8114fa07833647078d15d34ac8cf95c3mv2.webp\",\"datePublished\":\"2024-03-21T12:41:55+00:00\",\"dateModified\":\"2026-04-13T18:44:05+00:00\",\"breadcrumb\":{\"@id\":\"https:\\\/\\\/maxima-studios.com\\\/produit\\\/sony-70-200-f2-8-gm-oss-e\\\/#breadcrumb\"},\"inLanguage\":\"en-US\",\"potentialAction\":[{\"@type\":\"ReadAction\",\"target\":[\"https:\\\/\\\/maxima-studios.com\\\/produit\\\/sony-70-200-f2-8-gm-oss-e\\\/\"]}]},{\"@type\":\"ImageObject\",\"inLanguage\":\"en-US\",\"@id\":\"https:\\\/\\\/maxima-studios.com\\\/produit\\\/sony-70-200-f2-8-gm-oss-e\\\/#primaryimage\",\"url\":\"https:\\\/\\\/maxima-studios.com\\\/wp-content\\\/uploads\\\/2024\\\/03\\\/d36ac0_8114fa07833647078d15d34ac8cf95c3mv2.webp\",\"contentUrl\":\"https:\\\/\\\/maxima-studios.com\\\/wp-content\\\/uploads\\\/2024\\\/03\\\/d36ac0_8114fa07833647078d15d34ac8cf95c3mv2.webp\",\"width\":580,\"height\":420,\"caption\":\"Zoom Sony 70-200mm F2.8 GM OSS \u00e0 la location\"},{\"@type\":\"BreadcrumbList\",\"@id\":\"https:\\\/\\\/maxima-studios.com\\\/produit\\\/sony-70-200-f2-8-gm-oss-e\\\/#breadcrumb\",\"itemListElement\":[{\"@type\":\"ListItem\",\"position\":1,\"name\":\"Accueil\",\"item\":\"https:\\\/\\\/maxima-studios.com\\\/\"},{\"@type\":\"ListItem\",\"position\":2,\"name\":\"BOUTIQUE\",\"item\":\"https:\\\/\\\/maxima-studios.com\\\/boutique\\\/\"},{\"@type\":\"ListItem\",\"position\":3,\"name\":\"SONY 70-200 F2.8 GM OSS E\"}]},{\"@type\":\"WebSite\",\"@id\":\"https:\\\/\\\/maxima-studios.com\\\/#website\",\"url\":\"https:\\\/\\\/maxima-studios.com\\\/\",\"name\":\"Maximaloc\",\"description\":\"\",\"publisher\":{\"@id\":\"https:\\\/\\\/maxima-studios.com\\\/#organization\"},\"potentialAction\":[{\"@type\":\"SearchAction\",\"target\":{\"@type\":\"EntryPoint\",\"urlTemplate\":\"https:\\\/\\\/maxima-studios.com\\\/?s={search_term_string}\"},\"query-input\":{\"@type\":\"PropertyValueSpecification\",\"valueRequired\":true,\"valueName\":\"search_term_string\"}}],\"inLanguage\":\"en-US\"},{\"@type\":\"Organization\",\"@id\":\"https:\\\/\\\/maxima-studios.com\\\/#organization\",\"name\":\"Maximaloc\",\"url\":\"https:\\\/\\\/maxima-studios.com\\\/\",\"logo\":{\"@type\":\"ImageObject\",\"inLanguage\":\"en-US\",\"@id\":\"https:\\\/\\\/maxima-studios.com\\\/#\\\/schema\\\/logo\\\/image\\\/\",\"url\":\"https:\\\/\\\/maxima-studios.com\\\/wp-content\\\/uploads\\\/2024\\\/03\\\/logo_noir-scaled.png\",\"contentUrl\":\"https:\\\/\\\/maxima-studios.com\\\/wp-content\\\/uploads\\\/2024\\\/03\\\/logo_noir-scaled.png\",\"width\":2560,\"height\":268,\"caption\":\"Maximaloc\"},\"image\":{\"@id\":\"https:\\\/\\\/maxima-studios.com\\\/#\\\/schema\\\/logo\\\/image\\\/\"},\"sameAs\":[\"https:\\\/\\\/www.facebook.com\\\/Maximalocation\"]}]}<\/script>\n<!-- \/ Yoast SEO plugin. -->","yoast_head_json":{"title":"SONY 70-200 F2.8 GM OSS E - Maximaloc","robots":{"index":"index","follow":"follow","max-snippet":"max-snippet:-1","max-image-preview":"max-image-preview:large","max-video-preview":"max-video-preview:-1"},"canonical":"https:\/\/maxima-studios.com\/en\/product\/sony-70-200-f2-8-gm-oss-e\/","og_locale":"en_US","og_type":"article","og_title":"SONY 70-200 F2.8 GM OSS E - Maximaloc","og_description":"T\u00e9l\u00e9objectif\u00a0stabilis\u00e9 Monture : Sony E Couverture : Full Frame Diam\u00e8tre de filtre : 77 mm","og_url":"https:\/\/maxima-studios.com\/en\/product\/sony-70-200-f2-8-gm-oss-e\/","og_site_name":"Maximaloc","article_publisher":"https:\/\/www.facebook.com\/Maximalocation","article_modified_time":"2026-04-13T18:44:05+00:00","og_image":[{"width":580,"height":420,"url":"https:\/\/maxima-studios.com\/wp-content\/uploads\/2024\/03\/d36ac0_8114fa07833647078d15d34ac8cf95c3mv2.webp","type":"image\/webp"}],"twitter_card":"summary_large_image","twitter_misc":{"Est. reading time":"2 minutes"},"schema":{"@context":"https:\/\/schema.org","@graph":[{"@type":"WebPage","@id":"https:\/\/maxima-studios.com\/produit\/sony-70-200-f2-8-gm-oss-e\/","url":"https:\/\/maxima-studios.com\/produit\/sony-70-200-f2-8-gm-oss-e\/","name":"SONY 70-200 F2.8 GM OSS E - Maximaloc","isPartOf":{"@id":"https:\/\/maxima-studios.com\/#website"},"primaryImageOfPage":{"@id":"https:\/\/maxima-studios.com\/produit\/sony-70-200-f2-8-gm-oss-e\/#primaryimage"},"image":{"@id":"https:\/\/maxima-studios.com\/produit\/sony-70-200-f2-8-gm-oss-e\/#primaryimage"},"thumbnailUrl":"https:\/\/maxima-studios.com\/wp-content\/uploads\/2024\/03\/d36ac0_8114fa07833647078d15d34ac8cf95c3mv2.webp","datePublished":"2024-03-21T12:41:55+00:00","dateModified":"2026-04-13T18:44:05+00:00","breadcrumb":{"@id":"https:\/\/maxima-studios.com\/produit\/sony-70-200-f2-8-gm-oss-e\/#breadcrumb"},"inLanguage":"en-US","potentialAction":[{"@type":"ReadAction","target":["https:\/\/maxima-studios.com\/produit\/sony-70-200-f2-8-gm-oss-e\/"]}]},{"@type":"ImageObject","inLanguage":"en-US","@id":"https:\/\/maxima-studios.com\/produit\/sony-70-200-f2-8-gm-oss-e\/#primaryimage","url":"https:\/\/maxima-studios.com\/wp-content\/uploads\/2024\/03\/d36ac0_8114fa07833647078d15d34ac8cf95c3mv2.webp","contentUrl":"https:\/\/maxima-studios.com\/wp-content\/uploads\/2024\/03\/d36ac0_8114fa07833647078d15d34ac8cf95c3mv2.webp","width":580,"height":420,"caption":"Zoom Sony 70-200mm F2.8 GM OSS \u00e0 la location"},{"@type":"BreadcrumbList","@id":"https:\/\/maxima-studios.com\/produit\/sony-70-200-f2-8-gm-oss-e\/#breadcrumb","itemListElement":[{"@type":"ListItem","position":1,"name":"Accueil","item":"https:\/\/maxima-studios.com\/"},{"@type":"ListItem","position":2,"name":"BOUTIQUE","item":"https:\/\/maxima-studios.com\/boutique\/"},{"@type":"ListItem","position":3,"name":"SONY 70-200 F2.8 GM OSS E"}]},{"@type":"WebSite","@id":"https:\/\/maxima-studios.com\/#website","url":"https:\/\/maxima-studios.com\/","name":"Maximaloc","description":"","publisher":{"@id":"https:\/\/maxima-studios.com\/#organization"},"potentialAction":[{"@type":"SearchAction","target":{"@type":"EntryPoint","urlTemplate":"https:\/\/maxima-studios.com\/?s={search_term_string}"},"query-input":{"@type":"PropertyValueSpecification","valueRequired":true,"valueName":"search_term_string"}}],"inLanguage":"en-US"},{"@type":"Organization","@id":"https:\/\/maxima-studios.com\/#organization","name":"Maximaloc","url":"https:\/\/maxima-studios.com\/","logo":{"@type":"ImageObject","inLanguage":"en-US","@id":"https:\/\/maxima-studios.com\/#\/schema\/logo\/image\/","url":"https:\/\/maxima-studios.com\/wp-content\/uploads\/2024\/03\/logo_noir-scaled.png","contentUrl":"https:\/\/maxima-studios.com\/wp-content\/uploads\/2024\/03\/logo_noir-scaled.png","width":2560,"height":268,"caption":"Maximaloc"},"image":{"@id":"https:\/\/maxima-studios.com\/#\/schema\/logo\/image\/"},"sameAs":["https:\/\/www.facebook.com\/Maximalocation"]}]}},"_links":{"self":[{"href":"https:\/\/maxima-studios.com\/en\/wp-json\/wp\/v2\/product\/4055","targetHints":{"allow":["GET"]}}],"collection":[{"href":"https:\/\/maxima-studios.com\/en\/wp-json\/wp\/v2\/product"}],"about":[{"href":"https:\/\/maxima-studios.com\/en\/wp-json\/wp\/v2\/types\/product"}],"wp:featuredmedia":[{"embeddable":true,"href":"https:\/\/maxima-studios.com\/en\/wp-json\/wp\/v2\/media\/9026"}],"wp:attachment":[{"href":"https:\/\/maxima-studios.com\/en\/wp-json\/wp\/v2\/media?parent=4055"}],"wp:term":[{"taxonomy":"product_cat","embeddable":true,"href":"https:\/\/maxima-studios.com\/en\/wp-json\/wp\/v2\/product_cat?post=4055"},{"taxonomy":"product_tag","embeddable":true,"href":"https:\/\/maxima-studios.com\/en\/wp-json\/wp\/v2\/product_tag?post=4055"}],"curies":[{"name":"wp","href":"https:\/\/api.w.org\/{rel}","templated":true}]}}