 {"id":4052,"date":"2024-03-21T13:41:55","date_gmt":"2024-03-21T12:41:55","guid":{"rendered":"https:\/\/maxima-studios.com\/produit\/sony-28-135mm-f4-pz-g-oss-e\/"},"modified":"2026-04-13T20:08:42","modified_gmt":"2026-04-13T18:08:42","slug":"sony-28-135-f4-pz-g-oss-e","status":"publish","type":"product","link":"https:\/\/maxima-studios.com\/en\/product\/sony-28-135-f4-pz-g-oss-e\/","title":{"rendered":"SONY 28-135 F4 PZ G OSS E"},"content":{"rendered":"<p>Le Sony 28-135 F4 G OSS est un zoom motoris\u00e9 et stabilis\u00e9 con\u00e7u pour les appareils photo hybrides ou cam\u00e9ra en monture E.\u00a0Il offre une plage focale de 28 \u00e0 135 mm avec une ouverture constante de F4 et dispose du syst\u00e8me de stabilisation optique (OSS) qui r\u00e9duit efficacement les tremblements lors de la prise de vue \u00e0 main lev\u00e9e.<\/p>\n<p>\u00a0<\/p>\n<p>Son zoom motoris\u00e9 permet d\u2019effectuer des changements de focales parfaitement fluides, ce qui est indispensable pour obtenir des zoom \u00e0 vitesse lente irr\u00e9prochables. Il dispose \u00e9galement d&#8217;une bague de mise au point manuelle large et confortable et d&#8217;un commutateur de mode pour basculer facilement de la mise au point manuelle \u00e0 la mise au point automatique.<\/p>\n<p>\u00a0<\/p>\n<p>Le Sony 28-135 F4 G OSS dispose d&#8217;une formule optique avanc\u00e9e qui utilise des \u00e9l\u00e9ments asph\u00e9riques et \u00e0 dispersion extra-faible pour minimiser les aberrations et produire des images nettes et d\u00e9taill\u00e9es avec une distorsion minimale. Son diaphragme circulaire \u00e0 9 lames d\u00e9livre un bokeh doux et naturel, et son rev\u00eatement anti-reflets Zeiss T* r\u00e9duit les flares.<\/p>\n<p>\u00a0<\/p>\n<p><strong>Points Forts :<\/strong><\/p>\n<ul>\n<li>Mise au point manuelle confortable et AF performant<\/li>\n<li>Zoom motoris\u00e9 pour une grande fluidit\u00e9<\/li>\n<li>Stabilisation optique efficace<\/li>\n<\/ul>","protected":false},"excerpt":{"rendered":"<p>Zoom motoris\u00e9 et stabilis\u00e9<\/p>\n<p>Monture : Sony E<\/p>\n<p>Couverture : Full Frame<\/p>\n<p>Diam\u00e8tre de filte : 95 mm<br \/>\u00a0<br \/>\u00a0<br \/>\u00a0<br \/>\u00a0<\/p>","protected":false},"featured_media":9213,"template":"","meta":[],"product_cat":[232],"product_tag":[197,273,284,285,282,242],"class_list":{"0":"post-4052","1":"product","2":"type-product","3":"status-publish","4":"has-post-thumbnail","6":"product_cat-sony-e","7":"product_tag-full-frame-24x36","8":"product_tag-autofocus","9":"product_tag-sony","10":"product_tag-stabilise","11":"product_tag-standard","12":"product_tag-zoom","14":"first","15":"instock","16":"taxable","17":"shipping-taxable","18":"purchasable","19":"product-type-rentable"},"_links":{"self":[{"href":"https:\/\/maxima-studios.com\/en\/wp-json\/wp\/v2\/product\/4052","targetHints":{"allow":["GET"]}}],"collection":[{"href":"https:\/\/maxima-studios.com\/en\/wp-json\/wp\/v2\/product"}],"about":[{"href":"https:\/\/maxima-studios.com\/en\/wp-json\/wp\/v2\/types\/product"}],"wp:featuredmedia":[{"embeddable":true,"href":"https:\/\/maxima-studios.com\/en\/wp-json\/wp\/v2\/media\/9213"}],"wp:attachment":[{"href":"https:\/\/maxima-studios.com\/en\/wp-json\/wp\/v2\/media?parent=4052"}],"wp:term":[{"taxonomy":"product_cat","embeddable":true,"href":"https:\/\/maxima-studios.com\/en\/wp-json\/wp\/v2\/product_cat?post=4052"},{"taxonomy":"product_tag","embeddable":true,"href":"https:\/\/maxima-studios.com\/en\/wp-json\/wp\/v2\/product_tag?post=4052"}],"curies":[{"name":"wp","href":"https:\/\/api.w.org\/{rel}","templated":true}]}}