 {"id":4051,"date":"2024-03-21T13:41:54","date_gmt":"2024-03-21T12:41:54","guid":{"rendered":"https:\/\/maxima-studios.com\/produit\/sony-12-24mm-f4-g-e\/"},"modified":"2026-04-13T20:08:41","modified_gmt":"2026-04-13T18:08:41","slug":"sony-12-24-f4-g-e","status":"publish","type":"product","link":"https:\/\/maxima-studios.com\/en\/product\/sony-12-24-f4-g-e\/","title":{"rendered":"SONY 12-24 F4 G E"},"content":{"rendered":"<p>\u00a0L&#8217;objectif Sony 12-24mm f\/4 G est un zoom ultra grand-angle pour hybrides plein format Sony E.<\/p>\n<p>Id\u00e9al pour l\u2019architecture, le paysage et les prises de vue immersives. Il poss\u00e8de une qualit\u00e9 d\u2019image optimale avec r\u00e9duction des aberrations et de la distorsion, un autofocus rapide et silencieux, construction r\u00e9sistante aux intemp\u00e9ries.<\/p>\n<p><strong>Points forts :<\/strong><\/p>\n<ul>\n<li>Ultra grand-angle 12-24mm<\/li>\n<li>Ouverture constante f\/4<\/li>\n<li>Optique haute qualit\u00e9<\/li>\n<li>Autofocus rapide et pr\u00e9cis<\/li>\n<li>R\u00e9sistant aux intemp\u00e9ries<\/li>\n<\/ul>","protected":false},"excerpt":{"rendered":"<p>Zoom grand angle<\/p>\n<p>Monture : Sony E<\/p>\n<p>Couverture : Full Frame<\/p>\n<p>Diam\u00e8tre ext\u00e9rieur : 87 mm<\/p>","protected":false},"featured_media":8983,"template":"","meta":[],"product_cat":[232],"product_tag":[197,273,239,284,285,242],"class_list":{"0":"post-4051","1":"product","2":"type-product","3":"status-publish","4":"has-post-thumbnail","6":"product_cat-sony-e","7":"product_tag-full-frame-24x36","8":"product_tag-autofocus","9":"product_tag-grand-angle","10":"product_tag-sony","11":"product_tag-stabilise","12":"product_tag-zoom","14":"first","15":"instock","16":"taxable","17":"shipping-taxable","18":"purchasable","19":"product-type-rentable"},"yoast_head":"<!-- This site is optimized with the Yoast SEO plugin v27.3 - https:\/\/yoast.com\/product\/yoast-seo-wordpress\/ -->\n<title>SONY 12-24 F4 G E - Maximaloc<\/title>\n<meta name=\"robots\" content=\"index, follow, max-snippet:-1, max-image-preview:large, max-video-preview:-1\" \/>\n<link rel=\"canonical\" href=\"https:\/\/maxima-studios.com\/en\/product\/sony-12-24-f4-g-e\/\" \/>\n<meta property=\"og:locale\" content=\"en_US\" \/>\n<meta property=\"og:type\" content=\"article\" \/>\n<meta property=\"og:title\" content=\"SONY 12-24 F4 G E - Maximaloc\" \/>\n<meta property=\"og:description\" content=\"Zoom grand angle Monture : Sony E Couverture : Full Frame Diam\u00e8tre ext\u00e9rieur : 87 mm\" \/>\n<meta property=\"og:url\" content=\"https:\/\/maxima-studios.com\/en\/product\/sony-12-24-f4-g-e\/\" \/>\n<meta property=\"og:site_name\" content=\"Maximaloc\" \/>\n<meta property=\"article:publisher\" content=\"https:\/\/www.facebook.com\/Maximalocation\" \/>\n<meta property=\"article:modified_time\" content=\"2026-04-13T18:08:41+00:00\" \/>\n<meta property=\"og:image\" content=\"https:\/\/maxima-studios.com\/wp-content\/uploads\/2024\/03\/b49820_a7b56011d71d4fa691a325a25b5480a5mv2.webp\" \/>\n\t<meta property=\"og:image:width\" content=\"580\" \/>\n\t<meta property=\"og:image:height\" content=\"420\" \/>\n\t<meta property=\"og:image:type\" content=\"image\/webp\" \/>\n<meta name=\"twitter:card\" content=\"summary_large_image\" \/>\n<meta name=\"twitter:label1\" content=\"Est. reading time\" \/>\n\t<meta name=\"twitter:data1\" content=\"1 minute\" \/>\n<script type=\"application\/ld+json\" class=\"yoast-schema-graph\">{\"@context\":\"https:\\\/\\\/schema.org\",\"@graph\":[{\"@type\":\"WebPage\",\"@id\":\"https:\\\/\\\/maxima-studios.com\\\/produit\\\/sony-12-24-f4-g-e\\\/\",\"url\":\"https:\\\/\\\/maxima-studios.com\\\/produit\\\/sony-12-24-f4-g-e\\\/\",\"name\":\"SONY 12-24 F4 G E - Maximaloc\",\"isPartOf\":{\"@id\":\"https:\\\/\\\/maxima-studios.com\\\/#website\"},\"primaryImageOfPage\":{\"@id\":\"https:\\\/\\\/maxima-studios.com\\\/produit\\\/sony-12-24-f4-g-e\\\/#primaryimage\"},\"image\":{\"@id\":\"https:\\\/\\\/maxima-studios.com\\\/produit\\\/sony-12-24-f4-g-e\\\/#primaryimage\"},\"thumbnailUrl\":\"https:\\\/\\\/maxima-studios.com\\\/wp-content\\\/uploads\\\/2024\\\/03\\\/b49820_a7b56011d71d4fa691a325a25b5480a5mv2.webp\",\"datePublished\":\"2024-03-21T12:41:54+00:00\",\"dateModified\":\"2026-04-13T18:08:41+00:00\",\"breadcrumb\":{\"@id\":\"https:\\\/\\\/maxima-studios.com\\\/produit\\\/sony-12-24-f4-g-e\\\/#breadcrumb\"},\"inLanguage\":\"en-US\",\"potentialAction\":[{\"@type\":\"ReadAction\",\"target\":[\"https:\\\/\\\/maxima-studios.com\\\/produit\\\/sony-12-24-f4-g-e\\\/\"]}]},{\"@type\":\"ImageObject\",\"inLanguage\":\"en-US\",\"@id\":\"https:\\\/\\\/maxima-studios.com\\\/produit\\\/sony-12-24-f4-g-e\\\/#primaryimage\",\"url\":\"https:\\\/\\\/maxima-studios.com\\\/wp-content\\\/uploads\\\/2024\\\/03\\\/b49820_a7b56011d71d4fa691a325a25b5480a5mv2.webp\",\"contentUrl\":\"https:\\\/\\\/maxima-studios.com\\\/wp-content\\\/uploads\\\/2024\\\/03\\\/b49820_a7b56011d71d4fa691a325a25b5480a5mv2.webp\",\"width\":580,\"height\":420,\"caption\":\"Zoom Sony 12-24mm F4 G vue de profil verticale \u00e0 la location\"},{\"@type\":\"BreadcrumbList\",\"@id\":\"https:\\\/\\\/maxima-studios.com\\\/produit\\\/sony-12-24-f4-g-e\\\/#breadcrumb\",\"itemListElement\":[{\"@type\":\"ListItem\",\"position\":1,\"name\":\"Accueil\",\"item\":\"https:\\\/\\\/maxima-studios.com\\\/\"},{\"@type\":\"ListItem\",\"position\":2,\"name\":\"BOUTIQUE\",\"item\":\"https:\\\/\\\/maxima-studios.com\\\/boutique\\\/\"},{\"@type\":\"ListItem\",\"position\":3,\"name\":\"SONY 12-24 F4 G E\"}]},{\"@type\":\"WebSite\",\"@id\":\"https:\\\/\\\/maxima-studios.com\\\/#website\",\"url\":\"https:\\\/\\\/maxima-studios.com\\\/\",\"name\":\"Maximaloc\",\"description\":\"\",\"publisher\":{\"@id\":\"https:\\\/\\\/maxima-studios.com\\\/#organization\"},\"potentialAction\":[{\"@type\":\"SearchAction\",\"target\":{\"@type\":\"EntryPoint\",\"urlTemplate\":\"https:\\\/\\\/maxima-studios.com\\\/?s={search_term_string}\"},\"query-input\":{\"@type\":\"PropertyValueSpecification\",\"valueRequired\":true,\"valueName\":\"search_term_string\"}}],\"inLanguage\":\"en-US\"},{\"@type\":\"Organization\",\"@id\":\"https:\\\/\\\/maxima-studios.com\\\/#organization\",\"name\":\"Maximaloc\",\"url\":\"https:\\\/\\\/maxima-studios.com\\\/\",\"logo\":{\"@type\":\"ImageObject\",\"inLanguage\":\"en-US\",\"@id\":\"https:\\\/\\\/maxima-studios.com\\\/#\\\/schema\\\/logo\\\/image\\\/\",\"url\":\"https:\\\/\\\/maxima-studios.com\\\/wp-content\\\/uploads\\\/2024\\\/03\\\/logo_noir-scaled.png\",\"contentUrl\":\"https:\\\/\\\/maxima-studios.com\\\/wp-content\\\/uploads\\\/2024\\\/03\\\/logo_noir-scaled.png\",\"width\":2560,\"height\":268,\"caption\":\"Maximaloc\"},\"image\":{\"@id\":\"https:\\\/\\\/maxima-studios.com\\\/#\\\/schema\\\/logo\\\/image\\\/\"},\"sameAs\":[\"https:\\\/\\\/www.facebook.com\\\/Maximalocation\"]}]}<\/script>\n<!-- \/ Yoast SEO plugin. -->","yoast_head_json":{"title":"SONY 12-24 F4 G E - Maximaloc","robots":{"index":"index","follow":"follow","max-snippet":"max-snippet:-1","max-image-preview":"max-image-preview:large","max-video-preview":"max-video-preview:-1"},"canonical":"https:\/\/maxima-studios.com\/en\/product\/sony-12-24-f4-g-e\/","og_locale":"en_US","og_type":"article","og_title":"SONY 12-24 F4 G E - Maximaloc","og_description":"Zoom grand angle Monture : Sony E Couverture : Full Frame Diam\u00e8tre ext\u00e9rieur : 87 mm","og_url":"https:\/\/maxima-studios.com\/en\/product\/sony-12-24-f4-g-e\/","og_site_name":"Maximaloc","article_publisher":"https:\/\/www.facebook.com\/Maximalocation","article_modified_time":"2026-04-13T18:08:41+00:00","og_image":[{"width":580,"height":420,"url":"https:\/\/maxima-studios.com\/wp-content\/uploads\/2024\/03\/b49820_a7b56011d71d4fa691a325a25b5480a5mv2.webp","type":"image\/webp"}],"twitter_card":"summary_large_image","twitter_misc":{"Est. reading time":"1 minute"},"schema":{"@context":"https:\/\/schema.org","@graph":[{"@type":"WebPage","@id":"https:\/\/maxima-studios.com\/produit\/sony-12-24-f4-g-e\/","url":"https:\/\/maxima-studios.com\/produit\/sony-12-24-f4-g-e\/","name":"SONY 12-24 F4 G E - Maximaloc","isPartOf":{"@id":"https:\/\/maxima-studios.com\/#website"},"primaryImageOfPage":{"@id":"https:\/\/maxima-studios.com\/produit\/sony-12-24-f4-g-e\/#primaryimage"},"image":{"@id":"https:\/\/maxima-studios.com\/produit\/sony-12-24-f4-g-e\/#primaryimage"},"thumbnailUrl":"https:\/\/maxima-studios.com\/wp-content\/uploads\/2024\/03\/b49820_a7b56011d71d4fa691a325a25b5480a5mv2.webp","datePublished":"2024-03-21T12:41:54+00:00","dateModified":"2026-04-13T18:08:41+00:00","breadcrumb":{"@id":"https:\/\/maxima-studios.com\/produit\/sony-12-24-f4-g-e\/#breadcrumb"},"inLanguage":"en-US","potentialAction":[{"@type":"ReadAction","target":["https:\/\/maxima-studios.com\/produit\/sony-12-24-f4-g-e\/"]}]},{"@type":"ImageObject","inLanguage":"en-US","@id":"https:\/\/maxima-studios.com\/produit\/sony-12-24-f4-g-e\/#primaryimage","url":"https:\/\/maxima-studios.com\/wp-content\/uploads\/2024\/03\/b49820_a7b56011d71d4fa691a325a25b5480a5mv2.webp","contentUrl":"https:\/\/maxima-studios.com\/wp-content\/uploads\/2024\/03\/b49820_a7b56011d71d4fa691a325a25b5480a5mv2.webp","width":580,"height":420,"caption":"Zoom Sony 12-24mm F4 G vue de profil verticale \u00e0 la location"},{"@type":"BreadcrumbList","@id":"https:\/\/maxima-studios.com\/produit\/sony-12-24-f4-g-e\/#breadcrumb","itemListElement":[{"@type":"ListItem","position":1,"name":"Accueil","item":"https:\/\/maxima-studios.com\/"},{"@type":"ListItem","position":2,"name":"BOUTIQUE","item":"https:\/\/maxima-studios.com\/boutique\/"},{"@type":"ListItem","position":3,"name":"SONY 12-24 F4 G E"}]},{"@type":"WebSite","@id":"https:\/\/maxima-studios.com\/#website","url":"https:\/\/maxima-studios.com\/","name":"Maximaloc","description":"","publisher":{"@id":"https:\/\/maxima-studios.com\/#organization"},"potentialAction":[{"@type":"SearchAction","target":{"@type":"EntryPoint","urlTemplate":"https:\/\/maxima-studios.com\/?s={search_term_string}"},"query-input":{"@type":"PropertyValueSpecification","valueRequired":true,"valueName":"search_term_string"}}],"inLanguage":"en-US"},{"@type":"Organization","@id":"https:\/\/maxima-studios.com\/#organization","name":"Maximaloc","url":"https:\/\/maxima-studios.com\/","logo":{"@type":"ImageObject","inLanguage":"en-US","@id":"https:\/\/maxima-studios.com\/#\/schema\/logo\/image\/","url":"https:\/\/maxima-studios.com\/wp-content\/uploads\/2024\/03\/logo_noir-scaled.png","contentUrl":"https:\/\/maxima-studios.com\/wp-content\/uploads\/2024\/03\/logo_noir-scaled.png","width":2560,"height":268,"caption":"Maximaloc"},"image":{"@id":"https:\/\/maxima-studios.com\/#\/schema\/logo\/image\/"},"sameAs":["https:\/\/www.facebook.com\/Maximalocation"]}]}},"_links":{"self":[{"href":"https:\/\/maxima-studios.com\/en\/wp-json\/wp\/v2\/product\/4051","targetHints":{"allow":["GET"]}}],"collection":[{"href":"https:\/\/maxima-studios.com\/en\/wp-json\/wp\/v2\/product"}],"about":[{"href":"https:\/\/maxima-studios.com\/en\/wp-json\/wp\/v2\/types\/product"}],"wp:featuredmedia":[{"embeddable":true,"href":"https:\/\/maxima-studios.com\/en\/wp-json\/wp\/v2\/media\/8983"}],"wp:attachment":[{"href":"https:\/\/maxima-studios.com\/en\/wp-json\/wp\/v2\/media?parent=4051"}],"wp:term":[{"taxonomy":"product_cat","embeddable":true,"href":"https:\/\/maxima-studios.com\/en\/wp-json\/wp\/v2\/product_cat?post=4051"},{"taxonomy":"product_tag","embeddable":true,"href":"https:\/\/maxima-studios.com\/en\/wp-json\/wp\/v2\/product_tag?post=4051"}],"curies":[{"name":"wp","href":"https:\/\/api.w.org\/{rel}","templated":true}]}}