 {"id":4049,"date":"2024-03-21T13:41:54","date_gmt":"2024-03-21T12:41:54","guid":{"rendered":"https:\/\/maxima-studios.com\/produit\/sony-zeiss-24-70mm-f4-oss-e\/"},"modified":"2026-04-13T20:08:28","modified_gmt":"2026-04-13T18:08:28","slug":"sony-zeiss-24-70-f4-oss-e","status":"publish","type":"product","link":"https:\/\/maxima-studios.com\/en\/product\/sony-zeiss-24-70-f4-oss-e\/","title":{"rendered":"SONY ZEISS 24-70 F4 OSS E"},"content":{"rendered":"<p>Le Zeiss FE 24-70 F4 OSS est un objectif polyvalent con\u00e7u pour les appareils photo Sony plein format. Sa plage de focales allant de 24 mm \u00e0 70 mm en fait un choix id\u00e9al pour une vari\u00e9t\u00e9 de situations de prise de vue, allant des paysages aux portraits en passant par les \u00e9v\u00e9nements en direct. Son poids de seulement 430 grammes fait de lui un objectif compact et l\u00e9ger que vous pourrez emmener partout avec vous.\u00a0<\/p>\n<p>\u00a0<\/p>\n<p>Cette optique Zeiss d\u00e9livre une belle qualit\u00e9 d&#8217;image avec des couleurs vives, un contraste \u00e9lev\u00e9 et une nettet\u00e9 remarquable. Son syst\u00e8me de stabilisation optique de l&#8217;image (OSS) int\u00e9gr\u00e9 r\u00e9duit les flous de boug\u00e9, ce qui permet de prendre des photos nettes \u00e0 main lev\u00e9e dans des conditions de faible \u00e9clairage. De conception robuste, l\u2019objectif a \u00e9t\u00e9 fabriqu\u00e9 avec des joints d&#8217;\u00e9tanch\u00e9it\u00e9 qui le prot\u00e8gent de la poussi\u00e8re et l&#8217;humidit\u00e9, offrant ainsi une fiabilit\u00e9 accrue m\u00eame dans les environnements les plus difficiles.\u00a0<\/p>\n<p>\u00a0<\/p>\n<p><strong>Points Forts :\u00a0<\/strong><\/p>\n<ul>\n<li>Stabilisation optique<\/li>\n<li>AF rapide et pr\u00e9cis<\/li>\n<li>\u00c9tanche et r\u00e9sistant \u00e0 la poussi\u00e8re<\/li>\n<\/ul>","protected":false},"excerpt":{"rendered":"<p>Zoom standard stabilis\u00e9<\/p>\n<p>Mounture : Sony E<\/p>\n<p>Couverture : Full Frame<\/p>\n<p>Diam\u00e8tre de filtre : 67 mm<\/p>","protected":false},"featured_media":9072,"template":"","meta":[],"product_cat":[232],"product_tag":[197,273,239,285,282,278,242],"class_list":{"0":"post-4049","1":"product","2":"type-product","3":"status-publish","4":"has-post-thumbnail","6":"product_cat-sony-e","7":"product_tag-full-frame-24x36","8":"product_tag-autofocus","9":"product_tag-grand-angle","10":"product_tag-stabilise","11":"product_tag-standard","12":"product_tag-zeiss","13":"product_tag-zoom","15":"first","16":"instock","17":"taxable","18":"shipping-taxable","19":"purchasable","20":"product-type-rentable"},"_links":{"self":[{"href":"https:\/\/maxima-studios.com\/en\/wp-json\/wp\/v2\/product\/4049","targetHints":{"allow":["GET"]}}],"collection":[{"href":"https:\/\/maxima-studios.com\/en\/wp-json\/wp\/v2\/product"}],"about":[{"href":"https:\/\/maxima-studios.com\/en\/wp-json\/wp\/v2\/types\/product"}],"wp:featuredmedia":[{"embeddable":true,"href":"https:\/\/maxima-studios.com\/en\/wp-json\/wp\/v2\/media\/9072"}],"wp:attachment":[{"href":"https:\/\/maxima-studios.com\/en\/wp-json\/wp\/v2\/media?parent=4049"}],"wp:term":[{"taxonomy":"product_cat","embeddable":true,"href":"https:\/\/maxima-studios.com\/en\/wp-json\/wp\/v2\/product_cat?post=4049"},{"taxonomy":"product_tag","embeddable":true,"href":"https:\/\/maxima-studios.com\/en\/wp-json\/wp\/v2\/product_tag?post=4049"}],"curies":[{"name":"wp","href":"https:\/\/api.w.org\/{rel}","templated":true}]}}