 {"id":4048,"date":"2024-03-21T13:41:54","date_gmt":"2024-03-21T12:41:54","guid":{"rendered":"https:\/\/maxima-studios.com\/produit\/sony-zeiss-16-35mm-f4-oss-e\/"},"modified":"2026-04-13T20:08:25","modified_gmt":"2026-04-13T18:08:25","slug":"sony-zeiss-16-35-f4-oss-e","status":"publish","type":"product","link":"https:\/\/maxima-studios.com\/en\/product\/sony-zeiss-16-35-f4-oss-e\/","title":{"rendered":"SONY ZEISS 16-35 F4 OSS E"},"content":{"rendered":"<p>Le Zeiss Vario-Tessar T* FE 16-35mm f\/4 ZA OSS est un objectif grand-angle con\u00e7u pour les appareils hybrides Sony. Il est \u00e9quip\u00e9 d&#8217;un stabilisateur d&#8217;image optique (OSS) qui permet de r\u00e9duire les vibrations et les mouvements involontaires, ce qui est particuli\u00e8rement utile pour les prises de vue \u00e0 main lev\u00e9e ou dans des conditions de faible luminosit\u00e9.\u00a0<\/p>\n<p>\u00a0<\/p>\n<p>L&#8217;objectif est \u00e9quip\u00e9 de plusieurs \u00e9l\u00e9ments en verre asph\u00e9rique et en verre ED qui r\u00e9duisent efficacement les aberrations chromatiques et sph\u00e9riques. La qualit\u00e9 d&#8217;image reste tr\u00e8s nette et d\u00e9taill\u00e9e m\u00eame aux bords de l&#8217;image.\u00a0Malgr\u00e9 sa plage focale grand angle et sa stabilisation d&#8217;image, l&#8217;objectif reste compact et l\u00e9ger, ce qui en fait un choix id\u00e9al pour une utilisation sur ventouses, sur gimbal ou snorricam. Il est \u00e9galement r\u00e9sistant \u00e0 la poussi\u00e8re et \u00e0 l&#8217;humidit\u00e9 pour une utilisation en ext\u00e9rieur.<\/p>\n<p>\u00a0<\/p>\n<p><strong>Points Forts :\u00a0<\/strong><\/p>\n<ul>\n<li>AF rapide et pr\u00e9cis<\/li>\n<li>Stabilisation d\u2019image<\/li>\n<li>Compact et l\u00e9ger<\/li>\n<\/ul>","protected":false},"excerpt":{"rendered":"<p>Zoom grand angle stabilis\u00e9<\/p>\n<p>Monture : Sony E<\/p>\n<p>Couverture : Full Frame<\/p>\n<p>Diam\u00e8tre de filtre : 72 mm<\/p>","protected":false},"featured_media":9366,"template":"","meta":[],"product_cat":[232],"product_tag":[197,273,284,285,242],"class_list":{"0":"post-4048","1":"product","2":"type-product","3":"status-publish","4":"has-post-thumbnail","6":"product_cat-sony-e","7":"product_tag-full-frame-24x36","8":"product_tag-autofocus","9":"product_tag-sony","10":"product_tag-stabilise","11":"product_tag-zoom","13":"first","14":"instock","15":"taxable","16":"shipping-taxable","17":"purchasable","18":"product-type-rentable"},"yoast_head":"<!-- This site is optimized with the Yoast SEO plugin v27.3 - https:\/\/yoast.com\/product\/yoast-seo-wordpress\/ -->\n<title>SONY ZEISS 16-35 F4 OSS E - Maximaloc<\/title>\n<meta name=\"robots\" content=\"index, follow, max-snippet:-1, max-image-preview:large, max-video-preview:-1\" \/>\n<link rel=\"canonical\" href=\"https:\/\/maxima-studios.com\/en\/product\/sony-zeiss-16-35-f4-oss-e\/\" \/>\n<meta property=\"og:locale\" content=\"en_US\" \/>\n<meta property=\"og:type\" content=\"article\" \/>\n<meta property=\"og:title\" content=\"SONY ZEISS 16-35 F4 OSS E - Maximaloc\" \/>\n<meta property=\"og:description\" content=\"Zoom grand angle stabilis\u00e9 Monture : Sony E Couverture : Full Frame Diam\u00e8tre de filtre : 72 mm\" \/>\n<meta property=\"og:url\" content=\"https:\/\/maxima-studios.com\/en\/product\/sony-zeiss-16-35-f4-oss-e\/\" \/>\n<meta property=\"og:site_name\" content=\"Maximaloc\" \/>\n<meta property=\"article:publisher\" content=\"https:\/\/www.facebook.com\/Maximalocation\" \/>\n<meta property=\"article:modified_time\" content=\"2026-04-13T18:08:25+00:00\" \/>\n<meta property=\"og:image\" content=\"https:\/\/maxima-studios.com\/wp-content\/uploads\/2024\/03\/1-1.webp\" \/>\n\t<meta property=\"og:image:width\" content=\"725\" \/>\n\t<meta property=\"og:image:height\" content=\"525\" \/>\n\t<meta property=\"og:image:type\" content=\"image\/webp\" \/>\n<meta name=\"twitter:card\" content=\"summary_large_image\" \/>\n<meta name=\"twitter:label1\" content=\"Est. reading time\" \/>\n\t<meta name=\"twitter:data1\" content=\"1 minute\" \/>\n<script type=\"application\/ld+json\" class=\"yoast-schema-graph\">{\"@context\":\"https:\\\/\\\/schema.org\",\"@graph\":[{\"@type\":\"WebPage\",\"@id\":\"https:\\\/\\\/maxima-studios.com\\\/produit\\\/sony-zeiss-16-35-f4-oss-e\\\/\",\"url\":\"https:\\\/\\\/maxima-studios.com\\\/produit\\\/sony-zeiss-16-35-f4-oss-e\\\/\",\"name\":\"SONY ZEISS 16-35 F4 OSS E - Maximaloc\",\"isPartOf\":{\"@id\":\"https:\\\/\\\/maxima-studios.com\\\/#website\"},\"primaryImageOfPage\":{\"@id\":\"https:\\\/\\\/maxima-studios.com\\\/produit\\\/sony-zeiss-16-35-f4-oss-e\\\/#primaryimage\"},\"image\":{\"@id\":\"https:\\\/\\\/maxima-studios.com\\\/produit\\\/sony-zeiss-16-35-f4-oss-e\\\/#primaryimage\"},\"thumbnailUrl\":\"https:\\\/\\\/maxima-studios.com\\\/wp-content\\\/uploads\\\/2024\\\/03\\\/1-1.webp\",\"datePublished\":\"2024-03-21T12:41:54+00:00\",\"dateModified\":\"2026-04-13T18:08:25+00:00\",\"breadcrumb\":{\"@id\":\"https:\\\/\\\/maxima-studios.com\\\/produit\\\/sony-zeiss-16-35-f4-oss-e\\\/#breadcrumb\"},\"inLanguage\":\"en-US\",\"potentialAction\":[{\"@type\":\"ReadAction\",\"target\":[\"https:\\\/\\\/maxima-studios.com\\\/produit\\\/sony-zeiss-16-35-f4-oss-e\\\/\"]}]},{\"@type\":\"ImageObject\",\"inLanguage\":\"en-US\",\"@id\":\"https:\\\/\\\/maxima-studios.com\\\/produit\\\/sony-zeiss-16-35-f4-oss-e\\\/#primaryimage\",\"url\":\"https:\\\/\\\/maxima-studios.com\\\/wp-content\\\/uploads\\\/2024\\\/03\\\/1-1.webp\",\"contentUrl\":\"https:\\\/\\\/maxima-studios.com\\\/wp-content\\\/uploads\\\/2024\\\/03\\\/1-1.webp\",\"width\":725,\"height\":525,\"caption\":\"Zoom Zeiss 16-35mm F4 OSS E \u00e0 la location\"},{\"@type\":\"BreadcrumbList\",\"@id\":\"https:\\\/\\\/maxima-studios.com\\\/produit\\\/sony-zeiss-16-35-f4-oss-e\\\/#breadcrumb\",\"itemListElement\":[{\"@type\":\"ListItem\",\"position\":1,\"name\":\"Accueil\",\"item\":\"https:\\\/\\\/maxima-studios.com\\\/\"},{\"@type\":\"ListItem\",\"position\":2,\"name\":\"BOUTIQUE\",\"item\":\"https:\\\/\\\/maxima-studios.com\\\/boutique\\\/\"},{\"@type\":\"ListItem\",\"position\":3,\"name\":\"SONY ZEISS 16-35 F4 OSS E\"}]},{\"@type\":\"WebSite\",\"@id\":\"https:\\\/\\\/maxima-studios.com\\\/#website\",\"url\":\"https:\\\/\\\/maxima-studios.com\\\/\",\"name\":\"Maximaloc\",\"description\":\"\",\"publisher\":{\"@id\":\"https:\\\/\\\/maxima-studios.com\\\/#organization\"},\"potentialAction\":[{\"@type\":\"SearchAction\",\"target\":{\"@type\":\"EntryPoint\",\"urlTemplate\":\"https:\\\/\\\/maxima-studios.com\\\/?s={search_term_string}\"},\"query-input\":{\"@type\":\"PropertyValueSpecification\",\"valueRequired\":true,\"valueName\":\"search_term_string\"}}],\"inLanguage\":\"en-US\"},{\"@type\":\"Organization\",\"@id\":\"https:\\\/\\\/maxima-studios.com\\\/#organization\",\"name\":\"Maximaloc\",\"url\":\"https:\\\/\\\/maxima-studios.com\\\/\",\"logo\":{\"@type\":\"ImageObject\",\"inLanguage\":\"en-US\",\"@id\":\"https:\\\/\\\/maxima-studios.com\\\/#\\\/schema\\\/logo\\\/image\\\/\",\"url\":\"https:\\\/\\\/maxima-studios.com\\\/wp-content\\\/uploads\\\/2024\\\/03\\\/logo_noir-scaled.png\",\"contentUrl\":\"https:\\\/\\\/maxima-studios.com\\\/wp-content\\\/uploads\\\/2024\\\/03\\\/logo_noir-scaled.png\",\"width\":2560,\"height\":268,\"caption\":\"Maximaloc\"},\"image\":{\"@id\":\"https:\\\/\\\/maxima-studios.com\\\/#\\\/schema\\\/logo\\\/image\\\/\"},\"sameAs\":[\"https:\\\/\\\/www.facebook.com\\\/Maximalocation\"]}]}<\/script>\n<!-- \/ Yoast SEO plugin. -->","yoast_head_json":{"title":"SONY ZEISS 16-35 F4 OSS E - Maximaloc","robots":{"index":"index","follow":"follow","max-snippet":"max-snippet:-1","max-image-preview":"max-image-preview:large","max-video-preview":"max-video-preview:-1"},"canonical":"https:\/\/maxima-studios.com\/en\/product\/sony-zeiss-16-35-f4-oss-e\/","og_locale":"en_US","og_type":"article","og_title":"SONY ZEISS 16-35 F4 OSS E - Maximaloc","og_description":"Zoom grand angle stabilis\u00e9 Monture : Sony E Couverture : Full Frame Diam\u00e8tre de filtre : 72 mm","og_url":"https:\/\/maxima-studios.com\/en\/product\/sony-zeiss-16-35-f4-oss-e\/","og_site_name":"Maximaloc","article_publisher":"https:\/\/www.facebook.com\/Maximalocation","article_modified_time":"2026-04-13T18:08:25+00:00","og_image":[{"width":725,"height":525,"url":"https:\/\/maxima-studios.com\/wp-content\/uploads\/2024\/03\/1-1.webp","type":"image\/webp"}],"twitter_card":"summary_large_image","twitter_misc":{"Est. reading time":"1 minute"},"schema":{"@context":"https:\/\/schema.org","@graph":[{"@type":"WebPage","@id":"https:\/\/maxima-studios.com\/produit\/sony-zeiss-16-35-f4-oss-e\/","url":"https:\/\/maxima-studios.com\/produit\/sony-zeiss-16-35-f4-oss-e\/","name":"SONY ZEISS 16-35 F4 OSS E - Maximaloc","isPartOf":{"@id":"https:\/\/maxima-studios.com\/#website"},"primaryImageOfPage":{"@id":"https:\/\/maxima-studios.com\/produit\/sony-zeiss-16-35-f4-oss-e\/#primaryimage"},"image":{"@id":"https:\/\/maxima-studios.com\/produit\/sony-zeiss-16-35-f4-oss-e\/#primaryimage"},"thumbnailUrl":"https:\/\/maxima-studios.com\/wp-content\/uploads\/2024\/03\/1-1.webp","datePublished":"2024-03-21T12:41:54+00:00","dateModified":"2026-04-13T18:08:25+00:00","breadcrumb":{"@id":"https:\/\/maxima-studios.com\/produit\/sony-zeiss-16-35-f4-oss-e\/#breadcrumb"},"inLanguage":"en-US","potentialAction":[{"@type":"ReadAction","target":["https:\/\/maxima-studios.com\/produit\/sony-zeiss-16-35-f4-oss-e\/"]}]},{"@type":"ImageObject","inLanguage":"en-US","@id":"https:\/\/maxima-studios.com\/produit\/sony-zeiss-16-35-f4-oss-e\/#primaryimage","url":"https:\/\/maxima-studios.com\/wp-content\/uploads\/2024\/03\/1-1.webp","contentUrl":"https:\/\/maxima-studios.com\/wp-content\/uploads\/2024\/03\/1-1.webp","width":725,"height":525,"caption":"Zoom Zeiss 16-35mm F4 OSS E \u00e0 la location"},{"@type":"BreadcrumbList","@id":"https:\/\/maxima-studios.com\/produit\/sony-zeiss-16-35-f4-oss-e\/#breadcrumb","itemListElement":[{"@type":"ListItem","position":1,"name":"Accueil","item":"https:\/\/maxima-studios.com\/"},{"@type":"ListItem","position":2,"name":"BOUTIQUE","item":"https:\/\/maxima-studios.com\/boutique\/"},{"@type":"ListItem","position":3,"name":"SONY ZEISS 16-35 F4 OSS E"}]},{"@type":"WebSite","@id":"https:\/\/maxima-studios.com\/#website","url":"https:\/\/maxima-studios.com\/","name":"Maximaloc","description":"","publisher":{"@id":"https:\/\/maxima-studios.com\/#organization"},"potentialAction":[{"@type":"SearchAction","target":{"@type":"EntryPoint","urlTemplate":"https:\/\/maxima-studios.com\/?s={search_term_string}"},"query-input":{"@type":"PropertyValueSpecification","valueRequired":true,"valueName":"search_term_string"}}],"inLanguage":"en-US"},{"@type":"Organization","@id":"https:\/\/maxima-studios.com\/#organization","name":"Maximaloc","url":"https:\/\/maxima-studios.com\/","logo":{"@type":"ImageObject","inLanguage":"en-US","@id":"https:\/\/maxima-studios.com\/#\/schema\/logo\/image\/","url":"https:\/\/maxima-studios.com\/wp-content\/uploads\/2024\/03\/logo_noir-scaled.png","contentUrl":"https:\/\/maxima-studios.com\/wp-content\/uploads\/2024\/03\/logo_noir-scaled.png","width":2560,"height":268,"caption":"Maximaloc"},"image":{"@id":"https:\/\/maxima-studios.com\/#\/schema\/logo\/image\/"},"sameAs":["https:\/\/www.facebook.com\/Maximalocation"]}]}},"_links":{"self":[{"href":"https:\/\/maxima-studios.com\/en\/wp-json\/wp\/v2\/product\/4048","targetHints":{"allow":["GET"]}}],"collection":[{"href":"https:\/\/maxima-studios.com\/en\/wp-json\/wp\/v2\/product"}],"about":[{"href":"https:\/\/maxima-studios.com\/en\/wp-json\/wp\/v2\/types\/product"}],"wp:featuredmedia":[{"embeddable":true,"href":"https:\/\/maxima-studios.com\/en\/wp-json\/wp\/v2\/media\/9366"}],"wp:attachment":[{"href":"https:\/\/maxima-studios.com\/en\/wp-json\/wp\/v2\/media?parent=4048"}],"wp:term":[{"taxonomy":"product_cat","embeddable":true,"href":"https:\/\/maxima-studios.com\/en\/wp-json\/wp\/v2\/product_cat?post=4048"},{"taxonomy":"product_tag","embeddable":true,"href":"https:\/\/maxima-studios.com\/en\/wp-json\/wp\/v2\/product_tag?post=4048"}],"curies":[{"name":"wp","href":"https:\/\/api.w.org\/{rel}","templated":true}]}}