 {"id":4040,"date":"2024-03-21T13:41:52","date_gmt":"2024-03-21T12:41:52","guid":{"rendered":"https:\/\/maxima-studios.com\/produit\/sigma-art-24-70mm-f2-8-dg-dn-e\/"},"modified":"2026-04-13T20:40:33","modified_gmt":"2026-04-13T18:40:33","slug":"sigma-art-24-70-f2-8-dg-dn-e","status":"publish","type":"product","link":"https:\/\/maxima-studios.com\/en\/product\/sigma-art-24-70-f2-8-dg-dn-e\/","title":{"rendered":"SIGMA-ART 24-70 F2.8 DG DN E"},"content":{"rendered":"<p>Le Sigma Art 24-70 F2.8 DG DN est un objectif zoom standard con\u00e7u pour les appareils hybrides Sony plein format mais est \u00e9galement compatible avec les capteurs Super 35 \/ APS-C (crop de 1.5). Son ouverture F2.8 et sa plage focale de 24 \u00e0 70mm en font un objectif polyvalent adapt\u00e9 \u00e0 de nombreuses situations de prises de vues.<\/p>\n<p>\u00a0<\/p>\n<p>Le 24-70mm f\/2.8 DG DN Art est dot\u00e9 d&#8217;un autofocus rapide et pr\u00e9cis, gr\u00e2ce \u00e0 un moteur pas \u00e0 pas (STM) qui assure une mise au point fluide et silencieuse. Il int\u00e8gre \u00e9galement un diaphragme \u00e0 11 lamelles pour un bokeh doux et naturel.\u00a0<\/p>\n<p>\u00a0<\/p>\n<p>Cet objectif est \u00e9quip\u00e9 de 19 \u00e9l\u00e9ments en 15 groupes, dont 6 lentilles \u00e0 faible dispersion pour minimiser les aberrations chromatiques et les distorsions. Il est \u00e9galement \u00e9quip\u00e9 d&#8217;un rev\u00eatement Super Multi-Layer qui minimise les reflets et les flares. Sa formule optique avanc\u00e9e permet d&#8217;obtenir une nettet\u00e9 et une r\u00e9solution \u00e9lev\u00e9es sur l&#8217;ensemble de la plage de zoom, m\u00eame \u00e0 pleine ouverture.<\/p>\n<p>\u00a0<\/p>\n<p><strong>Points Forts :<\/strong><\/p>\n<ul>\n<li>Qualit\u00e9 d\u2019image sur l\u2019ensemble de la plage focale<\/li>\n<li>Autofocus rapide et silencieux<\/li>\n<li>Bague de zoom fluide et pr\u00e9cise<\/li>\n<\/ul>","protected":false},"excerpt":{"rendered":"<p>Zoom standard<\/p>\n<p>Monture : Sony E<\/p>\n<p>Format: Full Frame<\/p>\n<p>Diam\u00e8tre de filtre : 82 mm<\/p>","protected":false},"featured_media":9068,"template":"","meta":[],"product_cat":[232],"product_tag":[197,273,239,241,279,282,242],"class_list":{"0":"post-4040","1":"product","2":"type-product","3":"status-publish","4":"has-post-thumbnail","6":"product_cat-sony-e","7":"product_tag-full-frame-24x36","8":"product_tag-autofocus","9":"product_tag-grand-angle","10":"product_tag-non-stabilise","11":"product_tag-sigma","12":"product_tag-standard","13":"product_tag-zoom","15":"first","16":"instock","17":"taxable","18":"shipping-taxable","19":"purchasable","20":"product-type-rentable"},"yoast_head":"<!-- This site is optimized with the Yoast SEO plugin v27.3 - https:\/\/yoast.com\/product\/yoast-seo-wordpress\/ -->\n<title>SIGMA-ART 24-70 F2.8 DG DN E - Maximaloc<\/title>\n<meta name=\"robots\" content=\"index, follow, max-snippet:-1, max-image-preview:large, max-video-preview:-1\" \/>\n<link rel=\"canonical\" href=\"https:\/\/maxima-studios.com\/en\/product\/sigma-art-24-70-f2-8-dg-dn-e\/\" \/>\n<meta property=\"og:locale\" content=\"en_US\" \/>\n<meta property=\"og:type\" content=\"article\" \/>\n<meta property=\"og:title\" content=\"SIGMA-ART 24-70 F2.8 DG DN E - Maximaloc\" \/>\n<meta property=\"og:description\" content=\"Zoom standard Monture : Sony E Format: Full Frame Diam\u00e8tre de filtre : 82 mm\" \/>\n<meta property=\"og:url\" content=\"https:\/\/maxima-studios.com\/en\/product\/sigma-art-24-70-f2-8-dg-dn-e\/\" \/>\n<meta property=\"og:site_name\" content=\"Maximaloc\" \/>\n<meta property=\"article:publisher\" content=\"https:\/\/www.facebook.com\/Maximalocation\" \/>\n<meta property=\"article:modified_time\" content=\"2026-04-13T18:40:33+00:00\" \/>\n<meta property=\"og:image\" content=\"https:\/\/maxima-studios.com\/wp-content\/uploads\/2024\/03\/b49820_597a9f06072b45ee91d48355bc319946mv2.webp\" \/>\n\t<meta property=\"og:image:width\" content=\"580\" \/>\n\t<meta property=\"og:image:height\" content=\"420\" \/>\n\t<meta property=\"og:image:type\" content=\"image\/webp\" \/>\n<meta name=\"twitter:card\" content=\"summary_large_image\" \/>\n<meta name=\"twitter:label1\" content=\"Est. reading time\" \/>\n\t<meta name=\"twitter:data1\" content=\"2 minutes\" \/>\n<script type=\"application\/ld+json\" class=\"yoast-schema-graph\">{\"@context\":\"https:\\\/\\\/schema.org\",\"@graph\":[{\"@type\":\"WebPage\",\"@id\":\"https:\\\/\\\/maxima-studios.com\\\/produit\\\/sigma-art-24-70-f2-8-dg-dn-e\\\/\",\"url\":\"https:\\\/\\\/maxima-studios.com\\\/produit\\\/sigma-art-24-70-f2-8-dg-dn-e\\\/\",\"name\":\"SIGMA-ART 24-70 F2.8 DG DN E - Maximaloc\",\"isPartOf\":{\"@id\":\"https:\\\/\\\/maxima-studios.com\\\/#website\"},\"primaryImageOfPage\":{\"@id\":\"https:\\\/\\\/maxima-studios.com\\\/produit\\\/sigma-art-24-70-f2-8-dg-dn-e\\\/#primaryimage\"},\"image\":{\"@id\":\"https:\\\/\\\/maxima-studios.com\\\/produit\\\/sigma-art-24-70-f2-8-dg-dn-e\\\/#primaryimage\"},\"thumbnailUrl\":\"https:\\\/\\\/maxima-studios.com\\\/wp-content\\\/uploads\\\/2024\\\/03\\\/b49820_597a9f06072b45ee91d48355bc319946mv2.webp\",\"datePublished\":\"2024-03-21T12:41:52+00:00\",\"dateModified\":\"2026-04-13T18:40:33+00:00\",\"breadcrumb\":{\"@id\":\"https:\\\/\\\/maxima-studios.com\\\/produit\\\/sigma-art-24-70-f2-8-dg-dn-e\\\/#breadcrumb\"},\"inLanguage\":\"en-US\",\"potentialAction\":[{\"@type\":\"ReadAction\",\"target\":[\"https:\\\/\\\/maxima-studios.com\\\/produit\\\/sigma-art-24-70-f2-8-dg-dn-e\\\/\"]}]},{\"@type\":\"ImageObject\",\"inLanguage\":\"en-US\",\"@id\":\"https:\\\/\\\/maxima-studios.com\\\/produit\\\/sigma-art-24-70-f2-8-dg-dn-e\\\/#primaryimage\",\"url\":\"https:\\\/\\\/maxima-studios.com\\\/wp-content\\\/uploads\\\/2024\\\/03\\\/b49820_597a9f06072b45ee91d48355bc319946mv2.webp\",\"contentUrl\":\"https:\\\/\\\/maxima-studios.com\\\/wp-content\\\/uploads\\\/2024\\\/03\\\/b49820_597a9f06072b45ee91d48355bc319946mv2.webp\",\"width\":580,\"height\":420,\"caption\":\"Zoom Sigma Art 24-70mm F2.8 DG DN E \u00e0 la location\"},{\"@type\":\"BreadcrumbList\",\"@id\":\"https:\\\/\\\/maxima-studios.com\\\/produit\\\/sigma-art-24-70-f2-8-dg-dn-e\\\/#breadcrumb\",\"itemListElement\":[{\"@type\":\"ListItem\",\"position\":1,\"name\":\"Accueil\",\"item\":\"https:\\\/\\\/maxima-studios.com\\\/\"},{\"@type\":\"ListItem\",\"position\":2,\"name\":\"BOUTIQUE\",\"item\":\"https:\\\/\\\/maxima-studios.com\\\/boutique\\\/\"},{\"@type\":\"ListItem\",\"position\":3,\"name\":\"SIGMA-ART 24-70 F2.8 DG DN E\"}]},{\"@type\":\"WebSite\",\"@id\":\"https:\\\/\\\/maxima-studios.com\\\/#website\",\"url\":\"https:\\\/\\\/maxima-studios.com\\\/\",\"name\":\"Maximaloc\",\"description\":\"\",\"publisher\":{\"@id\":\"https:\\\/\\\/maxima-studios.com\\\/#organization\"},\"potentialAction\":[{\"@type\":\"SearchAction\",\"target\":{\"@type\":\"EntryPoint\",\"urlTemplate\":\"https:\\\/\\\/maxima-studios.com\\\/?s={search_term_string}\"},\"query-input\":{\"@type\":\"PropertyValueSpecification\",\"valueRequired\":true,\"valueName\":\"search_term_string\"}}],\"inLanguage\":\"en-US\"},{\"@type\":\"Organization\",\"@id\":\"https:\\\/\\\/maxima-studios.com\\\/#organization\",\"name\":\"Maximaloc\",\"url\":\"https:\\\/\\\/maxima-studios.com\\\/\",\"logo\":{\"@type\":\"ImageObject\",\"inLanguage\":\"en-US\",\"@id\":\"https:\\\/\\\/maxima-studios.com\\\/#\\\/schema\\\/logo\\\/image\\\/\",\"url\":\"https:\\\/\\\/maxima-studios.com\\\/wp-content\\\/uploads\\\/2024\\\/03\\\/logo_noir-scaled.png\",\"contentUrl\":\"https:\\\/\\\/maxima-studios.com\\\/wp-content\\\/uploads\\\/2024\\\/03\\\/logo_noir-scaled.png\",\"width\":2560,\"height\":268,\"caption\":\"Maximaloc\"},\"image\":{\"@id\":\"https:\\\/\\\/maxima-studios.com\\\/#\\\/schema\\\/logo\\\/image\\\/\"},\"sameAs\":[\"https:\\\/\\\/www.facebook.com\\\/Maximalocation\"]}]}<\/script>\n<!-- \/ Yoast SEO plugin. -->","yoast_head_json":{"title":"SIGMA-ART 24-70 F2.8 DG DN E - Maximaloc","robots":{"index":"index","follow":"follow","max-snippet":"max-snippet:-1","max-image-preview":"max-image-preview:large","max-video-preview":"max-video-preview:-1"},"canonical":"https:\/\/maxima-studios.com\/en\/product\/sigma-art-24-70-f2-8-dg-dn-e\/","og_locale":"en_US","og_type":"article","og_title":"SIGMA-ART 24-70 F2.8 DG DN E - Maximaloc","og_description":"Zoom standard Monture : Sony E Format: Full Frame Diam\u00e8tre de filtre : 82 mm","og_url":"https:\/\/maxima-studios.com\/en\/product\/sigma-art-24-70-f2-8-dg-dn-e\/","og_site_name":"Maximaloc","article_publisher":"https:\/\/www.facebook.com\/Maximalocation","article_modified_time":"2026-04-13T18:40:33+00:00","og_image":[{"width":580,"height":420,"url":"https:\/\/maxima-studios.com\/wp-content\/uploads\/2024\/03\/b49820_597a9f06072b45ee91d48355bc319946mv2.webp","type":"image\/webp"}],"twitter_card":"summary_large_image","twitter_misc":{"Est. reading time":"2 minutes"},"schema":{"@context":"https:\/\/schema.org","@graph":[{"@type":"WebPage","@id":"https:\/\/maxima-studios.com\/produit\/sigma-art-24-70-f2-8-dg-dn-e\/","url":"https:\/\/maxima-studios.com\/produit\/sigma-art-24-70-f2-8-dg-dn-e\/","name":"SIGMA-ART 24-70 F2.8 DG DN E - Maximaloc","isPartOf":{"@id":"https:\/\/maxima-studios.com\/#website"},"primaryImageOfPage":{"@id":"https:\/\/maxima-studios.com\/produit\/sigma-art-24-70-f2-8-dg-dn-e\/#primaryimage"},"image":{"@id":"https:\/\/maxima-studios.com\/produit\/sigma-art-24-70-f2-8-dg-dn-e\/#primaryimage"},"thumbnailUrl":"https:\/\/maxima-studios.com\/wp-content\/uploads\/2024\/03\/b49820_597a9f06072b45ee91d48355bc319946mv2.webp","datePublished":"2024-03-21T12:41:52+00:00","dateModified":"2026-04-13T18:40:33+00:00","breadcrumb":{"@id":"https:\/\/maxima-studios.com\/produit\/sigma-art-24-70-f2-8-dg-dn-e\/#breadcrumb"},"inLanguage":"en-US","potentialAction":[{"@type":"ReadAction","target":["https:\/\/maxima-studios.com\/produit\/sigma-art-24-70-f2-8-dg-dn-e\/"]}]},{"@type":"ImageObject","inLanguage":"en-US","@id":"https:\/\/maxima-studios.com\/produit\/sigma-art-24-70-f2-8-dg-dn-e\/#primaryimage","url":"https:\/\/maxima-studios.com\/wp-content\/uploads\/2024\/03\/b49820_597a9f06072b45ee91d48355bc319946mv2.webp","contentUrl":"https:\/\/maxima-studios.com\/wp-content\/uploads\/2024\/03\/b49820_597a9f06072b45ee91d48355bc319946mv2.webp","width":580,"height":420,"caption":"Zoom Sigma Art 24-70mm F2.8 DG DN E \u00e0 la location"},{"@type":"BreadcrumbList","@id":"https:\/\/maxima-studios.com\/produit\/sigma-art-24-70-f2-8-dg-dn-e\/#breadcrumb","itemListElement":[{"@type":"ListItem","position":1,"name":"Accueil","item":"https:\/\/maxima-studios.com\/"},{"@type":"ListItem","position":2,"name":"BOUTIQUE","item":"https:\/\/maxima-studios.com\/boutique\/"},{"@type":"ListItem","position":3,"name":"SIGMA-ART 24-70 F2.8 DG DN E"}]},{"@type":"WebSite","@id":"https:\/\/maxima-studios.com\/#website","url":"https:\/\/maxima-studios.com\/","name":"Maximaloc","description":"","publisher":{"@id":"https:\/\/maxima-studios.com\/#organization"},"potentialAction":[{"@type":"SearchAction","target":{"@type":"EntryPoint","urlTemplate":"https:\/\/maxima-studios.com\/?s={search_term_string}"},"query-input":{"@type":"PropertyValueSpecification","valueRequired":true,"valueName":"search_term_string"}}],"inLanguage":"en-US"},{"@type":"Organization","@id":"https:\/\/maxima-studios.com\/#organization","name":"Maximaloc","url":"https:\/\/maxima-studios.com\/","logo":{"@type":"ImageObject","inLanguage":"en-US","@id":"https:\/\/maxima-studios.com\/#\/schema\/logo\/image\/","url":"https:\/\/maxima-studios.com\/wp-content\/uploads\/2024\/03\/logo_noir-scaled.png","contentUrl":"https:\/\/maxima-studios.com\/wp-content\/uploads\/2024\/03\/logo_noir-scaled.png","width":2560,"height":268,"caption":"Maximaloc"},"image":{"@id":"https:\/\/maxima-studios.com\/#\/schema\/logo\/image\/"},"sameAs":["https:\/\/www.facebook.com\/Maximalocation"]}]}},"_links":{"self":[{"href":"https:\/\/maxima-studios.com\/en\/wp-json\/wp\/v2\/product\/4040","targetHints":{"allow":["GET"]}}],"collection":[{"href":"https:\/\/maxima-studios.com\/en\/wp-json\/wp\/v2\/product"}],"about":[{"href":"https:\/\/maxima-studios.com\/en\/wp-json\/wp\/v2\/types\/product"}],"wp:featuredmedia":[{"embeddable":true,"href":"https:\/\/maxima-studios.com\/en\/wp-json\/wp\/v2\/media\/9068"}],"wp:attachment":[{"href":"https:\/\/maxima-studios.com\/en\/wp-json\/wp\/v2\/media?parent=4040"}],"wp:term":[{"taxonomy":"product_cat","embeddable":true,"href":"https:\/\/maxima-studios.com\/en\/wp-json\/wp\/v2\/product_cat?post=4040"},{"taxonomy":"product_tag","embeddable":true,"href":"https:\/\/maxima-studios.com\/en\/wp-json\/wp\/v2\/product_tag?post=4040"}],"curies":[{"name":"wp","href":"https:\/\/api.w.org\/{rel}","templated":true}]}}