 {"id":4035,"date":"2024-03-21T13:41:50","date_gmt":"2024-03-21T12:41:50","guid":{"rendered":"https:\/\/maxima-studios.com\/produit\/canon-70-200mm-f2-8-l-is-ii-usm-ef\/"},"modified":"2026-04-13T20:07:53","modified_gmt":"2026-04-13T18:07:53","slug":"canon-70-200-f2-8-l-is-ii-usm-ef","status":"publish","type":"product","link":"https:\/\/maxima-studios.com\/en\/product\/canon-70-200-f2-8-l-is-ii-usm-ef\/","title":{"rendered":"CANON 70-200 F2.8 L IS II USM EF"},"content":{"rendered":"<p>Le Canon EF 70-200mm F2.8L IS II USM est un t\u00e9l\u00e9objectif de haute qualit\u00e9 con\u00e7u pour les appareils photo Canon \u00e0 monture EF. Avec une plage de zoom allant de 70mm \u00e0 200mm, cet objectif est id\u00e9al pour les prises de vues de sujets \u00e9loign\u00e9s lors d\u2019\u00e9v\u00e9nements sportifs ou en nature par exemple.\u00a0<\/p>\n<p>\u00a0<\/p>\n<p>L&#8217;ouverture constante de F2.8 facilite les prises de vues en condition de faible luminosit\u00e9. Coupl\u00e9e \u00e0 la plage focale de ce t\u00e9l\u00e9objectif, cette grande ouverture permet \u00e9galement d&#8217;obtenir un impressionnant flou d&#8217;arri\u00e8re-plan.<\/p>\n<p>\u00a0<\/p>\n<p>L&#8217;objectif est \u00e9quip\u00e9 de la technologie de stabilisation d&#8217;image (IS) de Canon, ce qui est particuli\u00e8rement utile lorsque vous travaillez avec la plage de zoom maximale ou dans des conditions de faible luminosit\u00e9. La mise au point automatique (USM) de cet objectif vous permet de suivre les sujets en mouvement et de capturer des images nettes. Vous pouvez \u00e9galement ajuster la mise au point manuellement gr\u00e2ce \u00e0 la bague de mise au point pr\u00e9sente sur l&#8217;objectif.<\/p>\n<p>\u00a0<\/p>\n<p><strong>Points Forts :<\/strong>\u00a0<\/p>\n<ul>\n<li>Ouverture constante de F2.8<\/li>\n<li>Stabilisation d&#8217;image (IS)<\/li>\n<li>Mise au point automatique rapide et pr\u00e9cise (USM)<\/li>\n<li>R\u00e9sistant \u00e0 la poussi\u00e8re et \u00e0 l&#8217;humidit\u00e9<\/li>\n<\/ul>","protected":false},"excerpt":{"rendered":"<p>Telephoto with Stabilization<\/p>\n<p>Monture : Canon EF<\/p>\n<p>Couverture : Full Frame<\/p>\n<p>Diam\u00e8tre de filtre : 77 mm<\/p>\n<p>\u00a0<\/p>","protected":false},"featured_media":9020,"template":"","meta":[],"product_cat":[228],"product_tag":[197,273,274,283,242],"class_list":{"0":"post-4035","1":"product","2":"type-product","3":"status-publish","4":"has-post-thumbnail","6":"product_cat-canon-ef","7":"product_tag-full-frame-24x36","8":"product_tag-autofocus","9":"product_tag-canon","10":"product_tag-tele-objectif","11":"product_tag-zoom","13":"first","14":"instock","15":"taxable","16":"shipping-taxable","17":"purchasable","18":"product-type-rentable"},"_links":{"self":[{"href":"https:\/\/maxima-studios.com\/en\/wp-json\/wp\/v2\/product\/4035","targetHints":{"allow":["GET"]}}],"collection":[{"href":"https:\/\/maxima-studios.com\/en\/wp-json\/wp\/v2\/product"}],"about":[{"href":"https:\/\/maxima-studios.com\/en\/wp-json\/wp\/v2\/types\/product"}],"wp:featuredmedia":[{"embeddable":true,"href":"https:\/\/maxima-studios.com\/en\/wp-json\/wp\/v2\/media\/9020"}],"wp:attachment":[{"href":"https:\/\/maxima-studios.com\/en\/wp-json\/wp\/v2\/media?parent=4035"}],"wp:term":[{"taxonomy":"product_cat","embeddable":true,"href":"https:\/\/maxima-studios.com\/en\/wp-json\/wp\/v2\/product_cat?post=4035"},{"taxonomy":"product_tag","embeddable":true,"href":"https:\/\/maxima-studios.com\/en\/wp-json\/wp\/v2\/product_tag?post=4035"}],"curies":[{"name":"wp","href":"https:\/\/api.w.org\/{rel}","templated":true}]}}