 {"id":3993,"date":"2024-03-21T13:41:33","date_gmt":"2024-03-21T12:41:33","guid":{"rendered":"https:\/\/maxima-studios.com\/produit\/filtre-black-pro-mist-1-8-82-mm\/"},"modified":"2026-04-13T20:48:27","modified_gmt":"2026-04-13T18:48:27","slug":"tiffen-black-pro-mist-1-8-82mm","status":"publish","type":"product","link":"https:\/\/maxima-studios.com\/en\/product\/tiffen-black-pro-mist-1-8-82mm\/","title":{"rendered":"TIFFEN BLACK PRO-MIST 1\/8 &#8211; 82mm"},"content":{"rendered":"<p>Les filtres Tiffen S\u00e9rie Black Promist (intensit\u00e9 1\/4 et 1\/8) permettent de diffuser les hautes lumi\u00e8res et d&#8217;adoucir l\u2019image tout en pr\u00e9servant le contraste.<\/p>\n<p>\u00a0<\/p>\n<p>Les filtres circulaires sont compatibles avec tous nos objectifs \u00e0 l\u2019aide de bagues d&#8217;adaptation.<\/p>\n<p>\u00a0<\/p>\n<p><u><strong>Points forts :\u00a0<\/strong><\/u><\/p>\n<ul>\n<li>Diffusion tr\u00e8s l\u00e9g\u00e8re (1\/8) : effet subtil, id\u00e9al pour casser le rendu num\u00e9rique<\/li>\n<li>Adoucit les hautes lumi\u00e8res et cr\u00e9e un l\u00e9ger halo (halation)<\/li>\n<li>R\u00e9duction douce du contraste tout en gardant les d\u00e9tails<\/li>\n<li>Lisse la peau et les imperfections, parfait pour portrait \/ fiction<\/li>\n<\/ul>","protected":false},"excerpt":{"rendered":"<p>Filtre de diffusion Circulaire Black Pro-Mist<\/p>\n<p>Marque: Tiffen<\/p>\n<p>Intensit\u00e9 : 1\/8<\/p>\n<p>Diam\u00e8tre filetage : 82mm<\/p>","protected":false},"featured_media":9061,"template":"","meta":[],"product_cat":[288],"product_tag":[244,245],"class_list":{"0":"post-3993","1":"product","2":"type-product","3":"status-publish","4":"has-post-thumbnail","6":"product_cat-circulaire","7":"product_tag-circulaire","8":"product_tag-black-promist","10":"first","11":"instock","12":"taxable","13":"shipping-taxable","14":"purchasable","15":"product-type-rentable"},"_links":{"self":[{"href":"https:\/\/maxima-studios.com\/en\/wp-json\/wp\/v2\/product\/3993","targetHints":{"allow":["GET"]}}],"collection":[{"href":"https:\/\/maxima-studios.com\/en\/wp-json\/wp\/v2\/product"}],"about":[{"href":"https:\/\/maxima-studios.com\/en\/wp-json\/wp\/v2\/types\/product"}],"wp:featuredmedia":[{"embeddable":true,"href":"https:\/\/maxima-studios.com\/en\/wp-json\/wp\/v2\/media\/9061"}],"wp:attachment":[{"href":"https:\/\/maxima-studios.com\/en\/wp-json\/wp\/v2\/media?parent=3993"}],"wp:term":[{"taxonomy":"product_cat","embeddable":true,"href":"https:\/\/maxima-studios.com\/en\/wp-json\/wp\/v2\/product_cat?post=3993"},{"taxonomy":"product_tag","embeddable":true,"href":"https:\/\/maxima-studios.com\/en\/wp-json\/wp\/v2\/product_tag?post=3993"}],"curies":[{"name":"wp","href":"https:\/\/api.w.org\/{rel}","templated":true}]}}