 {"id":3990,"date":"2024-03-21T13:41:33","date_gmt":"2024-03-21T12:41:33","guid":{"rendered":"https:\/\/maxima-studios.com\/produit\/speedbooster-ef-e\/"},"modified":"2026-04-13T20:07:12","modified_gmt":"2026-04-13T18:07:12","slug":"speedbooster-ef-e","status":"publish","type":"product","link":"https:\/\/maxima-studios.com\/en\/product\/speedbooster-ef-e\/","title":{"rendered":"SPEEDBOOSTER EF-E"},"content":{"rendered":"<p>La bague d&#8217;adaptation Speedbooster Ultra EF-E permet d&#8217;adapter des objectifs Canon EF plein format sur des cam\u00e9ras Sony E-Mount APS-C et Super35. Le ratio de conversion de cette bague compense quasiment le crop factor du capteur APS-C\/S35 (0.71&#215;1,5 \u2248 1,1 et 0,71&#215;1,6 \u2248 1,1). Vous conservez donc la longueur de votre focale full frame sur votre cam\u00e9ra APS-C\/S35, ce qui est particuli\u00e8rement utile pour les plans larges.<\/p>\n<p>\u00a0<\/p>\n<p>Autre avantage, le gain d\u2019un diaph gr\u00e2ce au jeu de lentilles pr\u00e9sent dans la bague. Si par exemple l\u2019objectif utilis\u00e9 ouvre \u00e0 2.8, son ouverture relative sera de 2 : le capteur recevra autant de lumi\u00e8re que si une optique APS-C ouvrant \u00e0 F2 avait \u00e9t\u00e9 mont\u00e9e sur le bo\u00eetier.<\/p>\n<p>\u00a0<\/p>\n<p>Id\u00e9ale pour des cam\u00e9ras Super 35 comme la Sony FS5 ou la Sony FS7. Un zoom 24-105 F4 OSS deviendra un 26-115 F2.8 (24-104&#215;1,1) l\u00e0 o\u00f9 une bague classique\u00a0aurait donn\u00e9 un 36-158 F4 (24-105 x 1.5).<\/p>\n<p>\u00a0<\/p>\n<p><strong>Points Forts :\u00a0<\/strong><\/p>\n<ul>\n<li>R\u00e9duction\u00a0Crop Factor de x0.71 fois<\/li>\n<li>Gain d\u2019un diaph<\/li>\n<li>Connectique AF + Diaph + Stab<br \/>\u00a0<\/li>\n<\/ul>","protected":false},"excerpt":{"rendered":"<p>Bague EF &#8211; E<\/p>\n<p>Couverture : Sony APS-C et Super 35<\/p>\n<p>Reduction crop : 0,7x<\/p>\n<p>Gain Diaph : +1<\/p>\n<p>Controle: Diaph + Stab<\/p>","protected":false},"featured_media":9181,"template":"","meta":[],"product_cat":[235],"product_tag":[],"class_list":{"0":"post-3990","1":"product","2":"type-product","3":"status-publish","4":"has-post-thumbnail","6":"product_cat-bague-dadaptation","8":"first","9":"instock","10":"taxable","11":"shipping-taxable","12":"purchasable","13":"product-type-rentable"},"yoast_head":"<!-- This site is optimized with the Yoast SEO plugin v27.3 - https:\/\/yoast.com\/product\/yoast-seo-wordpress\/ -->\n<title>SPEEDBOOSTER EF-E - Maximaloc<\/title>\n<meta name=\"robots\" content=\"index, follow, max-snippet:-1, max-image-preview:large, max-video-preview:-1\" \/>\n<link rel=\"canonical\" href=\"https:\/\/maxima-studios.com\/en\/product\/speedbooster-ef-e\/\" \/>\n<meta property=\"og:locale\" content=\"en_US\" \/>\n<meta property=\"og:type\" content=\"article\" \/>\n<meta property=\"og:title\" content=\"SPEEDBOOSTER EF-E - Maximaloc\" \/>\n<meta property=\"og:description\" content=\"Bague EF - E Couverture : Sony APS-C et Super 35 Reduction crop : 0,7x Gain Diaph : +1 Controle: Diaph + Stab\" \/>\n<meta property=\"og:url\" content=\"https:\/\/maxima-studios.com\/en\/product\/speedbooster-ef-e\/\" \/>\n<meta property=\"og:site_name\" content=\"Maximaloc\" \/>\n<meta property=\"article:publisher\" content=\"https:\/\/www.facebook.com\/Maximalocation\" \/>\n<meta property=\"article:modified_time\" content=\"2026-04-13T18:07:12+00:00\" \/>\n<meta property=\"og:image\" content=\"https:\/\/maxima-studios.com\/wp-content\/uploads\/2024\/03\/b49820_37673a37aacc44689c9810f939c0ac64mv2.webp\" \/>\n\t<meta property=\"og:image:width\" content=\"580\" \/>\n\t<meta property=\"og:image:height\" content=\"420\" \/>\n\t<meta property=\"og:image:type\" content=\"image\/webp\" \/>\n<meta name=\"twitter:card\" content=\"summary_large_image\" \/>\n<meta name=\"twitter:label1\" content=\"Est. reading time\" \/>\n\t<meta name=\"twitter:data1\" content=\"2 minutes\" \/>\n<script type=\"application\/ld+json\" class=\"yoast-schema-graph\">{\"@context\":\"https:\\\/\\\/schema.org\",\"@graph\":[{\"@type\":\"WebPage\",\"@id\":\"https:\\\/\\\/maxima-studios.com\\\/produit\\\/speedbooster-ef-e\\\/\",\"url\":\"https:\\\/\\\/maxima-studios.com\\\/produit\\\/speedbooster-ef-e\\\/\",\"name\":\"SPEEDBOOSTER EF-E - Maximaloc\",\"isPartOf\":{\"@id\":\"https:\\\/\\\/maxima-studios.com\\\/#website\"},\"primaryImageOfPage\":{\"@id\":\"https:\\\/\\\/maxima-studios.com\\\/produit\\\/speedbooster-ef-e\\\/#primaryimage\"},\"image\":{\"@id\":\"https:\\\/\\\/maxima-studios.com\\\/produit\\\/speedbooster-ef-e\\\/#primaryimage\"},\"thumbnailUrl\":\"https:\\\/\\\/maxima-studios.com\\\/wp-content\\\/uploads\\\/2024\\\/03\\\/b49820_37673a37aacc44689c9810f939c0ac64mv2.webp\",\"datePublished\":\"2024-03-21T12:41:33+00:00\",\"dateModified\":\"2026-04-13T18:07:12+00:00\",\"breadcrumb\":{\"@id\":\"https:\\\/\\\/maxima-studios.com\\\/produit\\\/speedbooster-ef-e\\\/#breadcrumb\"},\"inLanguage\":\"en-US\",\"potentialAction\":[{\"@type\":\"ReadAction\",\"target\":[\"https:\\\/\\\/maxima-studios.com\\\/produit\\\/speedbooster-ef-e\\\/\"]}]},{\"@type\":\"ImageObject\",\"inLanguage\":\"en-US\",\"@id\":\"https:\\\/\\\/maxima-studios.com\\\/produit\\\/speedbooster-ef-e\\\/#primaryimage\",\"url\":\"https:\\\/\\\/maxima-studios.com\\\/wp-content\\\/uploads\\\/2024\\\/03\\\/b49820_37673a37aacc44689c9810f939c0ac64mv2.webp\",\"contentUrl\":\"https:\\\/\\\/maxima-studios.com\\\/wp-content\\\/uploads\\\/2024\\\/03\\\/b49820_37673a37aacc44689c9810f939c0ac64mv2.webp\",\"width\":580,\"height\":420,\"caption\":\"Bague d'adaptation Metabones Speedbooster Ultra EF-E mount \u00e0 la location\"},{\"@type\":\"BreadcrumbList\",\"@id\":\"https:\\\/\\\/maxima-studios.com\\\/produit\\\/speedbooster-ef-e\\\/#breadcrumb\",\"itemListElement\":[{\"@type\":\"ListItem\",\"position\":1,\"name\":\"Accueil\",\"item\":\"https:\\\/\\\/maxima-studios.com\\\/\"},{\"@type\":\"ListItem\",\"position\":2,\"name\":\"BOUTIQUE\",\"item\":\"https:\\\/\\\/maxima-studios.com\\\/boutique\\\/\"},{\"@type\":\"ListItem\",\"position\":3,\"name\":\"SPEEDBOOSTER EF-E\"}]},{\"@type\":\"WebSite\",\"@id\":\"https:\\\/\\\/maxima-studios.com\\\/#website\",\"url\":\"https:\\\/\\\/maxima-studios.com\\\/\",\"name\":\"Maximaloc\",\"description\":\"\",\"publisher\":{\"@id\":\"https:\\\/\\\/maxima-studios.com\\\/#organization\"},\"potentialAction\":[{\"@type\":\"SearchAction\",\"target\":{\"@type\":\"EntryPoint\",\"urlTemplate\":\"https:\\\/\\\/maxima-studios.com\\\/?s={search_term_string}\"},\"query-input\":{\"@type\":\"PropertyValueSpecification\",\"valueRequired\":true,\"valueName\":\"search_term_string\"}}],\"inLanguage\":\"en-US\"},{\"@type\":\"Organization\",\"@id\":\"https:\\\/\\\/maxima-studios.com\\\/#organization\",\"name\":\"Maximaloc\",\"url\":\"https:\\\/\\\/maxima-studios.com\\\/\",\"logo\":{\"@type\":\"ImageObject\",\"inLanguage\":\"en-US\",\"@id\":\"https:\\\/\\\/maxima-studios.com\\\/#\\\/schema\\\/logo\\\/image\\\/\",\"url\":\"https:\\\/\\\/maxima-studios.com\\\/wp-content\\\/uploads\\\/2024\\\/03\\\/logo_noir-scaled.png\",\"contentUrl\":\"https:\\\/\\\/maxima-studios.com\\\/wp-content\\\/uploads\\\/2024\\\/03\\\/logo_noir-scaled.png\",\"width\":2560,\"height\":268,\"caption\":\"Maximaloc\"},\"image\":{\"@id\":\"https:\\\/\\\/maxima-studios.com\\\/#\\\/schema\\\/logo\\\/image\\\/\"},\"sameAs\":[\"https:\\\/\\\/www.facebook.com\\\/Maximalocation\"]}]}<\/script>\n<!-- \/ Yoast SEO plugin. -->","yoast_head_json":{"title":"SPEEDBOOSTER EF-E - Maximaloc","robots":{"index":"index","follow":"follow","max-snippet":"max-snippet:-1","max-image-preview":"max-image-preview:large","max-video-preview":"max-video-preview:-1"},"canonical":"https:\/\/maxima-studios.com\/en\/product\/speedbooster-ef-e\/","og_locale":"en_US","og_type":"article","og_title":"SPEEDBOOSTER EF-E - Maximaloc","og_description":"Bague EF - E Couverture : Sony APS-C et Super 35 Reduction crop : 0,7x Gain Diaph : +1 Controle: Diaph + Stab","og_url":"https:\/\/maxima-studios.com\/en\/product\/speedbooster-ef-e\/","og_site_name":"Maximaloc","article_publisher":"https:\/\/www.facebook.com\/Maximalocation","article_modified_time":"2026-04-13T18:07:12+00:00","og_image":[{"width":580,"height":420,"url":"https:\/\/maxima-studios.com\/wp-content\/uploads\/2024\/03\/b49820_37673a37aacc44689c9810f939c0ac64mv2.webp","type":"image\/webp"}],"twitter_card":"summary_large_image","twitter_misc":{"Est. reading time":"2 minutes"},"schema":{"@context":"https:\/\/schema.org","@graph":[{"@type":"WebPage","@id":"https:\/\/maxima-studios.com\/produit\/speedbooster-ef-e\/","url":"https:\/\/maxima-studios.com\/produit\/speedbooster-ef-e\/","name":"SPEEDBOOSTER EF-E - Maximaloc","isPartOf":{"@id":"https:\/\/maxima-studios.com\/#website"},"primaryImageOfPage":{"@id":"https:\/\/maxima-studios.com\/produit\/speedbooster-ef-e\/#primaryimage"},"image":{"@id":"https:\/\/maxima-studios.com\/produit\/speedbooster-ef-e\/#primaryimage"},"thumbnailUrl":"https:\/\/maxima-studios.com\/wp-content\/uploads\/2024\/03\/b49820_37673a37aacc44689c9810f939c0ac64mv2.webp","datePublished":"2024-03-21T12:41:33+00:00","dateModified":"2026-04-13T18:07:12+00:00","breadcrumb":{"@id":"https:\/\/maxima-studios.com\/produit\/speedbooster-ef-e\/#breadcrumb"},"inLanguage":"en-US","potentialAction":[{"@type":"ReadAction","target":["https:\/\/maxima-studios.com\/produit\/speedbooster-ef-e\/"]}]},{"@type":"ImageObject","inLanguage":"en-US","@id":"https:\/\/maxima-studios.com\/produit\/speedbooster-ef-e\/#primaryimage","url":"https:\/\/maxima-studios.com\/wp-content\/uploads\/2024\/03\/b49820_37673a37aacc44689c9810f939c0ac64mv2.webp","contentUrl":"https:\/\/maxima-studios.com\/wp-content\/uploads\/2024\/03\/b49820_37673a37aacc44689c9810f939c0ac64mv2.webp","width":580,"height":420,"caption":"Bague d'adaptation Metabones Speedbooster Ultra EF-E mount \u00e0 la location"},{"@type":"BreadcrumbList","@id":"https:\/\/maxima-studios.com\/produit\/speedbooster-ef-e\/#breadcrumb","itemListElement":[{"@type":"ListItem","position":1,"name":"Accueil","item":"https:\/\/maxima-studios.com\/"},{"@type":"ListItem","position":2,"name":"BOUTIQUE","item":"https:\/\/maxima-studios.com\/boutique\/"},{"@type":"ListItem","position":3,"name":"SPEEDBOOSTER EF-E"}]},{"@type":"WebSite","@id":"https:\/\/maxima-studios.com\/#website","url":"https:\/\/maxima-studios.com\/","name":"Maximaloc","description":"","publisher":{"@id":"https:\/\/maxima-studios.com\/#organization"},"potentialAction":[{"@type":"SearchAction","target":{"@type":"EntryPoint","urlTemplate":"https:\/\/maxima-studios.com\/?s={search_term_string}"},"query-input":{"@type":"PropertyValueSpecification","valueRequired":true,"valueName":"search_term_string"}}],"inLanguage":"en-US"},{"@type":"Organization","@id":"https:\/\/maxima-studios.com\/#organization","name":"Maximaloc","url":"https:\/\/maxima-studios.com\/","logo":{"@type":"ImageObject","inLanguage":"en-US","@id":"https:\/\/maxima-studios.com\/#\/schema\/logo\/image\/","url":"https:\/\/maxima-studios.com\/wp-content\/uploads\/2024\/03\/logo_noir-scaled.png","contentUrl":"https:\/\/maxima-studios.com\/wp-content\/uploads\/2024\/03\/logo_noir-scaled.png","width":2560,"height":268,"caption":"Maximaloc"},"image":{"@id":"https:\/\/maxima-studios.com\/#\/schema\/logo\/image\/"},"sameAs":["https:\/\/www.facebook.com\/Maximalocation"]}]}},"_links":{"self":[{"href":"https:\/\/maxima-studios.com\/en\/wp-json\/wp\/v2\/product\/3990","targetHints":{"allow":["GET"]}}],"collection":[{"href":"https:\/\/maxima-studios.com\/en\/wp-json\/wp\/v2\/product"}],"about":[{"href":"https:\/\/maxima-studios.com\/en\/wp-json\/wp\/v2\/types\/product"}],"wp:featuredmedia":[{"embeddable":true,"href":"https:\/\/maxima-studios.com\/en\/wp-json\/wp\/v2\/media\/9181"}],"wp:attachment":[{"href":"https:\/\/maxima-studios.com\/en\/wp-json\/wp\/v2\/media?parent=3990"}],"wp:term":[{"taxonomy":"product_cat","embeddable":true,"href":"https:\/\/maxima-studios.com\/en\/wp-json\/wp\/v2\/product_cat?post=3990"},{"taxonomy":"product_tag","embeddable":true,"href":"https:\/\/maxima-studios.com\/en\/wp-json\/wp\/v2\/product_tag?post=3990"}],"curies":[{"name":"wp","href":"https:\/\/api.w.org\/{rel}","templated":true}]}}