 {"id":3981,"date":"2024-03-21T13:41:30","date_gmt":"2024-03-21T12:41:30","guid":{"rendered":"https:\/\/maxima-studios.com\/produit\/gopro-hero-max-360\/"},"modified":"2026-04-13T20:43:52","modified_gmt":"2026-04-13T18:43:52","slug":"gopro-hero-max-360","status":"publish","type":"product","link":"https:\/\/maxima-studios.com\/en\/product\/gopro-hero-max-360\/","title":{"rendered":"GOPRO HERO MAX 360\u00b0"},"content":{"rendered":"<p>La GoPro Max 360 est une cam\u00e9ra d&#8217;action\u00a0qui vous permet de capturer des vid\u00e9os immersives \u00e0 360\u00b0, vous donnant l&#8217;impression de voir des images comme si vous y \u00e9tiez. Avec sa conception robuste et sa qualit\u00e9 d&#8217;image, la GoPro Max 360 est l&#8217;accessoire ultime pour capturer des images en r\u00e9alit\u00e9 augment\u00e9.<\/p>\n<p>Cette cam\u00e9ra dispose d&#8217;une multitude de fonctionnalit\u00e9s avanc\u00e9es pour vous offrir une exp\u00e9rience de tournage immersive et inoubliable.<\/p>\n<p>&#8211; La fonctionnalit\u00e9 HyperSmooth 2.0 de la GoPro Max 360 offre une stabilisation d\u2019image incroyable dans toute circonstance.\u00a0<\/p>\n<p>&#8211; \u00c9tanche jusqu&#8217;\u00e0 5 m\u00e8tres vous pourrez capturer des vid\u00e9os et photos 360 sous marines.<\/p>\n<p>&#8211; Gr\u00e2ce \u00e0 son syst\u00e8me avanc\u00e9 de contr\u00f4le vocal, la GoPro Max 360\u00b0 vous permet de prendre des photos et de commencer l&#8217;enregistrement sans avoir \u00e0 toucher la cam\u00e9ra.<\/p>\n<p>&#8211; Vous pouvez \u00e9galement utiliser l&#8217;application GoPro pour contr\u00f4ler la cam\u00e9ra \u00e0 distance, pr\u00e9visualiser et partager des vid\u00e9os et des photos.<\/p>\n<p>Enfin, la GoPro Max 360\u00a0 prend en charge plusieurs modes pour la vid\u00e9o et les photos cr\u00e9atives, comme le mode Power Pano qui peut prendre des photos fixes \u00e0 270\u00b0 sans distorsion. Le mode Time Warp vous permet d&#8217;enregistrer en mode HERO standard avec une fonction de vitesse variable : vous pouvez ralentir puis acc\u00e9l\u00e9rer vos s\u00e9quences en temps r\u00e9el en un seul clic.\u00a0<\/p>\n<p>\u00a0<\/p>\n<p>Points Forts:<\/p>\n<ul>\n<li>Vid\u00e9os et Photos \u00e0 360 \u00b0 pour une exp\u00e9rience immersive<\/li>\n<li>Stabilisation d&#8217;image HyperSmooth 2.0\u00a0<\/li>\n<li>\u00c9tanche jusqu\u2019\u00e0 5 m sans caisson<\/li>\n<li>Contr\u00f4le \u00e0 distance :\u00a0vocal et via l&#8217;application GoPro\u00a0<br \/>\u00a0<br \/>\u00a0<br \/>\u00a0<\/li>\n<\/ul>","protected":false},"excerpt":{"rendered":"<p>Capteur : 16,2MP\u00a0<\/p>\n<p>Photo 5,5 MP et 16,2 MP en 360\u00b0\u00a0<\/p>\n<p>Vid\u00e9o 5,6K 360\u00b0 30p\u00a0<\/p>\n<p>Vid\u00e9o 3K 360\u00b0 60P<\/p>","protected":false},"featured_media":6011,"template":"","meta":[],"product_cat":[192],"product_tag":[160,211,218,162,224,217,164,198,167,195,196],"class_list":{"0":"post-3981","1":"product","2":"type-product","3":"status-publish","4":"has-post-thumbnail","6":"product_cat-gopro-marque","7":"product_tag-420-8-bits","8":"product_tag-5k","9":"product_tag-vr-360","10":"product_tag-4k","11":"product_tag-action-cam","12":"product_tag-petit-capteur","13":"product_tag-4k-60p","14":"product_tag-full-hd","15":"product_tag-fhd-120p","16":"product_tag-avec-autofocus","17":"product_tag-capteur-stabilise","19":"first","20":"instock","21":"taxable","22":"shipping-taxable","23":"purchasable","24":"product-type-rentable"},"_links":{"self":[{"href":"https:\/\/maxima-studios.com\/en\/wp-json\/wp\/v2\/product\/3981","targetHints":{"allow":["GET"]}}],"collection":[{"href":"https:\/\/maxima-studios.com\/en\/wp-json\/wp\/v2\/product"}],"about":[{"href":"https:\/\/maxima-studios.com\/en\/wp-json\/wp\/v2\/types\/product"}],"wp:featuredmedia":[{"embeddable":true,"href":"https:\/\/maxima-studios.com\/en\/wp-json\/wp\/v2\/media\/6011"}],"wp:attachment":[{"href":"https:\/\/maxima-studios.com\/en\/wp-json\/wp\/v2\/media?parent=3981"}],"wp:term":[{"taxonomy":"product_cat","embeddable":true,"href":"https:\/\/maxima-studios.com\/en\/wp-json\/wp\/v2\/product_cat?post=3981"},{"taxonomy":"product_tag","embeddable":true,"href":"https:\/\/maxima-studios.com\/en\/wp-json\/wp\/v2\/product_tag?post=3981"}],"curies":[{"name":"wp","href":"https:\/\/api.w.org\/{rel}","templated":true}]}}