 {"id":3980,"date":"2024-03-21T13:41:30","date_gmt":"2024-03-21T12:41:30","guid":{"rendered":"https:\/\/maxima-studios.com\/produit\/gopro-hero-10\/"},"modified":"2026-04-13T20:43:31","modified_gmt":"2026-04-13T18:43:31","slug":"gopro-hero-10","status":"publish","type":"product","link":"https:\/\/maxima-studios.com\/en\/product\/gopro-hero-10\/","title":{"rendered":"GOPRO HERO 10"},"content":{"rendered":"<p>La GoPro HERO 10 Black capture des vid\u00e9os en 5K 60p, 4K 120p et Slow Motion 2.7K et FHD 240p. Elle int\u00e8gre le nouveau syst\u00e8me de stabilisation Hypersmooth 4.0 qui offre des vid\u00e9os sans secousses m\u00eame dans des conditions extr\u00eames (course \u00e0 pied, voiture, moto, v\u00e9lo, bateau, casque pov, etc). Avec une \u00e9tanch\u00e9it\u00e9 jusqu&#8217;\u00e0 10 m\u00e8tres de profondeur, cette cam\u00e9ra est parfaitement adapt\u00e9e aux activit\u00e9s nautiques et aux sports extr\u00eames.<\/p>\n<p>\u00a0<\/p>\n<p>La GoPro est facilement contr\u00f4lable via l\u2019application GoPro Quick, qui permet \u00e9galement d\u2019avoir un retour vid\u00e9o sur son smartphone. Elle dispose d&#8217;un \u00e9cran tactile arri\u00e8re confortable de 2,3 pouces et d\u2019un \u00e9cran frontal param\u00e9trable. Il peut au besoin afficher l\u2019image film\u00e9e, ce qui est tr\u00e8s pratique en configuration selfie ou lorsque la GoPro est install\u00e9e en hauteur.<\/p>\n<p>\u00a0<\/p>\n<p><strong>Points Forts :<\/strong><\/p>\n<ul>\n<li>Vid\u00e9os 5,3K 60p<\/li>\n<li>Slow Motion 4k 120p et FHD 240p<\/li>\n<li>HyperSmooth 4.0<\/li>\n<li>Contr\u00f4le \u00e0 distance via Smartphone<br \/>\u00a0<br \/>\u00a0<br \/>\u00a0<\/li>\n<\/ul>","protected":false},"excerpt":{"rendered":"<p>Capteur : 23,6 MP (1\/2.3\u201d)<\/p>\n<p>Photo 20MP\u00a0JPEG \/ RAW\u00a0<\/p>\n<p>Vid\u00e9o 5,3K 420 8 bits 60p<\/p>\n<p>Slow Motion 4K 8 bits 120p et 2K 240p<br \/>\u00a0<\/p>","protected":false},"featured_media":5998,"template":"","meta":[],"product_cat":[192],"product_tag":[160,211,165,162,163,224,217,164,198,169,168,167,195,196],"class_list":{"0":"post-3980","1":"product","2":"type-product","3":"status-publish","4":"has-post-thumbnail","6":"product_cat-gopro-marque","7":"product_tag-420-8-bits","8":"product_tag-5k","9":"product_tag-5k-60p","10":"product_tag-4k","11":"product_tag-4k-120p","12":"product_tag-action-cam","13":"product_tag-petit-capteur","14":"product_tag-4k-60p","15":"product_tag-full-hd","16":"product_tag-fhd-240p","17":"product_tag-fhd-180p","18":"product_tag-fhd-120p","19":"product_tag-avec-autofocus","20":"product_tag-capteur-stabilise","22":"first","23":"instock","24":"taxable","25":"shipping-taxable","26":"purchasable","27":"product-type-rentable"},"_links":{"self":[{"href":"https:\/\/maxima-studios.com\/en\/wp-json\/wp\/v2\/product\/3980","targetHints":{"allow":["GET"]}}],"collection":[{"href":"https:\/\/maxima-studios.com\/en\/wp-json\/wp\/v2\/product"}],"about":[{"href":"https:\/\/maxima-studios.com\/en\/wp-json\/wp\/v2\/types\/product"}],"wp:featuredmedia":[{"embeddable":true,"href":"https:\/\/maxima-studios.com\/en\/wp-json\/wp\/v2\/media\/5998"}],"wp:attachment":[{"href":"https:\/\/maxima-studios.com\/en\/wp-json\/wp\/v2\/media?parent=3980"}],"wp:term":[{"taxonomy":"product_cat","embeddable":true,"href":"https:\/\/maxima-studios.com\/en\/wp-json\/wp\/v2\/product_cat?post=3980"},{"taxonomy":"product_tag","embeddable":true,"href":"https:\/\/maxima-studios.com\/en\/wp-json\/wp\/v2\/product_tag?post=3980"}],"curies":[{"name":"wp","href":"https:\/\/api.w.org\/{rel}","templated":true}]}}