 {"id":3979,"date":"2024-03-21T13:41:30","date_gmt":"2024-03-21T12:41:30","guid":{"rendered":"https:\/\/maxima-studios.com\/produit\/gopro-hero-9\/"},"modified":"2026-04-13T20:43:27","modified_gmt":"2026-04-13T18:43:27","slug":"gopro-hero-9","status":"publish","type":"product","link":"https:\/\/maxima-studios.com\/en\/product\/gopro-hero-9\/","title":{"rendered":"GOPRO HERO 9"},"content":{"rendered":"<p>La GoPro HERO 9 Black capture des vid\u00e9os en 5K 30p, 4K 60p et Slow Motion 2.7K 120p et FHD 240p. Le nouveau syst\u00e8me de stabilisation int\u00e9gr\u00e9 Hypersmooth 3.0 permet de lisser les mouvements afin de rendre les rushs exploitables m\u00eame dans les situations de cam\u00e9ra embarqu\u00e9e (voiture, moto, v\u00e9lo, bateau, casque pov, poitrine, snorricam etc). Avec une \u00e9tanch\u00e9it\u00e9 jusqu&#8217;\u00e0 10 m\u00e8tres de profondeur, cette cam\u00e9ra est parfaitement adapt\u00e9e aux activit\u00e9s nautiques et aux sports extr\u00eames.<\/p>\n<p>\u00a0<\/p>\n<p>Avec la GoPro 9 vient une nouvelle batterie au format plus grand, qui embarque une capacit\u00e9 de 1720 mAh contre 1220 mAh, soit une capacit\u00e9 de 40% sup\u00e9rieure \u00e0 celle de la pr\u00e9c\u00e9dente batterie utilis\u00e9e sur les GoPro 8, 7, 6, 5 et HERO.<\/p>\n<p>\u00a0<\/p>\n<p>La GoPro est facilement contr\u00f4lable via l\u2019application GoPro Quick qui permet \u00e9galement\u00a0d\u2019avoir un retour vid\u00e9o sur son smartphone. Elle dispose d&#8217;un \u00e9cran tactile arri\u00e8re confortable de 2,3 pouces et d\u2019un \u00e9cran frontal param\u00e9trable. Il peut au besoin afficher l\u2019image film\u00e9e, ce qui est tr\u00e8s pratique en configuration selfie ou lorsque la GoPro est install\u00e9e en hauteur.<br \/>\u00a0<\/p>\n<p>Points forts :\u00a0<\/p>\n<ul>\n<li>Vid\u00e9o 5K ultra-d\u00e9taill\u00e9e pour des images riches et nettes.<\/li>\n<li>Stabilisation HyperSmooth 3.0 offrant des s\u00e9quences fluides dans tous les mouvements.<\/li>\n<li>Double \u00e9cran (avant + arri\u00e8re) pour cadrer facilement et visualiser ses prises.<\/li>\n<li>Formats et fr\u00e9quences vari\u00e9s (jusqu\u2019\u00e0 240 fps en FHD) pour du slow-motion et des styles cr\u00e9atifs.<\/li>\n<\/ul>\n<p>\u00a0<br \/>\u00a0<\/p>","protected":false},"excerpt":{"rendered":"<p>Capteur : 23,6 MP (1\/2.3\u201d)<\/p>\n<p>Photo 20MP JPEG \/ RAW\u00a0<\/p>\n<p>Vid\u00e9o 5K 420 8 bits 30p<\/p>\n<p>Vid\u00e9o 4K 420 8 bits 60p\u00a0<\/p>\n<p>Slow Motion 2,7K 420 8 bits 120p et FHD 240p<br \/>\u00a0<\/p>","protected":false},"featured_media":5993,"template":"","meta":[],"product_cat":[192],"product_tag":[160,211,162,224,217,164,198,169,168,167,195,196],"class_list":{"0":"post-3979","1":"product","2":"type-product","3":"status-publish","4":"has-post-thumbnail","6":"product_cat-gopro-marque","7":"product_tag-420-8-bits","8":"product_tag-5k","9":"product_tag-4k","10":"product_tag-action-cam","11":"product_tag-petit-capteur","12":"product_tag-4k-60p","13":"product_tag-full-hd","14":"product_tag-fhd-240p","15":"product_tag-fhd-180p","16":"product_tag-fhd-120p","17":"product_tag-avec-autofocus","18":"product_tag-capteur-stabilise","20":"first","21":"instock","22":"taxable","23":"shipping-taxable","24":"purchasable","25":"product-type-rentable"},"_links":{"self":[{"href":"https:\/\/maxima-studios.com\/en\/wp-json\/wp\/v2\/product\/3979","targetHints":{"allow":["GET"]}}],"collection":[{"href":"https:\/\/maxima-studios.com\/en\/wp-json\/wp\/v2\/product"}],"about":[{"href":"https:\/\/maxima-studios.com\/en\/wp-json\/wp\/v2\/types\/product"}],"wp:featuredmedia":[{"embeddable":true,"href":"https:\/\/maxima-studios.com\/en\/wp-json\/wp\/v2\/media\/5993"}],"wp:attachment":[{"href":"https:\/\/maxima-studios.com\/en\/wp-json\/wp\/v2\/media?parent=3979"}],"wp:term":[{"taxonomy":"product_cat","embeddable":true,"href":"https:\/\/maxima-studios.com\/en\/wp-json\/wp\/v2\/product_cat?post=3979"},{"taxonomy":"product_tag","embeddable":true,"href":"https:\/\/maxima-studios.com\/en\/wp-json\/wp\/v2\/product_tag?post=3979"}],"curies":[{"name":"wp","href":"https:\/\/api.w.org\/{rel}","templated":true}]}}