 {"id":3950,"date":"2024-03-21T13:41:22","date_gmt":"2024-03-21T12:41:22","guid":{"rendered":"https:\/\/maxima-studios.com\/produit\/blackmagic-pocket-6k-pro\/"},"modified":"2026-04-13T20:48:10","modified_gmt":"2026-04-13T18:48:10","slug":"blackmagic-pocket-6k-pro","status":"publish","type":"product","link":"https:\/\/maxima-studios.com\/en\/product\/blackmagic-pocket-6k-pro\/","title":{"rendered":"BLACKMAGIC POCKET 6K PRO"},"content":{"rendered":"<p>La Blackmagic\u00a0Pocket Cin\u00e9ma 6K Pro est\u00a0destin\u00e9e aux tournages cin\u00e9, fiction et clip petits budgets ou \u00e0 ceux qui recherchent un c\u00f4t\u00e9 compact et l\u00e9ger.<\/p>\n<p>Elle permet de filmer en 6K Raw jusqu&#8217;\u00e0 30p et int\u00e8gre des filtres ND pour mieux contr\u00f4ler votre exposition.<\/p>\n<p>La Blackmagic Pocket 6K Pro \u00e0 monture EF utilise un capteur Super 35 de 6144 x 3456 et la m\u00eame science des couleurs Gen 5 haut de gamme pour capturer des images cin\u00e9matographiques nettes avec une faible profondeur de champ. La 6K Pro dispose d&#8217;un \u00e9cran LCD inclinable et tr\u00e8s lumineux pour une visualisation facile en plein jour et fonctionne avec la batterie Sony de la s\u00e9rie NPF. <br \/>Elle conserve de nombreuses options de la Pocket Cinema Camera 6K, y compris les emplacements de carte CFast et SD, mais ajoute des fonctions plus professionnelles telles qu&#8217;une deuxi\u00e8me entr\u00e9e audio mini-XLR.<\/p>\n<p>\u00a0<\/p>\n<p>\u00a0<\/p>\n<p><strong>Points Forts :<\/strong><\/p>\n<ul>\n<li>Capteur Super 35mm\u00a0 21.2MP<\/li>\n<li>Vid\u00e9o 6K Raw 12 bits jusqu\u2019\u00e0 30p\u00a0<\/li>\n<li>Vid\u00e9o 4K Raw 12 bits jusqu\u2019\u00e0 60p\u00a0<\/li>\n<li>Vid\u00e9o HD 4:2:2 10 bits jusqu\u2019\u00e0 120p\u00a0<\/li>\n<li>\u00c9cran LCD tactile capacitif inclinable de 5&#8243; avec HDR\u00a0<\/li>\n<li>Filtres ND\u00a0int\u00e9gr\u00e9s clairs 2\/4\/6 stops<\/li>\n<li>Deux entr\u00e9es mini-XLR<\/li>\n<li>Contr\u00f4le \u00e9lectronique des objectifs : iris, autofocus et\u00a0zoom<\/li>\n<\/ul>","protected":false},"excerpt":{"rendered":"<p>Capteur : 21.2MP (Super 35)<\/p>\n<p>Monture : Canon EF\u00a0<\/p>\n<p>Vid\u00e9o 6K Raw 12 bit 30p et 4K 60p\u00a0<\/p>\n<p>Slow motion HD 4:2:2 10 bit\u00a0 120p<\/p>\n<p>\u00a0<br \/>\u00a0<\/p>","protected":false},"featured_media":5989,"template":"","meta":[],"product_cat":[187],"product_tag":[161,213,202,1393,212,216,211,165,162,215,164,198,167,214],"class_list":{"0":"post-3950","1":"product","2":"type-product","3":"status-publish","4":"has-post-thumbnail","6":"product_cat-blackmagic-marque","7":"product_tag-422-10-bits","8":"product_tag-6k-60p","9":"product_tag-cameras","10":"product_tag-cameras-cinema","11":"product_tag-6k","12":"product_tag-super-35-aps-c","13":"product_tag-5k","14":"product_tag-5k-60p","15":"product_tag-4k","16":"product_tag-raw-interne","17":"product_tag-4k-60p","18":"product_tag-full-hd","19":"product_tag-fhd-120p","20":"product_tag-canon-ef","22":"first","23":"instock","24":"taxable","25":"shipping-taxable","26":"purchasable","27":"product-type-rentable"},"yoast_head":"<!-- This site is optimized with the Yoast SEO plugin v27.3 - https:\/\/yoast.com\/product\/yoast-seo-wordpress\/ -->\n<title>BLACKMAGIC POCKET 6K PRO - Maximaloc<\/title>\n<meta name=\"robots\" content=\"index, follow, max-snippet:-1, max-image-preview:large, max-video-preview:-1\" \/>\n<link rel=\"canonical\" href=\"https:\/\/maxima-studios.com\/en\/product\/blackmagic-pocket-6k-pro\/\" \/>\n<meta property=\"og:locale\" content=\"en_US\" \/>\n<meta property=\"og:type\" content=\"article\" \/>\n<meta property=\"og:title\" content=\"BLACKMAGIC POCKET 6K PRO - Maximaloc\" \/>\n<meta property=\"og:description\" content=\"Capteur : 21.2MP (Super 35) Monture : Canon EF\u00a0 Vid\u00e9o 6K Raw 12 bit 30p et 4K 60p\u00a0 Slow motion HD 4:2:2 10 bit\u00a0 120p \u00a0\u00a0\" \/>\n<meta property=\"og:url\" content=\"https:\/\/maxima-studios.com\/en\/product\/blackmagic-pocket-6k-pro\/\" \/>\n<meta property=\"og:site_name\" content=\"Maximaloc\" \/>\n<meta property=\"article:publisher\" content=\"https:\/\/www.facebook.com\/Maximalocation\" \/>\n<meta property=\"article:modified_time\" content=\"2026-04-13T18:48:10+00:00\" \/>\n<meta property=\"og:image\" content=\"https:\/\/maxima-studios.com\/wp-content\/uploads\/2024\/03\/b49820_627884ae095e4676b77de9ff52a26e52mv2.webp\" \/>\n\t<meta property=\"og:image:width\" content=\"580\" \/>\n\t<meta property=\"og:image:height\" content=\"420\" \/>\n\t<meta property=\"og:image:type\" content=\"image\/webp\" \/>\n<meta name=\"twitter:card\" content=\"summary_large_image\" \/>\n<meta name=\"twitter:label1\" content=\"Est. reading time\" \/>\n\t<meta name=\"twitter:data1\" content=\"2 minutes\" \/>\n<script type=\"application\/ld+json\" class=\"yoast-schema-graph\">{\"@context\":\"https:\\\/\\\/schema.org\",\"@graph\":[{\"@type\":\"WebPage\",\"@id\":\"https:\\\/\\\/maxima-studios.com\\\/produit\\\/blackmagic-pocket-6k-pro\\\/\",\"url\":\"https:\\\/\\\/maxima-studios.com\\\/produit\\\/blackmagic-pocket-6k-pro\\\/\",\"name\":\"BLACKMAGIC POCKET 6K PRO - Maximaloc\",\"isPartOf\":{\"@id\":\"https:\\\/\\\/maxima-studios.com\\\/#website\"},\"primaryImageOfPage\":{\"@id\":\"https:\\\/\\\/maxima-studios.com\\\/produit\\\/blackmagic-pocket-6k-pro\\\/#primaryimage\"},\"image\":{\"@id\":\"https:\\\/\\\/maxima-studios.com\\\/produit\\\/blackmagic-pocket-6k-pro\\\/#primaryimage\"},\"thumbnailUrl\":\"https:\\\/\\\/maxima-studios.com\\\/wp-content\\\/uploads\\\/2024\\\/03\\\/b49820_627884ae095e4676b77de9ff52a26e52mv2.webp\",\"datePublished\":\"2024-03-21T12:41:22+00:00\",\"dateModified\":\"2026-04-13T18:48:10+00:00\",\"breadcrumb\":{\"@id\":\"https:\\\/\\\/maxima-studios.com\\\/produit\\\/blackmagic-pocket-6k-pro\\\/#breadcrumb\"},\"inLanguage\":\"en-US\",\"potentialAction\":[{\"@type\":\"ReadAction\",\"target\":[\"https:\\\/\\\/maxima-studios.com\\\/produit\\\/blackmagic-pocket-6k-pro\\\/\"]}]},{\"@type\":\"ImageObject\",\"inLanguage\":\"en-US\",\"@id\":\"https:\\\/\\\/maxima-studios.com\\\/produit\\\/blackmagic-pocket-6k-pro\\\/#primaryimage\",\"url\":\"https:\\\/\\\/maxima-studios.com\\\/wp-content\\\/uploads\\\/2024\\\/03\\\/b49820_627884ae095e4676b77de9ff52a26e52mv2.webp\",\"contentUrl\":\"https:\\\/\\\/maxima-studios.com\\\/wp-content\\\/uploads\\\/2024\\\/03\\\/b49820_627884ae095e4676b77de9ff52a26e52mv2.webp\",\"width\":580,\"height\":420,\"caption\":\"Cam\u00e9ra Cin\u00e9ma Blackmagic Pocket 6K Pro nue vue de face \u00e0 la location\"},{\"@type\":\"BreadcrumbList\",\"@id\":\"https:\\\/\\\/maxima-studios.com\\\/produit\\\/blackmagic-pocket-6k-pro\\\/#breadcrumb\",\"itemListElement\":[{\"@type\":\"ListItem\",\"position\":1,\"name\":\"Accueil\",\"item\":\"https:\\\/\\\/maxima-studios.com\\\/\"},{\"@type\":\"ListItem\",\"position\":2,\"name\":\"BOUTIQUE\",\"item\":\"https:\\\/\\\/maxima-studios.com\\\/boutique\\\/\"},{\"@type\":\"ListItem\",\"position\":3,\"name\":\"BLACKMAGIC POCKET 6K PRO\"}]},{\"@type\":\"WebSite\",\"@id\":\"https:\\\/\\\/maxima-studios.com\\\/#website\",\"url\":\"https:\\\/\\\/maxima-studios.com\\\/\",\"name\":\"Maximaloc\",\"description\":\"\",\"publisher\":{\"@id\":\"https:\\\/\\\/maxima-studios.com\\\/#organization\"},\"potentialAction\":[{\"@type\":\"SearchAction\",\"target\":{\"@type\":\"EntryPoint\",\"urlTemplate\":\"https:\\\/\\\/maxima-studios.com\\\/?s={search_term_string}\"},\"query-input\":{\"@type\":\"PropertyValueSpecification\",\"valueRequired\":true,\"valueName\":\"search_term_string\"}}],\"inLanguage\":\"en-US\"},{\"@type\":\"Organization\",\"@id\":\"https:\\\/\\\/maxima-studios.com\\\/#organization\",\"name\":\"Maximaloc\",\"url\":\"https:\\\/\\\/maxima-studios.com\\\/\",\"logo\":{\"@type\":\"ImageObject\",\"inLanguage\":\"en-US\",\"@id\":\"https:\\\/\\\/maxima-studios.com\\\/#\\\/schema\\\/logo\\\/image\\\/\",\"url\":\"https:\\\/\\\/maxima-studios.com\\\/wp-content\\\/uploads\\\/2024\\\/03\\\/logo_noir-scaled.png\",\"contentUrl\":\"https:\\\/\\\/maxima-studios.com\\\/wp-content\\\/uploads\\\/2024\\\/03\\\/logo_noir-scaled.png\",\"width\":2560,\"height\":268,\"caption\":\"Maximaloc\"},\"image\":{\"@id\":\"https:\\\/\\\/maxima-studios.com\\\/#\\\/schema\\\/logo\\\/image\\\/\"},\"sameAs\":[\"https:\\\/\\\/www.facebook.com\\\/Maximalocation\"]}]}<\/script>\n<!-- \/ Yoast SEO plugin. -->","yoast_head_json":{"title":"BLACKMAGIC POCKET 6K PRO - Maximaloc","robots":{"index":"index","follow":"follow","max-snippet":"max-snippet:-1","max-image-preview":"max-image-preview:large","max-video-preview":"max-video-preview:-1"},"canonical":"https:\/\/maxima-studios.com\/en\/product\/blackmagic-pocket-6k-pro\/","og_locale":"en_US","og_type":"article","og_title":"BLACKMAGIC POCKET 6K PRO - Maximaloc","og_description":"Capteur : 21.2MP (Super 35) Monture : Canon EF\u00a0 Vid\u00e9o 6K Raw 12 bit 30p et 4K 60p\u00a0 Slow motion HD 4:2:2 10 bit\u00a0 120p \u00a0\u00a0","og_url":"https:\/\/maxima-studios.com\/en\/product\/blackmagic-pocket-6k-pro\/","og_site_name":"Maximaloc","article_publisher":"https:\/\/www.facebook.com\/Maximalocation","article_modified_time":"2026-04-13T18:48:10+00:00","og_image":[{"width":580,"height":420,"url":"https:\/\/maxima-studios.com\/wp-content\/uploads\/2024\/03\/b49820_627884ae095e4676b77de9ff52a26e52mv2.webp","type":"image\/webp"}],"twitter_card":"summary_large_image","twitter_misc":{"Est. reading time":"2 minutes"},"schema":{"@context":"https:\/\/schema.org","@graph":[{"@type":"WebPage","@id":"https:\/\/maxima-studios.com\/produit\/blackmagic-pocket-6k-pro\/","url":"https:\/\/maxima-studios.com\/produit\/blackmagic-pocket-6k-pro\/","name":"BLACKMAGIC POCKET 6K PRO - Maximaloc","isPartOf":{"@id":"https:\/\/maxima-studios.com\/#website"},"primaryImageOfPage":{"@id":"https:\/\/maxima-studios.com\/produit\/blackmagic-pocket-6k-pro\/#primaryimage"},"image":{"@id":"https:\/\/maxima-studios.com\/produit\/blackmagic-pocket-6k-pro\/#primaryimage"},"thumbnailUrl":"https:\/\/maxima-studios.com\/wp-content\/uploads\/2024\/03\/b49820_627884ae095e4676b77de9ff52a26e52mv2.webp","datePublished":"2024-03-21T12:41:22+00:00","dateModified":"2026-04-13T18:48:10+00:00","breadcrumb":{"@id":"https:\/\/maxima-studios.com\/produit\/blackmagic-pocket-6k-pro\/#breadcrumb"},"inLanguage":"en-US","potentialAction":[{"@type":"ReadAction","target":["https:\/\/maxima-studios.com\/produit\/blackmagic-pocket-6k-pro\/"]}]},{"@type":"ImageObject","inLanguage":"en-US","@id":"https:\/\/maxima-studios.com\/produit\/blackmagic-pocket-6k-pro\/#primaryimage","url":"https:\/\/maxima-studios.com\/wp-content\/uploads\/2024\/03\/b49820_627884ae095e4676b77de9ff52a26e52mv2.webp","contentUrl":"https:\/\/maxima-studios.com\/wp-content\/uploads\/2024\/03\/b49820_627884ae095e4676b77de9ff52a26e52mv2.webp","width":580,"height":420,"caption":"Cam\u00e9ra Cin\u00e9ma Blackmagic Pocket 6K Pro nue vue de face \u00e0 la location"},{"@type":"BreadcrumbList","@id":"https:\/\/maxima-studios.com\/produit\/blackmagic-pocket-6k-pro\/#breadcrumb","itemListElement":[{"@type":"ListItem","position":1,"name":"Accueil","item":"https:\/\/maxima-studios.com\/"},{"@type":"ListItem","position":2,"name":"BOUTIQUE","item":"https:\/\/maxima-studios.com\/boutique\/"},{"@type":"ListItem","position":3,"name":"BLACKMAGIC POCKET 6K PRO"}]},{"@type":"WebSite","@id":"https:\/\/maxima-studios.com\/#website","url":"https:\/\/maxima-studios.com\/","name":"Maximaloc","description":"","publisher":{"@id":"https:\/\/maxima-studios.com\/#organization"},"potentialAction":[{"@type":"SearchAction","target":{"@type":"EntryPoint","urlTemplate":"https:\/\/maxima-studios.com\/?s={search_term_string}"},"query-input":{"@type":"PropertyValueSpecification","valueRequired":true,"valueName":"search_term_string"}}],"inLanguage":"en-US"},{"@type":"Organization","@id":"https:\/\/maxima-studios.com\/#organization","name":"Maximaloc","url":"https:\/\/maxima-studios.com\/","logo":{"@type":"ImageObject","inLanguage":"en-US","@id":"https:\/\/maxima-studios.com\/#\/schema\/logo\/image\/","url":"https:\/\/maxima-studios.com\/wp-content\/uploads\/2024\/03\/logo_noir-scaled.png","contentUrl":"https:\/\/maxima-studios.com\/wp-content\/uploads\/2024\/03\/logo_noir-scaled.png","width":2560,"height":268,"caption":"Maximaloc"},"image":{"@id":"https:\/\/maxima-studios.com\/#\/schema\/logo\/image\/"},"sameAs":["https:\/\/www.facebook.com\/Maximalocation"]}]}},"_links":{"self":[{"href":"https:\/\/maxima-studios.com\/en\/wp-json\/wp\/v2\/product\/3950","targetHints":{"allow":["GET"]}}],"collection":[{"href":"https:\/\/maxima-studios.com\/en\/wp-json\/wp\/v2\/product"}],"about":[{"href":"https:\/\/maxima-studios.com\/en\/wp-json\/wp\/v2\/types\/product"}],"wp:featuredmedia":[{"embeddable":true,"href":"https:\/\/maxima-studios.com\/en\/wp-json\/wp\/v2\/media\/5989"}],"wp:attachment":[{"href":"https:\/\/maxima-studios.com\/en\/wp-json\/wp\/v2\/media?parent=3950"}],"wp:term":[{"taxonomy":"product_cat","embeddable":true,"href":"https:\/\/maxima-studios.com\/en\/wp-json\/wp\/v2\/product_cat?post=3950"},{"taxonomy":"product_tag","embeddable":true,"href":"https:\/\/maxima-studios.com\/en\/wp-json\/wp\/v2\/product_tag?post=3950"}],"curies":[{"name":"wp","href":"https:\/\/api.w.org\/{rel}","templated":true}]}}