 {"id":3949,"date":"2024-03-21T13:41:22","date_gmt":"2024-03-21T12:41:22","guid":{"rendered":"https:\/\/maxima-studios.com\/produit\/sony-z150\/"},"modified":"2026-04-13T20:47:30","modified_gmt":"2026-04-13T18:47:30","slug":"sony-z150","status":"publish","type":"product","link":"https:\/\/maxima-studios.com\/en\/product\/sony-z150\/","title":{"rendered":"SONY Z150"},"content":{"rendered":"<p>Le cam\u00e9scope Sony PXW-Z150 4K XDCAM offre des performances, une adaptabilit\u00e9 et une facilit\u00e9 d&#8217;utilisation de haute qualit\u00e9 dans un bo\u00eetier compact et portable. Le zoom int\u00e9gr\u00e9 pr\u00e9sente une incroyable plage focale de 29-348 mm motoris\u00e9e, stabilis\u00e9e et parafocale (le zoom garde le meme focus \u00e0 toutes les focales) vous permettant de capturer des plans larges aussi bien que des tr\u00e8s gros plans \u00e0 une certaine distance, ce qui en fait un outil id\u00e9ale pour\u00a0 des captations (concerts, spectacles, conf\u00e9rences),\u00a0 des \u00e9missions de t\u00e9l\u00e9 et de reportages documentaires mais aussi des films d\u2019entreprise et d&#8217;\u00e9v\u00e9nements live tels que mariages, c\u00e9r\u00e9monies, salons etc. L&#8217;objectif zoom int\u00e9gr\u00e9 comporte des bagues de contr\u00f4le d&#8217;objectif individuelles pour la mise au point, l&#8217;iris et le zoom et peut \u00eatre utilis\u00e9 soit en mode enti\u00e8rement automatique avec servocommande, soit en tant qu&#8217;objectif enti\u00e8rement manuel.<\/p>\n<p>Le cam\u00e9scope Sony PXW-Z150 est dot\u00e9 d&#8217;un seul capteur 1 pouce Exmor RS avec une r\u00e9solution UHD 4K (3840 x 2160), d&#8217;un objectif Sony G avec plage de zoom optique 12x \u00e9quivalent 28-348mm. Il peut enregistrer de la 4K 4:2:0 8 bit, de la HD en 4:2:2 10 bit et du Slow Motion HD jusqu\u2019\u00e0 120p.\u00a0<\/p>\n<p>\u00a0<\/p>\n<p><strong>Points Forts :<\/strong><\/p>\n<ul>\n<li>Video Interne UHD 4K (3840 x 2160) 25p,30p<\/li>\n<li>Vid\u00e9o Interne HD 4:2:2 10 bit\u00a060p et Slow motion HD\u00a0120p<\/li>\n<li>Zoom Motoris\u00e9 29-348 mm, stabilis\u00e9,autofocus et parafocale<\/li>\n<li>Bagues Manuelles : diaph, focus et zoom\u00a0\u00a0<\/li>\n<li>Filtres ND int\u00e9gr\u00e9s\u00a0<\/li>\n<li>2x Prises XLR + Mixette<\/li>\n<\/ul>","protected":false},"excerpt":{"rendered":"<p>Capteur : 14,2 MP ( 1&#8243;)<\/p>\n<p>4K UHD 420 8 bits 30p\u00a0<\/p>\n<p>HD 422 10 bit 60p<\/p>\n<p>FHD 422 10 bits 120p<br \/>\u00a0<\/p>","protected":false},"featured_media":5856,"template":"","meta":[],"product_cat":[191],"product_tag":[161,160,370,162,198,195,196,201],"class_list":{"0":"post-3949","1":"product","2":"type-product","3":"status-publish","4":"has-post-thumbnail","6":"product_cat-sony-marque","7":"product_tag-422-10-bits","8":"product_tag-420-8-bits","9":"product_tag-camera","10":"product_tag-4k","11":"product_tag-full-hd","12":"product_tag-avec-autofocus","13":"product_tag-capteur-stabilise","14":"product_tag-sony-e","16":"first","17":"instock","18":"taxable","19":"shipping-taxable","20":"purchasable","21":"product-type-rentable"},"_links":{"self":[{"href":"https:\/\/maxima-studios.com\/en\/wp-json\/wp\/v2\/product\/3949","targetHints":{"allow":["GET"]}}],"collection":[{"href":"https:\/\/maxima-studios.com\/en\/wp-json\/wp\/v2\/product"}],"about":[{"href":"https:\/\/maxima-studios.com\/en\/wp-json\/wp\/v2\/types\/product"}],"wp:featuredmedia":[{"embeddable":true,"href":"https:\/\/maxima-studios.com\/en\/wp-json\/wp\/v2\/media\/5856"}],"wp:attachment":[{"href":"https:\/\/maxima-studios.com\/en\/wp-json\/wp\/v2\/media?parent=3949"}],"wp:term":[{"taxonomy":"product_cat","embeddable":true,"href":"https:\/\/maxima-studios.com\/en\/wp-json\/wp\/v2\/product_cat?post=3949"},{"taxonomy":"product_tag","embeddable":true,"href":"https:\/\/maxima-studios.com\/en\/wp-json\/wp\/v2\/product_tag?post=3949"}],"curies":[{"name":"wp","href":"https:\/\/api.w.org\/{rel}","templated":true}]}}