 {"id":3934,"date":"2024-03-21T13:41:18","date_gmt":"2024-03-21T12:41:18","guid":{"rendered":"https:\/\/maxima-studios.com\/produit\/chargeur-sony-bp-u-double-petit-schuko\/"},"modified":"2026-04-13T20:45:19","modified_gmt":"2026-04-13T18:45:19","slug":"chargeur-sony-bp-u-double","status":"publish","type":"product","link":"https:\/\/maxima-studios.com\/en\/product\/chargeur-sony-bp-u-double\/","title":{"rendered":"CHARGEUR SONY BP-U DOUBLE"},"content":{"rendered":"<p>Le chargeur 2 voies pour Sony BPU permet la charge simultan\u00e9e de deux batteries \u00e0 diff\u00e9rentes forces de charge : L (Low = Lente) ou H ( High = Rapide).<\/p>\n<p>En charge rapide, deux BPU 60 vides seront pleinement recharg\u00e9es en 6 heures et demie, et deux BPU 30 en un peu moins de 3 heures.<\/p>\n<p>Dispose \u00e9galement d\u2019une sortie USB-A 10W pour charger d\u2019autres appareils.<\/p>","protected":false},"excerpt":{"rendered":"<p>Type : Chargeur Sony BPU\u00a02 voies<\/p>\n<p>Compatibilit\u00e9 : Sony BPU 30, 35, 60,\u00a090<\/p>\n<p>Charge \u00e0 2 vitesses : Low \/ High<\/p>","protected":false},"featured_media":11314,"template":"","meta":[],"product_cat":[381],"product_tag":[],"class_list":{"0":"post-3934","1":"product","2":"type-product","3":"status-publish","4":"has-post-thumbnail","6":"product_cat-chargeurs-alim-batterie","8":"first","9":"instock","10":"taxable","11":"shipping-taxable","12":"purchasable","13":"product-type-rentable"},"_links":{"self":[{"href":"https:\/\/maxima-studios.com\/en\/wp-json\/wp\/v2\/product\/3934","targetHints":{"allow":["GET"]}}],"collection":[{"href":"https:\/\/maxima-studios.com\/en\/wp-json\/wp\/v2\/product"}],"about":[{"href":"https:\/\/maxima-studios.com\/en\/wp-json\/wp\/v2\/types\/product"}],"wp:featuredmedia":[{"embeddable":true,"href":"https:\/\/maxima-studios.com\/en\/wp-json\/wp\/v2\/media\/11314"}],"wp:attachment":[{"href":"https:\/\/maxima-studios.com\/en\/wp-json\/wp\/v2\/media?parent=3934"}],"wp:term":[{"taxonomy":"product_cat","embeddable":true,"href":"https:\/\/maxima-studios.com\/en\/wp-json\/wp\/v2\/product_cat?post=3934"},{"taxonomy":"product_tag","embeddable":true,"href":"https:\/\/maxima-studios.com\/en\/wp-json\/wp\/v2\/product_tag?post=3934"}],"curies":[{"name":"wp","href":"https:\/\/api.w.org\/{rel}","templated":true}]}}