 {"id":3925,"date":"2024-03-21T13:41:16","date_gmt":"2024-03-21T12:41:16","guid":{"rendered":"https:\/\/maxima-studios.com\/produit\/batterie-sony-bp-u60\/"},"modified":"2026-04-13T20:36:21","modified_gmt":"2026-04-13T18:36:21","slug":"batterie-sony-bp-u60","status":"publish","type":"product","link":"https:\/\/maxima-studios.com\/en\/product\/batterie-sony-bp-u60\/","title":{"rendered":"BATTERIE SONY BP-U60\/+"},"content":{"rendered":"<p>La batterie BP-U60 est compatible avec une grande gamme de cam\u00e9ra Sony dont les FS5\/FS7 et les FX6\/FX9.\u00a0<\/p>\n<p>\u00a0<\/p>\n<p>Un bouton check permet de v\u00e9rifier la quantit\u00e9 de charge restante sur la batterie.<\/p>\n<p>\u00a0<\/p>\n<p><u><strong>Points forts :\u00a0<\/strong><\/u><\/p>\n<ul>\n<li>Capacit\u00e9 fiable (~56Wh) pour tournages terrain et studio<\/li>\n<li>Syst\u00e8me Info Battery intelligent (autonomie pr\u00e9cise affich\u00e9e sur cam\u00e9ra)<\/li>\n<li>Format BP-U natif Sony compatible FX6, FS7, FS5, FX9<\/li>\n<li>Format compact et l\u00e9ger (~420 g) id\u00e9al pour configs cam\u00e9ra \u00e9paule<\/li>\n<\/ul>","protected":false},"excerpt":{"rendered":"<p>Type : Batterie Cam\u00e9ra Sony<\/p>\n<p>Mod\u00e8le : Sony BP-U60+<\/p>\n<p>Puissance: 60Wh<\/p>\n<p>Compatible : Sony FS5\/FS7, FX6\/FX9, Sony Z200\/300<\/p>","protected":false},"featured_media":11070,"template":"","meta":[],"product_cat":[376],"product_tag":[],"class_list":{"0":"post-3925","1":"product","2":"type-product","3":"status-publish","4":"has-post-thumbnail","6":"product_cat-batterie-cam-np-f","8":"first","9":"instock","10":"taxable","11":"shipping-taxable","12":"purchasable","13":"product-type-rentable"},"_links":{"self":[{"href":"https:\/\/maxima-studios.com\/en\/wp-json\/wp\/v2\/product\/3925","targetHints":{"allow":["GET"]}}],"collection":[{"href":"https:\/\/maxima-studios.com\/en\/wp-json\/wp\/v2\/product"}],"about":[{"href":"https:\/\/maxima-studios.com\/en\/wp-json\/wp\/v2\/types\/product"}],"wp:featuredmedia":[{"embeddable":true,"href":"https:\/\/maxima-studios.com\/en\/wp-json\/wp\/v2\/media\/11070"}],"wp:attachment":[{"href":"https:\/\/maxima-studios.com\/en\/wp-json\/wp\/v2\/media?parent=3925"}],"wp:term":[{"taxonomy":"product_cat","embeddable":true,"href":"https:\/\/maxima-studios.com\/en\/wp-json\/wp\/v2\/product_cat?post=3925"},{"taxonomy":"product_tag","embeddable":true,"href":"https:\/\/maxima-studios.com\/en\/wp-json\/wp\/v2\/product_tag?post=3925"}],"curies":[{"name":"wp","href":"https:\/\/api.w.org\/{rel}","templated":true}]}}