 {"id":3869,"date":"2024-03-21T13:40:56","date_gmt":"2024-03-21T12:40:56","guid":{"rendered":"https:\/\/maxima-studios.com\/produit\/kit-sony-a7siii\/"},"modified":"2026-04-13T20:47:52","modified_gmt":"2026-04-13T18:47:52","slug":"sony-a7siii","status":"publish","type":"product","link":"https:\/\/maxima-studios.com\/en\/product\/sony-a7siii\/","title":{"rendered":"SONY A7SIII"},"content":{"rendered":"<p>Le Sony A7S III est un appareil hybride full frame de haute qualit\u00e9 con\u00e7u pour les professionnels de la vid\u00e9o.<\/p>\n<p>Derni\u00e8re g\u00e9n\u00e9ration de la ligne S (Sensibilit\u00e9) de chez Sony\u00a0 A7S3 s&#8217;impose pour ses performances en vid\u00e9o avec des caract\u00e9ristiques dignes des cam\u00e9ras cin\u00e9ma :<\/p>\n<p>&#8211; Vid\u00e9o en interne 4K 4:2:2 10 bits avec faible compression<\/p>\n<p>&#8211; Slow motion 4K 120p et HD 240p<\/p>\n<p>&#8211; Sortie HDMI en RAW 16 Bit non compress\u00e9 (tr\u00e8s similaire aux signaux RED ou ARRI).<\/p>\n<p>\u00a0<\/p>\n<p>Il dispose d&#8217;un capteur CMOS de 12,1 MP avec une sensibilit\u00e9 ISO allant jusqu&#8217;\u00e0 409600, ce qui permet une excellente performance en basse lumi\u00e8re (12.800 isos sans bruit).\u00a0<\/p>\n<p>\u00a0<\/p>\n<p>L&#8217;A7S III est \u00e9galement \u00e9quip\u00e9 d\u2019un \u00e9cran tactile inclinable, d&#8217;un syst\u00e8me de stabilisation d&#8217;image sur cinq axes, et d\u2019un tout nouveau syst\u00e8me d\u2019autofocus tr\u00e8s performant.\u00a0<\/p>\n<p>\u00a0<\/p>\n<p>Le nouveau syst\u00e8me AF du sony A7S III \u00e0 d\u00e9tection de phase \u00e0 759 point permet la d\u00e9tection des yeux en temps r\u00e9el pour les humains et les animaux et un suivi (tracking) des sujets ou objets\u00a0 en mouvement avec une grande fluidit\u00e9 et cela jusqu&#8217;aux bords de l&#8217;image (couverture de 92% du capteur).<\/p>\n<p>Dans l&#8217;ensemble, le syst\u00e8me autofocus du Sony A7S III est consid\u00e9r\u00e9 comme l&#8217;un des meilleurs du march\u00e9 actuel pour les appareils photo plein format.<\/p>\n<p>Son ergonomie compacte et l\u00e9g\u00e8re et ses caract\u00e9ristiques dignes d\u2019une cam\u00e9ra de cin\u00e9ma en font le choix id\u00e9al pour r\u00e9aliser tout type de vid\u00e9o, des vid\u00e9os internet <br \/>(pub, corporate mode) aux clip de musique jusqu\u2019\u00e0 m\u00eame la fiction.<\/p>\n<p>\u00a0<\/p>\n<p><strong>Points Forts :<\/strong><\/p>\n<ul>\n<li>Vid\u00e9o 4K 422 10 bit 120p<\/li>\n<li>Performance en basses lumi\u00e8res<\/li>\n<li>Qualit\u00e9 AF<\/li>\n<li>Stabilisation 5 Axes<\/li>\n<\/ul>","protected":false},"excerpt":{"rendered":"<p>12,1 MP &#8211; Full Frame<\/p>\n<p>Vid\u00e9o : 4K 422 10 bit 120p\u00a0<\/p>\n<p>Slow Motion : HD 240p\u00a0<\/p>\n<p>Sortie : 4K Raw 16 bit<\/p>","protected":false},"featured_media":5839,"template":"","meta":[],"product_cat":[191],"product_tag":[161,197,194,199,160,162,163,164,198,200,169,168,167,195,196,201],"class_list":{"0":"post-3869","1":"product","2":"type-product","3":"status-publish","4":"has-post-thumbnail","6":"product_cat-sony-marque","7":"product_tag-422-10-bits","8":"product_tag-full-frame-24x36","9":"product_tag-420-10-bits","10":"product_tag-hybride-dslr","11":"product_tag-420-8-bits","12":"product_tag-4k","13":"product_tag-4k-120p","14":"product_tag-4k-60p","15":"product_tag-full-hd","16":"product_tag-raw-externe","17":"product_tag-fhd-240p","18":"product_tag-fhd-180p","19":"product_tag-fhd-120p","20":"product_tag-avec-autofocus","21":"product_tag-capteur-stabilise","22":"product_tag-sony-e","24":"first","25":"instock","26":"taxable","27":"shipping-taxable","28":"purchasable","29":"product-type-rentable"},"_links":{"self":[{"href":"https:\/\/maxima-studios.com\/en\/wp-json\/wp\/v2\/product\/3869","targetHints":{"allow":["GET"]}}],"collection":[{"href":"https:\/\/maxima-studios.com\/en\/wp-json\/wp\/v2\/product"}],"about":[{"href":"https:\/\/maxima-studios.com\/en\/wp-json\/wp\/v2\/types\/product"}],"wp:featuredmedia":[{"embeddable":true,"href":"https:\/\/maxima-studios.com\/en\/wp-json\/wp\/v2\/media\/5839"}],"wp:attachment":[{"href":"https:\/\/maxima-studios.com\/en\/wp-json\/wp\/v2\/media?parent=3869"}],"wp:term":[{"taxonomy":"product_cat","embeddable":true,"href":"https:\/\/maxima-studios.com\/en\/wp-json\/wp\/v2\/product_cat?post=3869"},{"taxonomy":"product_tag","embeddable":true,"href":"https:\/\/maxima-studios.com\/en\/wp-json\/wp\/v2\/product_tag?post=3869"}],"curies":[{"name":"wp","href":"https:\/\/api.w.org\/{rel}","templated":true}]}}