 {"id":23185,"date":"2026-04-09T21:21:41","date_gmt":"2026-04-09T19:21:41","guid":{"rendered":"https:\/\/maxima-studios.com\/produit\/manfrotto-500ah\/"},"modified":"2026-04-13T20:32:20","modified_gmt":"2026-04-13T18:32:20","slug":"manfrotto-500ah","status":"publish","type":"product","link":"https:\/\/maxima-studios.com\/en\/product\/manfrotto-500ah\/","title":{"rendered":"MANFROTTO 500AH"},"content":{"rendered":"<p>Le Manfrotto 500AH avec pied 755 est un pied\u00a0tr\u00e8s l\u00e9ger et tr\u00e8s pratique pour les plans fixes et les petits mouvements.<\/p>\n<p>Sa taille et sa t\u00eate sont adapt\u00e9s aux DSLR \/ Hybrides ainsi que des cameras type Blackmagic Pocket Camera ou Sony Z150.<\/p>\n<p>\u00a0<\/p>\n<p><strong>Points Forts :<\/strong><\/p>\n<ul>\n<li>Tr\u00e9pied id\u00e9ale pour\u00a0les appareils photo reflex et hybrides num\u00e9riques<\/li>\n<li>Capacit\u00e9 de charge de 6kg<\/li>\n<li>Le syst\u00e8me de verrouillage lat\u00e9ral permet d&#8217;installer la camera par le haut sans glisser.<\/li>\n<li>Plage d&#8217;inclinaison de -70\u00b0 \/ +90\u00b0<\/li>\n<li>Rotation panoramique \u00e0 360\u00b0<\/li>\n<li>Filetage 3\/8&#8243;-16 sur le c\u00f4t\u00e9 pour fixer des accessoires<\/li>\n<\/ul>","protected":false},"excerpt":{"rendered":"<p>Type : Tr\u00e9pied Vid\u00e9o L\u00e9ger<\/p>\n<p>Poids Support\u00e9 : 6 Kg<\/p>\n<p>Hauteur max : 174 cm<\/p>\n<p>Hauteur min : 51 cm<\/p>","protected":false},"featured_media":23246,"template":"","meta":[],"product_cat":[390],"product_tag":[],"class_list":{"0":"post-23185","1":"product","2":"type-product","3":"status-publish","4":"has-post-thumbnail","6":"product_cat-trepied-video","8":"first","9":"instock","10":"taxable","11":"shipping-taxable","12":"purchasable","13":"product-type-rentable"},"_links":{"self":[{"href":"https:\/\/maxima-studios.com\/en\/wp-json\/wp\/v2\/product\/23185","targetHints":{"allow":["GET"]}}],"collection":[{"href":"https:\/\/maxima-studios.com\/en\/wp-json\/wp\/v2\/product"}],"about":[{"href":"https:\/\/maxima-studios.com\/en\/wp-json\/wp\/v2\/types\/product"}],"wp:featuredmedia":[{"embeddable":true,"href":"https:\/\/maxima-studios.com\/en\/wp-json\/wp\/v2\/media\/23246"}],"wp:attachment":[{"href":"https:\/\/maxima-studios.com\/en\/wp-json\/wp\/v2\/media?parent=23185"}],"wp:term":[{"taxonomy":"product_cat","embeddable":true,"href":"https:\/\/maxima-studios.com\/en\/wp-json\/wp\/v2\/product_cat?post=23185"},{"taxonomy":"product_tag","embeddable":true,"href":"https:\/\/maxima-studios.com\/en\/wp-json\/wp\/v2\/product_tag?post=23185"}],"curies":[{"name":"wp","href":"https:\/\/api.w.org\/{rel}","templated":true}]}}