 {"id":23010,"date":"2026-03-25T11:02:00","date_gmt":"2026-03-25T10:02:00","guid":{"rendered":"https:\/\/maxima-studios.com\/produit\/wind-up-a-roulettes\/"},"modified":"2026-04-13T20:40:26","modified_gmt":"2026-04-13T18:40:26","slug":"wind-up-a-roulettes","status":"publish","type":"product","link":"https:\/\/maxima-studios.com\/en\/product\/wind-up-a-roulettes\/","title":{"rendered":"WIND-UP A ROULETTES"},"content":{"rendered":"<p>Ce pied lumi\u00e8re est con\u00e7u pour soutenir des projecteurs qui se montent en spigot de 28 (1\u201d1\/8), comme un Nova P300\/P600 ou un COB 600\/1200 de chez Aputure.<\/p>\n<p>Un spigot de 16 (5\/8&#8243;) est \u00e9galement disponible si besoin.<\/p>\n<p>Le Wind Up monte jusqu\u2019\u00e0 370 cm pour une hauteur minimale de 167 cm, la charge support\u00e9e de 30 kg est constante quelque soit la hauteur \u00e0 laquelle est port\u00e9 l\u2019\u00e9clairage.<\/p>\n<p>La hauteur du pied s\u2019ajuste avec une manivelle. Un marche pied est int\u00e9gr\u00e9 en bas de la colonne afin de permettre d\u2019effectuer des ajustements sur le projecteur sans avoir \u00e0 le redescendre.<\/p>","protected":false},"excerpt":{"rendered":"<p>Pied lumi\u00e8re\u00a0\u00e0 manivelle avec roulettes<\/p>\n<p>Hauteur max : 380 cm<\/p>\n<p>Poids support\u00e9 : 30 kg<\/p>","protected":false},"featured_media":23024,"template":"","meta":[],"product_cat":[396],"product_tag":[426,423,424],"class_list":{"0":"post-23010","1":"product","2":"type-product","3":"status-publish","4":"has-post-thumbnail","6":"product_cat-pieds-lumiere","7":"product_tag-spigot-de-28","8":"product_tag-spigot-de-16","9":"product_tag-avenger","11":"first","12":"instock","13":"taxable","14":"shipping-taxable","15":"purchasable","16":"product-type-rentable"},"_links":{"self":[{"href":"https:\/\/maxima-studios.com\/en\/wp-json\/wp\/v2\/product\/23010","targetHints":{"allow":["GET"]}}],"collection":[{"href":"https:\/\/maxima-studios.com\/en\/wp-json\/wp\/v2\/product"}],"about":[{"href":"https:\/\/maxima-studios.com\/en\/wp-json\/wp\/v2\/types\/product"}],"wp:featuredmedia":[{"embeddable":true,"href":"https:\/\/maxima-studios.com\/en\/wp-json\/wp\/v2\/media\/23024"}],"wp:attachment":[{"href":"https:\/\/maxima-studios.com\/en\/wp-json\/wp\/v2\/media?parent=23010"}],"wp:term":[{"taxonomy":"product_cat","embeddable":true,"href":"https:\/\/maxima-studios.com\/en\/wp-json\/wp\/v2\/product_cat?post=23010"},{"taxonomy":"product_tag","embeddable":true,"href":"https:\/\/maxima-studios.com\/en\/wp-json\/wp\/v2\/product_tag?post=23010"}],"curies":[{"name":"wp","href":"https:\/\/api.w.org\/{rel}","templated":true}]}}