 {"id":22959,"date":"2026-03-21T12:46:28","date_gmt":"2026-03-21T11:46:28","guid":{"rendered":"https:\/\/maxima-studios.com\/produit\/pied-micro\/"},"modified":"2026-04-13T20:39:31","modified_gmt":"2026-04-13T18:39:31","slug":"pied-micro","status":"publish","type":"product","link":"https:\/\/maxima-studios.com\/en\/product\/pied-micro\/","title":{"rendered":"PIED MICRO"},"content":{"rendered":"<p>Le K&amp;M 27105 est un pied de micro standard \u00e9quip\u00e9 d&#8217;une perche de longueur fixe et d&#8217;un pied coulissant. Sa construction en acier et la base en fibre de verre lui conf\u00e8rent une tr\u00e8s bonne stabilit\u00e9.<\/p>","protected":false},"excerpt":{"rendered":"<p>Pied micro r\u00e9glable de 90 \u00e0 160cm<\/p>\n<p>Perche de 80,5 cm<\/p>\n<p>Filetage m\u00e2le : Congr\u00e8s 3\/8&#8243;<\/p>\n<p>2,3 kg<\/p>","protected":false},"featured_media":23021,"template":"","meta":[],"product_cat":[1433],"product_tag":[],"class_list":{"0":"post-22959","1":"product","2":"type-product","3":"status-publish","4":"has-post-thumbnail","6":"product_cat-accessoires-micros","8":"first","9":"instock","10":"taxable","11":"shipping-taxable","12":"purchasable","13":"product-type-rentable"},"_links":{"self":[{"href":"https:\/\/maxima-studios.com\/en\/wp-json\/wp\/v2\/product\/22959","targetHints":{"allow":["GET"]}}],"collection":[{"href":"https:\/\/maxima-studios.com\/en\/wp-json\/wp\/v2\/product"}],"about":[{"href":"https:\/\/maxima-studios.com\/en\/wp-json\/wp\/v2\/types\/product"}],"wp:featuredmedia":[{"embeddable":true,"href":"https:\/\/maxima-studios.com\/en\/wp-json\/wp\/v2\/media\/23021"}],"wp:attachment":[{"href":"https:\/\/maxima-studios.com\/en\/wp-json\/wp\/v2\/media?parent=22959"}],"wp:term":[{"taxonomy":"product_cat","embeddable":true,"href":"https:\/\/maxima-studios.com\/en\/wp-json\/wp\/v2\/product_cat?post=22959"},{"taxonomy":"product_tag","embeddable":true,"href":"https:\/\/maxima-studios.com\/en\/wp-json\/wp\/v2\/product_tag?post=22959"}],"curies":[{"name":"wp","href":"https:\/\/api.w.org\/{rel}","templated":true}]}}