 {"id":22898,"date":"2026-03-17T11:11:24","date_gmt":"2026-03-17T10:11:24","guid":{"rendered":"https:\/\/maxima-studios.com\/produit\/sachtler-fsb-4-flowtech-75-ms\/"},"modified":"2026-04-13T20:31:18","modified_gmt":"2026-04-13T18:31:18","slug":"sachtler-fsb-4-flowtech-75-ms","status":"publish","type":"product","link":"https:\/\/maxima-studios.com\/en\/product\/sachtler-fsb-4-flowtech-75-ms\/","title":{"rendered":"SACHTLER FSB 4 FLOWTECH 75 MS"},"content":{"rendered":"<p>Le Sachtler FSB 4 est un tr\u00e9pied fluide qui offre une stabilit\u00e9 optimale et des mouvements fluides lors des prises de vue. Il est con\u00e7u pour supporter des charges allant jusqu&#8217;\u00e0 4 kg, cela en fait un choix adapt\u00e9 pour les cam\u00e9ras l\u00e9g\u00e8res et moyennes.<\/p>\n<p>Le tr\u00e9pied est \u00e9quip\u00e9 de r\u00e9glages pr\u00e9cis pour le contr\u00f4le de la friction et du contrepoids. Son design l\u00e9ger et compact le rend facilement transportable sur le terrain. Il est id\u00e9al pour les tournages en ext\u00e9rieur ou en d\u00e9placement.<\/p>\n<p>\u00a0<\/p>\n<p><strong>Points forts :\u00a0<\/strong><\/p>\n<ul>\n<li>Structure carbone l\u00e9g\u00e8re et rigide<\/li>\n<li>Fluidit\u00e9 professionnelle des mouvements<\/li>\n<li>\u00c9quilibrage rapide et pr\u00e9cis<\/li>\n<\/ul>","protected":false},"excerpt":{"rendered":"<p>Type : Tr\u00e9pied Vid\u00e9o Carbone<\/p>\n<p>Hauteur max : 171 cm<\/p>\n<p>Hauteur min : 40\u00a0cm<\/p>\n<p>Poids support\u00e9 : 4\u00a0Kg<\/p>","protected":false},"featured_media":22905,"template":"","meta":[],"product_cat":[390],"product_tag":[1461,1462,1463,1464,1465,1460,1459],"class_list":{"0":"post-22898","1":"product","2":"type-product","3":"status-publish","4":"has-post-thumbnail","6":"product_cat-trepied-video","7":"product_tag-flowtech","8":"product_tag-fsb","9":"product_tag-fsb4","10":"product_tag-fsb6","11":"product_tag-fsb8","12":"product_tag-sachtler","13":"product_tag-trepieds","15":"first","16":"instock","17":"taxable","18":"shipping-taxable","19":"purchasable","20":"product-type-rentable"},"_links":{"self":[{"href":"https:\/\/maxima-studios.com\/en\/wp-json\/wp\/v2\/product\/22898","targetHints":{"allow":["GET"]}}],"collection":[{"href":"https:\/\/maxima-studios.com\/en\/wp-json\/wp\/v2\/product"}],"about":[{"href":"https:\/\/maxima-studios.com\/en\/wp-json\/wp\/v2\/types\/product"}],"wp:featuredmedia":[{"embeddable":true,"href":"https:\/\/maxima-studios.com\/en\/wp-json\/wp\/v2\/media\/22905"}],"wp:attachment":[{"href":"https:\/\/maxima-studios.com\/en\/wp-json\/wp\/v2\/media?parent=22898"}],"wp:term":[{"taxonomy":"product_cat","embeddable":true,"href":"https:\/\/maxima-studios.com\/en\/wp-json\/wp\/v2\/product_cat?post=22898"},{"taxonomy":"product_tag","embeddable":true,"href":"https:\/\/maxima-studios.com\/en\/wp-json\/wp\/v2\/product_tag?post=22898"}],"curies":[{"name":"wp","href":"https:\/\/api.w.org\/{rel}","templated":true}]}}