 {"id":22871,"date":"2026-03-13T14:54:12","date_gmt":"2026-03-13T13:54:12","guid":{"rendered":"https:\/\/maxima-studios.com\/produit\/optoma-zu820t-videoprojecteur-cinema-mapping\/"},"modified":"2026-04-13T20:30:31","modified_gmt":"2026-04-13T18:30:31","slug":"optoma-zu820t-video-projecteur-cinema-mapping","status":"publish","type":"product","link":"https:\/\/maxima-studios.com\/en\/product\/optoma-zu820t-video-projecteur-cinema-mapping\/","title":{"rendered":"OPTOMA-ZU820T VID\u00c9O PROJECTEUR CINEMA &#8211; MAPPING"},"content":{"rendered":"<p>Avec 8800 lumens et une compatibilit\u00e9 4K et HDR,<\/p>\n<p>le ZU820T dispose d&#8217;une optique certifi\u00e9e IP5X r\u00e9sistante \u00e0 la poussi\u00e8re pour des possibilit\u00e9s de fonctionnement 24 heures sur 24 et 7 jours sur 7.<\/p>\n<p>Il se distingue par sa capacit\u00e9 \u00e0 projeter une image comprise entre 50 pouces (1,27 m\u00e8tre) et 300 pouces (7,62 m\u00e8tres) de diagonale, assurant ainsi une tr\u00e8s grande image adapt\u00e9e \u00e0 des installations vari\u00e9es.<\/p>\n<p>La haute luminosit\u00e9, la pr\u00e9cision des couleurs et le fonctionnement silencieux, ainsi qu&#8217;un zoom motoris\u00e9 1,6x font de ce projecteur la solution id\u00e9ale pour une vari\u00e9t\u00e9 de projets d&#8217;utilisateurs finaux et d&#8217;environnements professionnels, tels que<\/p>\n<ul>\n<li>Projections cin\u00e9ma<\/li>\n<li>Conferences<\/li>\n<li>Simulations<\/li>\n<li>Mapping et Installations immersives<\/li>\n<\/ul>\n<p>\u00a0<\/p>\n<p><strong>Key Strengths<\/strong><\/p>\n<ul>\n<li>Grande qualit\u00e9 de projection<\/li>\n<li>Brightness<\/li>\n<li>Resolution<\/li>\n<li>Silence : Tr\u00e8s peu bruyant<\/li>\n<li>Performances ( peut fonctionner 24H sur 24H 7j sur 7)<\/li>\n<\/ul>\n<p>\u00a0<\/p>","protected":false},"excerpt":{"rendered":"<p>R\u00e9solution : 1920&#215;1080 compatible 4K HDR<\/p>\n<p>Luminosit\u00e9 : 8800 Lumen<\/p>\n<p>Entr\u00e9es : HDMI, VGA, mini-jack<\/p>\n<p>Utilisation: Projections, Conf\u00e9rences, Mapping Int\u00e9rieur<\/p>","protected":false},"featured_media":22873,"template":"","meta":[],"product_cat":[409],"product_tag":[],"class_list":{"0":"post-22871","1":"product","2":"type-product","3":"status-publish","4":"has-post-thumbnail","6":"product_cat-materiel-evenementiel","8":"first","9":"instock","10":"featured","11":"taxable","12":"shipping-taxable","13":"purchasable","14":"product-type-rentable"},"_links":{"self":[{"href":"https:\/\/maxima-studios.com\/en\/wp-json\/wp\/v2\/product\/22871","targetHints":{"allow":["GET"]}}],"collection":[{"href":"https:\/\/maxima-studios.com\/en\/wp-json\/wp\/v2\/product"}],"about":[{"href":"https:\/\/maxima-studios.com\/en\/wp-json\/wp\/v2\/types\/product"}],"wp:featuredmedia":[{"embeddable":true,"href":"https:\/\/maxima-studios.com\/en\/wp-json\/wp\/v2\/media\/22873"}],"wp:attachment":[{"href":"https:\/\/maxima-studios.com\/en\/wp-json\/wp\/v2\/media?parent=22871"}],"wp:term":[{"taxonomy":"product_cat","embeddable":true,"href":"https:\/\/maxima-studios.com\/en\/wp-json\/wp\/v2\/product_cat?post=22871"},{"taxonomy":"product_tag","embeddable":true,"href":"https:\/\/maxima-studios.com\/en\/wp-json\/wp\/v2\/product_tag?post=22871"}],"curies":[{"name":"wp","href":"https:\/\/api.w.org\/{rel}","templated":true}]}}