 {"id":22628,"date":"2026-02-25T17:12:10","date_gmt":"2026-02-25T16:12:10","guid":{"rendered":"https:\/\/maxima-studios.com\/produit\/serie-sirui-ironstar-pl\/"},"modified":"2026-04-13T20:31:09","modified_gmt":"2026-04-13T18:31:09","slug":"serie-sirui-ironstar-pl","status":"publish","type":"product","link":"https:\/\/maxima-studios.com\/en\/product\/serie-sirui-ironstar-pl\/","title":{"rendered":"SERIE SIRUI IRONSTAR PL"},"content":{"rendered":"<p>La s\u00e9rie Sirui IronStar 1.5x Anamorphic Full Frame Cine Lens Series regroupe trois focales anamorphiques plein format (35 mm, 45 mm et 60 mm) con\u00e7ues pour un usage cin\u00e9ma professionnel. Dot\u00e9es d\u2019une compression anamorphique constante 1,5x, elles permettent d\u2019obtenir un format large cin\u00e9matographique tout en exploitant pleinement le capteur. Elles produisent un bokeh ovale prononc\u00e9 et des flares horizontaux caract\u00e9ristiques.<\/p>\n<p>Avec une ouverture lumineuse T1.9, une couverture plein format d\u2019environ 46 mm et une construction enti\u00e8rement manuelle avec rotation de mise au point de 270\u00b0, elles offrent pr\u00e9cision, homog\u00e9n\u00e9it\u00e9 et compatibilit\u00e9 avec les configurations cin\u00e9ma via montures interchangeables EF et PL et un diam\u00e8tre frontal standard de 95 mm.<\/p>","protected":false},"excerpt":{"rendered":"<p>S\u00e9rie cin\u00e9ma anamorphique Sirui Ironstar<\/p>\n<p>Monture : PL\/EF<\/p>\n<p>Couverture : Full Frame<\/p>\n<p>Diam\u00e8tre de filtre : 95mm<\/p>","protected":false},"featured_media":22659,"template":"","meta":[],"product_cat":[226],"product_tag":[1454,1450,1451,1452,1403,1404,214,1455,240,1453,1445,272,279,286,278],"class_list":{"0":"post-22628","1":"product","2":"type-product","3":"status-publish","4":"has-post-thumbnail","6":"product_cat-objectifs-site-web","7":"product_tag-1-5x","8":"product_tag-35mm","9":"product_tag-45mm","10":"product_tag-60mm","11":"product_tag-anamorphique","12":"product_tag-blazar","13":"product_tag-canon-ef","14":"product_tag-ironstar","15":"product_tag-mise-au-point-manuelle","16":"product_tag-monture-pl","17":"product_tag-optiques","18":"product_tag-serie","19":"product_tag-sigma","20":"product_tag-sirui","21":"product_tag-zeiss","23":"first","24":"instock","25":"featured","26":"taxable","27":"shipping-taxable","28":"purchasable","29":"product-type-rentable"},"yoast_head":"<!-- This site is optimized with the Yoast SEO plugin v27.3 - https:\/\/yoast.com\/product\/yoast-seo-wordpress\/ -->\n<title>SERIE SIRUI IRONSTAR PL - Maximaloc<\/title>\n<meta name=\"robots\" content=\"index, follow, max-snippet:-1, max-image-preview:large, max-video-preview:-1\" \/>\n<link rel=\"canonical\" href=\"https:\/\/maxima-studios.com\/en\/product\/serie-sirui-ironstar-pl\/\" \/>\n<meta property=\"og:locale\" content=\"en_US\" \/>\n<meta property=\"og:type\" content=\"article\" \/>\n<meta property=\"og:title\" content=\"SERIE SIRUI IRONSTAR PL - Maximaloc\" \/>\n<meta property=\"og:description\" content=\"S\u00e9rie cin\u00e9ma anamorphique Sirui Ironstar Monture : PL\/EF Couverture : Full Frame Diam\u00e8tre de filtre : 95mm\" \/>\n<meta property=\"og:url\" content=\"https:\/\/maxima-studios.com\/en\/product\/serie-sirui-ironstar-pl\/\" \/>\n<meta property=\"og:site_name\" content=\"Maximaloc\" \/>\n<meta property=\"article:publisher\" content=\"https:\/\/www.facebook.com\/Maximalocation\" \/>\n<meta property=\"article:modified_time\" content=\"2026-04-13T18:31:09+00:00\" \/>\n<meta property=\"og:image\" content=\"https:\/\/maxima-studios.com\/wp-content\/uploads\/2024\/09\/website.webp\" \/>\n\t<meta property=\"og:image:width\" content=\"1230\" \/>\n\t<meta property=\"og:image:height\" content=\"675\" \/>\n\t<meta property=\"og:image:type\" content=\"image\/webp\" \/>\n<meta name=\"twitter:card\" content=\"summary_large_image\" \/>\n<meta name=\"twitter:label1\" content=\"Est. reading time\" \/>\n\t<meta name=\"twitter:data1\" content=\"1 minute\" \/>\n<script type=\"application\/ld+json\" class=\"yoast-schema-graph\">{\"@context\":\"https:\\\/\\\/schema.org\",\"@graph\":[{\"@type\":\"WebPage\",\"@id\":\"https:\\\/\\\/maxima-studios.com\\\/produit\\\/serie-sirui-ironstar-pl\\\/\",\"url\":\"https:\\\/\\\/maxima-studios.com\\\/produit\\\/serie-sirui-ironstar-pl\\\/\",\"name\":\"SERIE SIRUI IRONSTAR PL - Maximaloc\",\"isPartOf\":{\"@id\":\"https:\\\/\\\/maxima-studios.com\\\/#website\"},\"primaryImageOfPage\":{\"@id\":\"https:\\\/\\\/maxima-studios.com\\\/produit\\\/serie-sirui-ironstar-pl\\\/#primaryimage\"},\"image\":{\"@id\":\"https:\\\/\\\/maxima-studios.com\\\/produit\\\/serie-sirui-ironstar-pl\\\/#primaryimage\"},\"thumbnailUrl\":\"https:\\\/\\\/maxima-studios.com\\\/wp-content\\\/uploads\\\/2026\\\/02\\\/OPTIQUES-VALISES-2.png\",\"datePublished\":\"2026-02-25T16:12:10+00:00\",\"dateModified\":\"2026-04-13T18:31:09+00:00\",\"breadcrumb\":{\"@id\":\"https:\\\/\\\/maxima-studios.com\\\/produit\\\/serie-sirui-ironstar-pl\\\/#breadcrumb\"},\"inLanguage\":\"en-US\",\"potentialAction\":[{\"@type\":\"ReadAction\",\"target\":[\"https:\\\/\\\/maxima-studios.com\\\/produit\\\/serie-sirui-ironstar-pl\\\/\"]}]},{\"@type\":\"ImageObject\",\"inLanguage\":\"en-US\",\"@id\":\"https:\\\/\\\/maxima-studios.com\\\/produit\\\/serie-sirui-ironstar-pl\\\/#primaryimage\",\"url\":\"https:\\\/\\\/maxima-studios.com\\\/wp-content\\\/uploads\\\/2026\\\/02\\\/OPTIQUES-VALISES-2.png\",\"contentUrl\":\"https:\\\/\\\/maxima-studios.com\\\/wp-content\\\/uploads\\\/2026\\\/02\\\/OPTIQUES-VALISES-2.png\",\"width\":1000,\"height\":1000},{\"@type\":\"BreadcrumbList\",\"@id\":\"https:\\\/\\\/maxima-studios.com\\\/produit\\\/serie-sirui-ironstar-pl\\\/#breadcrumb\",\"itemListElement\":[{\"@type\":\"ListItem\",\"position\":1,\"name\":\"Accueil\",\"item\":\"https:\\\/\\\/maxima-studios.com\\\/\"},{\"@type\":\"ListItem\",\"position\":2,\"name\":\"BOUTIQUE\",\"item\":\"https:\\\/\\\/maxima-studios.com\\\/boutique\\\/\"},{\"@type\":\"ListItem\",\"position\":3,\"name\":\"SERIE SIRUI IRONSTAR PL\"}]},{\"@type\":\"WebSite\",\"@id\":\"https:\\\/\\\/maxima-studios.com\\\/#website\",\"url\":\"https:\\\/\\\/maxima-studios.com\\\/\",\"name\":\"Maximaloc\",\"description\":\"\",\"publisher\":{\"@id\":\"https:\\\/\\\/maxima-studios.com\\\/#organization\"},\"potentialAction\":[{\"@type\":\"SearchAction\",\"target\":{\"@type\":\"EntryPoint\",\"urlTemplate\":\"https:\\\/\\\/maxima-studios.com\\\/?s={search_term_string}\"},\"query-input\":{\"@type\":\"PropertyValueSpecification\",\"valueRequired\":true,\"valueName\":\"search_term_string\"}}],\"inLanguage\":\"en-US\"},{\"@type\":\"Organization\",\"@id\":\"https:\\\/\\\/maxima-studios.com\\\/#organization\",\"name\":\"Maximaloc\",\"url\":\"https:\\\/\\\/maxima-studios.com\\\/\",\"logo\":{\"@type\":\"ImageObject\",\"inLanguage\":\"en-US\",\"@id\":\"https:\\\/\\\/maxima-studios.com\\\/#\\\/schema\\\/logo\\\/image\\\/\",\"url\":\"https:\\\/\\\/maxima-studios.com\\\/wp-content\\\/uploads\\\/2024\\\/03\\\/logo_noir-scaled.png\",\"contentUrl\":\"https:\\\/\\\/maxima-studios.com\\\/wp-content\\\/uploads\\\/2024\\\/03\\\/logo_noir-scaled.png\",\"width\":2560,\"height\":268,\"caption\":\"Maximaloc\"},\"image\":{\"@id\":\"https:\\\/\\\/maxima-studios.com\\\/#\\\/schema\\\/logo\\\/image\\\/\"},\"sameAs\":[\"https:\\\/\\\/www.facebook.com\\\/Maximalocation\"]}]}<\/script>\n<!-- \/ Yoast SEO plugin. -->","yoast_head_json":{"title":"SERIE SIRUI IRONSTAR PL - Maximaloc","robots":{"index":"index","follow":"follow","max-snippet":"max-snippet:-1","max-image-preview":"max-image-preview:large","max-video-preview":"max-video-preview:-1"},"canonical":"https:\/\/maxima-studios.com\/en\/product\/serie-sirui-ironstar-pl\/","og_locale":"en_US","og_type":"article","og_title":"SERIE SIRUI IRONSTAR PL - Maximaloc","og_description":"S\u00e9rie cin\u00e9ma anamorphique Sirui Ironstar Monture : PL\/EF Couverture : Full Frame Diam\u00e8tre de filtre : 95mm","og_url":"https:\/\/maxima-studios.com\/en\/product\/serie-sirui-ironstar-pl\/","og_site_name":"Maximaloc","article_publisher":"https:\/\/www.facebook.com\/Maximalocation","article_modified_time":"2026-04-13T18:31:09+00:00","og_image":[{"width":1230,"height":675,"url":"https:\/\/maxima-studios.com\/wp-content\/uploads\/2024\/09\/website.webp","type":"image\/webp"}],"twitter_card":"summary_large_image","twitter_misc":{"Est. reading time":"1 minute"},"schema":{"@context":"https:\/\/schema.org","@graph":[{"@type":"WebPage","@id":"https:\/\/maxima-studios.com\/produit\/serie-sirui-ironstar-pl\/","url":"https:\/\/maxima-studios.com\/produit\/serie-sirui-ironstar-pl\/","name":"SERIE SIRUI IRONSTAR PL - Maximaloc","isPartOf":{"@id":"https:\/\/maxima-studios.com\/#website"},"primaryImageOfPage":{"@id":"https:\/\/maxima-studios.com\/produit\/serie-sirui-ironstar-pl\/#primaryimage"},"image":{"@id":"https:\/\/maxima-studios.com\/produit\/serie-sirui-ironstar-pl\/#primaryimage"},"thumbnailUrl":"https:\/\/maxima-studios.com\/wp-content\/uploads\/2026\/02\/OPTIQUES-VALISES-2.png","datePublished":"2026-02-25T16:12:10+00:00","dateModified":"2026-04-13T18:31:09+00:00","breadcrumb":{"@id":"https:\/\/maxima-studios.com\/produit\/serie-sirui-ironstar-pl\/#breadcrumb"},"inLanguage":"en-US","potentialAction":[{"@type":"ReadAction","target":["https:\/\/maxima-studios.com\/produit\/serie-sirui-ironstar-pl\/"]}]},{"@type":"ImageObject","inLanguage":"en-US","@id":"https:\/\/maxima-studios.com\/produit\/serie-sirui-ironstar-pl\/#primaryimage","url":"https:\/\/maxima-studios.com\/wp-content\/uploads\/2026\/02\/OPTIQUES-VALISES-2.png","contentUrl":"https:\/\/maxima-studios.com\/wp-content\/uploads\/2026\/02\/OPTIQUES-VALISES-2.png","width":1000,"height":1000},{"@type":"BreadcrumbList","@id":"https:\/\/maxima-studios.com\/produit\/serie-sirui-ironstar-pl\/#breadcrumb","itemListElement":[{"@type":"ListItem","position":1,"name":"Accueil","item":"https:\/\/maxima-studios.com\/"},{"@type":"ListItem","position":2,"name":"BOUTIQUE","item":"https:\/\/maxima-studios.com\/boutique\/"},{"@type":"ListItem","position":3,"name":"SERIE SIRUI IRONSTAR PL"}]},{"@type":"WebSite","@id":"https:\/\/maxima-studios.com\/#website","url":"https:\/\/maxima-studios.com\/","name":"Maximaloc","description":"","publisher":{"@id":"https:\/\/maxima-studios.com\/#organization"},"potentialAction":[{"@type":"SearchAction","target":{"@type":"EntryPoint","urlTemplate":"https:\/\/maxima-studios.com\/?s={search_term_string}"},"query-input":{"@type":"PropertyValueSpecification","valueRequired":true,"valueName":"search_term_string"}}],"inLanguage":"en-US"},{"@type":"Organization","@id":"https:\/\/maxima-studios.com\/#organization","name":"Maximaloc","url":"https:\/\/maxima-studios.com\/","logo":{"@type":"ImageObject","inLanguage":"en-US","@id":"https:\/\/maxima-studios.com\/#\/schema\/logo\/image\/","url":"https:\/\/maxima-studios.com\/wp-content\/uploads\/2024\/03\/logo_noir-scaled.png","contentUrl":"https:\/\/maxima-studios.com\/wp-content\/uploads\/2024\/03\/logo_noir-scaled.png","width":2560,"height":268,"caption":"Maximaloc"},"image":{"@id":"https:\/\/maxima-studios.com\/#\/schema\/logo\/image\/"},"sameAs":["https:\/\/www.facebook.com\/Maximalocation"]}]}},"_links":{"self":[{"href":"https:\/\/maxima-studios.com\/en\/wp-json\/wp\/v2\/product\/22628","targetHints":{"allow":["GET"]}}],"collection":[{"href":"https:\/\/maxima-studios.com\/en\/wp-json\/wp\/v2\/product"}],"about":[{"href":"https:\/\/maxima-studios.com\/en\/wp-json\/wp\/v2\/types\/product"}],"wp:featuredmedia":[{"embeddable":true,"href":"https:\/\/maxima-studios.com\/en\/wp-json\/wp\/v2\/media\/22659"}],"wp:attachment":[{"href":"https:\/\/maxima-studios.com\/en\/wp-json\/wp\/v2\/media?parent=22628"}],"wp:term":[{"taxonomy":"product_cat","embeddable":true,"href":"https:\/\/maxima-studios.com\/en\/wp-json\/wp\/v2\/product_cat?post=22628"},{"taxonomy":"product_tag","embeddable":true,"href":"https:\/\/maxima-studios.com\/en\/wp-json\/wp\/v2\/product_tag?post=22628"}],"curies":[{"name":"wp","href":"https:\/\/api.w.org\/{rel}","templated":true}]}}