 {"id":22503,"date":"2026-02-17T09:46:54","date_gmt":"2026-02-17T08:46:54","guid":{"rendered":"https:\/\/maxima-studios.com\/produit\/tascam-console-enregistreur-modele-16\/"},"modified":"2026-04-13T20:45:55","modified_gmt":"2026-04-13T18:45:55","slug":"tascam-console-enregistreur-modele-16","status":"publish","type":"product","link":"https:\/\/maxima-studios.com\/en\/product\/tascam-console-enregistreur-modele-16\/","title":{"rendered":"TASCAM CONSOLE ENREGISTREUR  MOD\u00c8LE 16"},"content":{"rendered":"<p>La Tascam Model 16 est une console de mixage analogique 16 pistes int\u00e9grant un enregistreur multipiste et une interface audio USB.<\/p>\n<p>Elle permet d\u2019enregistrer directement sur carte SD tout en offrant une connexion simple \u00e0 un ordinateur pour un travail en DAW.<\/p>\n<p>\u00c9quip\u00e9e de 10 entr\u00e9es micro XLR avec pr\u00e9-amplis Ultra-HDDA, de compresseurs int\u00e9gr\u00e9s sur les premi\u00e8res voies et d\u2019un \u00e9galiseur 3 bandes,<\/p>\n<p>elle offre un contr\u00f4le pr\u00e9cis du signal en studio comme en captation live.<\/p>\n<p>Solution tout-en-un, la Model 16 combine mixage, enregistrement et interface audio dans un format robuste et intuitif, id\u00e9al pour les musiciens, ing\u00e9nieurs du son et productions audiovisuelles.<\/p>\n<p>\u00a0<\/p>\n<p>Key Strengths<\/p>\n<ul>\n<li>Console + interface audio + enregistreur multipiste<\/li>\n<li>Enregistrement direct sur carte SD<\/li>\n<li>Pr\u00e9amplis micro haute qualit\u00e9 Tascam<\/li>\n<li>Connectivit\u00e9 USB pour DAW<\/li>\n<\/ul>","protected":false},"excerpt":{"rendered":"<p>Console de Mixage \/ Enregistreur multi-piste<\/p>\n<p>Modele: Tascam Mod\u00e8le 16<\/p>\n<p>16 pistes : 10 XLR + 6 ligne<\/p>\n<p>D\u00e9bit max : 24 bits \/ 48 kHz<\/p>\n<p>Entr\u00e9es : 4x XLR \/ jack<\/p>\n<p>Sorties : 2x XLR \/ Jack<\/p>\n<p>Connectiques : XLR \/ Jack 6.3mm<\/p>\n<p>\u00a0<\/p>","protected":false},"featured_media":22508,"template":"","meta":[],"product_cat":[339],"product_tag":[],"class_list":{"0":"post-22503","1":"product","2":"type-product","3":"status-publish","4":"has-post-thumbnail","6":"product_cat-enregistreur-mixette","8":"first","9":"instock","10":"featured","11":"taxable","12":"shipping-taxable","13":"purchasable","14":"product-type-rentable"},"_links":{"self":[{"href":"https:\/\/maxima-studios.com\/en\/wp-json\/wp\/v2\/product\/22503","targetHints":{"allow":["GET"]}}],"collection":[{"href":"https:\/\/maxima-studios.com\/en\/wp-json\/wp\/v2\/product"}],"about":[{"href":"https:\/\/maxima-studios.com\/en\/wp-json\/wp\/v2\/types\/product"}],"wp:featuredmedia":[{"embeddable":true,"href":"https:\/\/maxima-studios.com\/en\/wp-json\/wp\/v2\/media\/22508"}],"wp:attachment":[{"href":"https:\/\/maxima-studios.com\/en\/wp-json\/wp\/v2\/media?parent=22503"}],"wp:term":[{"taxonomy":"product_cat","embeddable":true,"href":"https:\/\/maxima-studios.com\/en\/wp-json\/wp\/v2\/product_cat?post=22503"},{"taxonomy":"product_tag","embeddable":true,"href":"https:\/\/maxima-studios.com\/en\/wp-json\/wp\/v2\/product_tag?post=22503"}],"curies":[{"name":"wp","href":"https:\/\/api.w.org\/{rel}","templated":true}]}}