 {"id":22302,"date":"2026-01-28T10:13:50","date_gmt":"2026-01-28T09:13:50","guid":{"rendered":"https:\/\/maxima-studios.com\/produit\/kit-c-stand-noir\/"},"modified":"2026-04-13T20:30:28","modified_gmt":"2026-04-13T18:30:28","slug":"kit-c-stand-noir","status":"publish","type":"product","link":"https:\/\/maxima-studios.com\/en\/product\/kit-c-stand-noir\/","title":{"rendered":"KIT C-STAND NOIR"},"content":{"rendered":"<p>Le pied Avenger C-Stand est un accessoire polyvalent et robuste con\u00e7u pour r\u00e9pondre aux besoins des professionnels de la photographie, de la vid\u00e9o et de l&#8217;\u00e9clairage. Ses pieds sont r\u00e9glables de mani\u00e8re s\u00e9par\u00e9e afin de s\u2019adapter \u00e0 des surfaces in\u00e9gales.<\/p>\n<p>De plus, la base peut se d\u00e9tacher de la colonne centrale pour en faire un pied femelle tr\u00e8s bas.<\/p>\n<p>Sa conception avec pieds en C permettent un faible encombrement et une facilit\u00e9 de rangement pour un transport optimal.<\/p>\n<p>\u00a0<\/p>\n<p><strong>Points forts :<\/strong><\/p>\n<ul>\n<li>Transport pratique : Le C-Stand est con\u00e7u de mani\u00e8re pratique pour le transport. Les diff\u00e9rentes parties peuvent \u00eatre d\u00e9mont\u00e9es et repli\u00e9es pour faciliter le rangement et le transport.\u00a0<\/li>\n<li>Faible encombrement Les branches des pieds sont con\u00e7ues pour \u00eatre peu encombrantes et plut\u00f4t esth\u00e9tiques\u00a0\u00a0<\/li>\n<li>Base solide : Le pied est \u00e9quip\u00e9 d&#8217;une base en trois branches qui assure une stabilit\u00e9 maximale, m\u00eame sur des surfaces in\u00e9gales.\u00a0\u00a0<\/li>\n<li>Hauteur r\u00e9glable : Le C-Stand dispose d&#8217;une colonne centrale t\u00e9lescopique qui permet d&#8217;ajuster facilement la hauteur du support.<\/li>\n<\/ul>","protected":false},"excerpt":{"rendered":"<p>Pied Lumi\u00e8re en Acier C-Stand avec accessoires<\/p>\n<p>Hauteur min : 134 cm<\/p>\n<p>Hauteur max : 300 cm\u00a0\u00a0<\/p>\n<p>Poids support\u00e9 : 10 kg<\/p>\n<p>Poids: : 6.2 kg<\/p>","protected":false},"featured_media":22317,"template":"","meta":[],"product_cat":[396],"product_tag":[],"class_list":{"0":"post-22302","1":"product","2":"type-product","3":"status-publish","4":"has-post-thumbnail","6":"product_cat-pieds-lumiere","8":"first","9":"instock","10":"taxable","11":"shipping-taxable","12":"purchasable","13":"product-type-rentable"},"_links":{"self":[{"href":"https:\/\/maxima-studios.com\/en\/wp-json\/wp\/v2\/product\/22302","targetHints":{"allow":["GET"]}}],"collection":[{"href":"https:\/\/maxima-studios.com\/en\/wp-json\/wp\/v2\/product"}],"about":[{"href":"https:\/\/maxima-studios.com\/en\/wp-json\/wp\/v2\/types\/product"}],"wp:featuredmedia":[{"embeddable":true,"href":"https:\/\/maxima-studios.com\/en\/wp-json\/wp\/v2\/media\/22317"}],"wp:attachment":[{"href":"https:\/\/maxima-studios.com\/en\/wp-json\/wp\/v2\/media?parent=22302"}],"wp:term":[{"taxonomy":"product_cat","embeddable":true,"href":"https:\/\/maxima-studios.com\/en\/wp-json\/wp\/v2\/product_cat?post=22302"},{"taxonomy":"product_tag","embeddable":true,"href":"https:\/\/maxima-studios.com\/en\/wp-json\/wp\/v2\/product_tag?post=22302"}],"curies":[{"name":"wp","href":"https:\/\/api.w.org\/{rel}","templated":true}]}}