 {"id":22158,"date":"2026-01-15T15:29:46","date_gmt":"2026-01-15T14:29:46","guid":{"rendered":"https:\/\/maxima-studios.com\/produit\/avenger-rotule-d200b-noire\/"},"modified":"2026-04-13T20:30:27","modified_gmt":"2026-04-13T18:30:27","slug":"avenger-rotule-d200b-noire","status":"publish","type":"product","link":"https:\/\/maxima-studios.com\/en\/product\/avenger-rotule-d200b-noire\/","title":{"rendered":"AVENGER ROTULE D200B NOIRE"},"content":{"rendered":"<p>La rotule Avenger D200 assure la liaison entre une pied lumi\u00e8re et une tige pleine ou un tube. Elle accepte plusieurs diam\u00e8tres, permettant ainsi de s&#8217;adapter \u00e0 n&#8217;importe quelle taille de drapeau, de r\u00e9flecteur ou de barres de rallonge.<\/p>\n<p>\u00a0<\/p>\n<p>Utilisable dans de multiples configurations, c\u2019est un accessoire incontournable en lumi\u00e8re et machinerie.\u00a0<\/p>","protected":false},"excerpt":{"rendered":"<p>Rotule Avenger D200B<\/p>","protected":false},"featured_media":22182,"template":"","meta":[],"product_cat":[398],"product_tag":[],"class_list":{"0":"post-22158","1":"product","2":"type-product","3":"status-publish","4":"has-post-thumbnail","6":"product_cat-bijoute-lumiere-categorie-grip","8":"first","9":"instock","10":"taxable","11":"shipping-taxable","12":"purchasable","13":"product-type-rentable"},"_links":{"self":[{"href":"https:\/\/maxima-studios.com\/en\/wp-json\/wp\/v2\/product\/22158","targetHints":{"allow":["GET"]}}],"collection":[{"href":"https:\/\/maxima-studios.com\/en\/wp-json\/wp\/v2\/product"}],"about":[{"href":"https:\/\/maxima-studios.com\/en\/wp-json\/wp\/v2\/types\/product"}],"wp:featuredmedia":[{"embeddable":true,"href":"https:\/\/maxima-studios.com\/en\/wp-json\/wp\/v2\/media\/22182"}],"wp:attachment":[{"href":"https:\/\/maxima-studios.com\/en\/wp-json\/wp\/v2\/media?parent=22158"}],"wp:term":[{"taxonomy":"product_cat","embeddable":true,"href":"https:\/\/maxima-studios.com\/en\/wp-json\/wp\/v2\/product_cat?post=22158"},{"taxonomy":"product_tag","embeddable":true,"href":"https:\/\/maxima-studios.com\/en\/wp-json\/wp\/v2\/product_tag?post=22158"}],"curies":[{"name":"wp","href":"https:\/\/api.w.org\/{rel}","templated":true}]}}