 {"id":22074,"date":"2026-01-09T15:09:58","date_gmt":"2026-01-09T14:09:58","guid":{"rendered":"https:\/\/maxima-studios.com\/produit\/snoot-grid\/"},"modified":"2026-04-13T20:17:53","modified_gmt":"2026-04-13T18:17:53","slug":"snoot-grid","status":"publish","type":"product","link":"https:\/\/maxima-studios.com\/en\/product\/snoot-grid\/","title":{"rendered":"SNOOT + GRID"},"content":{"rendered":"<p>Accessoire de projection optique type snoot, con\u00e7u pour les projecteurs LED \u00e0 monture Bowens S-Type (compatible avec de nombreuses sources COB du march\u00e9).<\/p>\n<p>Il transforme une source LED classique en un v\u00e9ritable projecteur \u00e0 d\u00e9coupe, capable de produire un faisceau lumineux concentr\u00e9, homog\u00e8ne et aux contours nets. Son syst\u00e8me optique int\u00e9gr\u00e9 permet un contr\u00f4le pr\u00e9cis de la lumi\u00e8re, id\u00e9al pour modeler et sculpter l\u2019\u00e9clairage avec finesse.<\/p>\n<p>Compatible avec des gobos interchangeables, il permet de projeter des motifs, textures ou formes graphiques directement sur un fond, un d\u00e9cor ou un sujet. C\u2019est un outil particuli\u00e8rement appr\u00e9ci\u00e9 en photo et en vid\u00e9o pour cr\u00e9er des effets visuels cr\u00e9atifs directement \u00e0 la prise de vue.<\/p>\n<p>Utilis\u00e9 en studio comme sur plateau, il offre un contr\u00f4le avanc\u00e9 de la direction, de la forme et de l\u2019intensit\u00e9 du faisceau lumineux, transformant un projecteur LED en un v\u00e9ritable outil d\u2019\u00e9clairage cr\u00e9atif.<\/p>\n<p><u><strong>Points forts :<\/strong><\/u><\/p>\n<p>\u2022 Cr\u00e9ation d\u2019effets visuels en production photo et vid\u00e9o<br \/>\u2022 Projection de motifs et textures (gobos)<br \/>\u2022 Id\u00e9al pour portraits, produits et sc\u00e8nes artistiques<br \/>\u2022 Parfait pour la sc\u00e9nographie et les \u00e9clairages de fond cr\u00e9atifs<\/p>","protected":false},"excerpt":{"rendered":"<ul>\n<li>Accessoire lumi\u00e8re\u00a0<\/li>\n<li>Monture Bowens<\/li>\n<li>R\u00e9duit les fuites de lumi\u00e8re<\/li>\n<li>Contr\u00f4le le faisceau\u00a0<\/li>\n<\/ul>","protected":false},"featured_media":22750,"template":"","meta":[],"product_cat":[120],"product_tag":[],"class_list":{"0":"post-22074","1":"product","2":"type-product","3":"status-publish","4":"has-post-thumbnail","6":"product_cat-accessoires-cobs","8":"first","9":"instock","10":"taxable","11":"shipping-taxable","12":"purchasable","13":"product-type-rentable"},"yoast_head":"<!-- This site is optimized with the Yoast SEO plugin v27.3 - https:\/\/yoast.com\/product\/yoast-seo-wordpress\/ -->\n<title>SNOOT + GRID - Maximaloc<\/title>\n<meta name=\"robots\" content=\"index, follow, max-snippet:-1, max-image-preview:large, max-video-preview:-1\" \/>\n<link rel=\"canonical\" href=\"https:\/\/maxima-studios.com\/en\/product\/snoot-grid\/\" \/>\n<meta property=\"og:locale\" content=\"en_US\" \/>\n<meta property=\"og:type\" content=\"article\" \/>\n<meta property=\"og:title\" content=\"SNOOT + GRID - Maximaloc\" \/>\n<meta property=\"og:description\" content=\"Accessoire lumi\u00e8re\u00a0 Monture Bowens R\u00e9duit les fuites de lumi\u00e8re Contr\u00f4le le faisceau\u00a0\" \/>\n<meta property=\"og:url\" content=\"https:\/\/maxima-studios.com\/en\/product\/snoot-grid\/\" \/>\n<meta property=\"og:site_name\" content=\"Maximaloc\" \/>\n<meta property=\"article:publisher\" content=\"https:\/\/www.facebook.com\/Maximalocation\" \/>\n<meta property=\"article:modified_time\" content=\"2026-04-13T18:17:53+00:00\" \/>\n<meta property=\"og:image\" content=\"https:\/\/maxima-studios.com\/wp-content\/uploads\/2024\/09\/website.webp\" \/>\n\t<meta property=\"og:image:width\" content=\"1230\" \/>\n\t<meta property=\"og:image:height\" content=\"675\" \/>\n\t<meta property=\"og:image:type\" content=\"image\/webp\" \/>\n<meta name=\"twitter:card\" content=\"summary_large_image\" \/>\n<meta name=\"twitter:label1\" content=\"Est. reading time\" \/>\n\t<meta name=\"twitter:data1\" content=\"1 minute\" \/>\n<script type=\"application\/ld+json\" class=\"yoast-schema-graph\">{\"@context\":\"https:\\\/\\\/schema.org\",\"@graph\":[{\"@type\":\"WebPage\",\"@id\":\"https:\\\/\\\/maxima-studios.com\\\/produit\\\/snoot-grid\\\/\",\"url\":\"https:\\\/\\\/maxima-studios.com\\\/produit\\\/snoot-grid\\\/\",\"name\":\"SNOOT + GRID - Maximaloc\",\"isPartOf\":{\"@id\":\"https:\\\/\\\/maxima-studios.com\\\/#website\"},\"primaryImageOfPage\":{\"@id\":\"https:\\\/\\\/maxima-studios.com\\\/produit\\\/snoot-grid\\\/#primaryimage\"},\"image\":{\"@id\":\"https:\\\/\\\/maxima-studios.com\\\/produit\\\/snoot-grid\\\/#primaryimage\"},\"thumbnailUrl\":\"https:\\\/\\\/maxima-studios.com\\\/wp-content\\\/uploads\\\/2026\\\/01\\\/SNOOT-GRID.png\",\"datePublished\":\"2026-01-09T14:09:58+00:00\",\"dateModified\":\"2026-04-13T18:17:53+00:00\",\"breadcrumb\":{\"@id\":\"https:\\\/\\\/maxima-studios.com\\\/produit\\\/snoot-grid\\\/#breadcrumb\"},\"inLanguage\":\"en-US\",\"potentialAction\":[{\"@type\":\"ReadAction\",\"target\":[\"https:\\\/\\\/maxima-studios.com\\\/produit\\\/snoot-grid\\\/\"]}]},{\"@type\":\"ImageObject\",\"inLanguage\":\"en-US\",\"@id\":\"https:\\\/\\\/maxima-studios.com\\\/produit\\\/snoot-grid\\\/#primaryimage\",\"url\":\"https:\\\/\\\/maxima-studios.com\\\/wp-content\\\/uploads\\\/2026\\\/01\\\/SNOOT-GRID.png\",\"contentUrl\":\"https:\\\/\\\/maxima-studios.com\\\/wp-content\\\/uploads\\\/2026\\\/01\\\/SNOOT-GRID.png\",\"width\":1000,\"height\":1000},{\"@type\":\"BreadcrumbList\",\"@id\":\"https:\\\/\\\/maxima-studios.com\\\/produit\\\/snoot-grid\\\/#breadcrumb\",\"itemListElement\":[{\"@type\":\"ListItem\",\"position\":1,\"name\":\"Accueil\",\"item\":\"https:\\\/\\\/maxima-studios.com\\\/\"},{\"@type\":\"ListItem\",\"position\":2,\"name\":\"BOUTIQUE\",\"item\":\"https:\\\/\\\/maxima-studios.com\\\/boutique\\\/\"},{\"@type\":\"ListItem\",\"position\":3,\"name\":\"SNOOT + GRID\"}]},{\"@type\":\"WebSite\",\"@id\":\"https:\\\/\\\/maxima-studios.com\\\/#website\",\"url\":\"https:\\\/\\\/maxima-studios.com\\\/\",\"name\":\"Maximaloc\",\"description\":\"\",\"publisher\":{\"@id\":\"https:\\\/\\\/maxima-studios.com\\\/#organization\"},\"potentialAction\":[{\"@type\":\"SearchAction\",\"target\":{\"@type\":\"EntryPoint\",\"urlTemplate\":\"https:\\\/\\\/maxima-studios.com\\\/?s={search_term_string}\"},\"query-input\":{\"@type\":\"PropertyValueSpecification\",\"valueRequired\":true,\"valueName\":\"search_term_string\"}}],\"inLanguage\":\"en-US\"},{\"@type\":\"Organization\",\"@id\":\"https:\\\/\\\/maxima-studios.com\\\/#organization\",\"name\":\"Maximaloc\",\"url\":\"https:\\\/\\\/maxima-studios.com\\\/\",\"logo\":{\"@type\":\"ImageObject\",\"inLanguage\":\"en-US\",\"@id\":\"https:\\\/\\\/maxima-studios.com\\\/#\\\/schema\\\/logo\\\/image\\\/\",\"url\":\"https:\\\/\\\/maxima-studios.com\\\/wp-content\\\/uploads\\\/2024\\\/03\\\/logo_noir-scaled.png\",\"contentUrl\":\"https:\\\/\\\/maxima-studios.com\\\/wp-content\\\/uploads\\\/2024\\\/03\\\/logo_noir-scaled.png\",\"width\":2560,\"height\":268,\"caption\":\"Maximaloc\"},\"image\":{\"@id\":\"https:\\\/\\\/maxima-studios.com\\\/#\\\/schema\\\/logo\\\/image\\\/\"},\"sameAs\":[\"https:\\\/\\\/www.facebook.com\\\/Maximalocation\"]}]}<\/script>\n<!-- \/ Yoast SEO plugin. -->","yoast_head_json":{"title":"SNOOT + GRID - Maximaloc","robots":{"index":"index","follow":"follow","max-snippet":"max-snippet:-1","max-image-preview":"max-image-preview:large","max-video-preview":"max-video-preview:-1"},"canonical":"https:\/\/maxima-studios.com\/en\/product\/snoot-grid\/","og_locale":"en_US","og_type":"article","og_title":"SNOOT + GRID - Maximaloc","og_description":"Accessoire lumi\u00e8re\u00a0 Monture Bowens R\u00e9duit les fuites de lumi\u00e8re Contr\u00f4le le faisceau\u00a0","og_url":"https:\/\/maxima-studios.com\/en\/product\/snoot-grid\/","og_site_name":"Maximaloc","article_publisher":"https:\/\/www.facebook.com\/Maximalocation","article_modified_time":"2026-04-13T18:17:53+00:00","og_image":[{"width":1230,"height":675,"url":"https:\/\/maxima-studios.com\/wp-content\/uploads\/2024\/09\/website.webp","type":"image\/webp"}],"twitter_card":"summary_large_image","twitter_misc":{"Est. reading time":"1 minute"},"schema":{"@context":"https:\/\/schema.org","@graph":[{"@type":"WebPage","@id":"https:\/\/maxima-studios.com\/produit\/snoot-grid\/","url":"https:\/\/maxima-studios.com\/produit\/snoot-grid\/","name":"SNOOT + GRID - Maximaloc","isPartOf":{"@id":"https:\/\/maxima-studios.com\/#website"},"primaryImageOfPage":{"@id":"https:\/\/maxima-studios.com\/produit\/snoot-grid\/#primaryimage"},"image":{"@id":"https:\/\/maxima-studios.com\/produit\/snoot-grid\/#primaryimage"},"thumbnailUrl":"https:\/\/maxima-studios.com\/wp-content\/uploads\/2026\/01\/SNOOT-GRID.png","datePublished":"2026-01-09T14:09:58+00:00","dateModified":"2026-04-13T18:17:53+00:00","breadcrumb":{"@id":"https:\/\/maxima-studios.com\/produit\/snoot-grid\/#breadcrumb"},"inLanguage":"en-US","potentialAction":[{"@type":"ReadAction","target":["https:\/\/maxima-studios.com\/produit\/snoot-grid\/"]}]},{"@type":"ImageObject","inLanguage":"en-US","@id":"https:\/\/maxima-studios.com\/produit\/snoot-grid\/#primaryimage","url":"https:\/\/maxima-studios.com\/wp-content\/uploads\/2026\/01\/SNOOT-GRID.png","contentUrl":"https:\/\/maxima-studios.com\/wp-content\/uploads\/2026\/01\/SNOOT-GRID.png","width":1000,"height":1000},{"@type":"BreadcrumbList","@id":"https:\/\/maxima-studios.com\/produit\/snoot-grid\/#breadcrumb","itemListElement":[{"@type":"ListItem","position":1,"name":"Accueil","item":"https:\/\/maxima-studios.com\/"},{"@type":"ListItem","position":2,"name":"BOUTIQUE","item":"https:\/\/maxima-studios.com\/boutique\/"},{"@type":"ListItem","position":3,"name":"SNOOT + GRID"}]},{"@type":"WebSite","@id":"https:\/\/maxima-studios.com\/#website","url":"https:\/\/maxima-studios.com\/","name":"Maximaloc","description":"","publisher":{"@id":"https:\/\/maxima-studios.com\/#organization"},"potentialAction":[{"@type":"SearchAction","target":{"@type":"EntryPoint","urlTemplate":"https:\/\/maxima-studios.com\/?s={search_term_string}"},"query-input":{"@type":"PropertyValueSpecification","valueRequired":true,"valueName":"search_term_string"}}],"inLanguage":"en-US"},{"@type":"Organization","@id":"https:\/\/maxima-studios.com\/#organization","name":"Maximaloc","url":"https:\/\/maxima-studios.com\/","logo":{"@type":"ImageObject","inLanguage":"en-US","@id":"https:\/\/maxima-studios.com\/#\/schema\/logo\/image\/","url":"https:\/\/maxima-studios.com\/wp-content\/uploads\/2024\/03\/logo_noir-scaled.png","contentUrl":"https:\/\/maxima-studios.com\/wp-content\/uploads\/2024\/03\/logo_noir-scaled.png","width":2560,"height":268,"caption":"Maximaloc"},"image":{"@id":"https:\/\/maxima-studios.com\/#\/schema\/logo\/image\/"},"sameAs":["https:\/\/www.facebook.com\/Maximalocation"]}]}},"_links":{"self":[{"href":"https:\/\/maxima-studios.com\/en\/wp-json\/wp\/v2\/product\/22074","targetHints":{"allow":["GET"]}}],"collection":[{"href":"https:\/\/maxima-studios.com\/en\/wp-json\/wp\/v2\/product"}],"about":[{"href":"https:\/\/maxima-studios.com\/en\/wp-json\/wp\/v2\/types\/product"}],"wp:featuredmedia":[{"embeddable":true,"href":"https:\/\/maxima-studios.com\/en\/wp-json\/wp\/v2\/media\/22750"}],"wp:attachment":[{"href":"https:\/\/maxima-studios.com\/en\/wp-json\/wp\/v2\/media?parent=22074"}],"wp:term":[{"taxonomy":"product_cat","embeddable":true,"href":"https:\/\/maxima-studios.com\/en\/wp-json\/wp\/v2\/product_cat?post=22074"},{"taxonomy":"product_tag","embeddable":true,"href":"https:\/\/maxima-studios.com\/en\/wp-json\/wp\/v2\/product_tag?post=22074"}],"curies":[{"name":"wp","href":"https:\/\/api.w.org\/{rel}","templated":true}]}}