 {"id":22072,"date":"2026-01-09T15:09:27","date_gmt":"2026-01-09T14:09:27","guid":{"rendered":"https:\/\/maxima-studios.com\/produit\/dji-mic-3\/"},"modified":"2026-04-13T20:30:25","modified_gmt":"2026-04-13T18:30:25","slug":"dji-mic-3","status":"publish","type":"product","link":"https:\/\/maxima-studios.com\/en\/product\/dji-mic-3\/","title":{"rendered":"DJI MIC 3"},"content":{"rendered":"<p>Le DJI Mic 3 est un syst\u00e8me de microphone sans fil ultra-compact et performant, con\u00e7u pour la captation audio de haute qualit\u00e9 sur cam\u00e9ras, smartphones et ordinateurs. Il combine une transmission num\u00e9rique bi-bande (2,4 GHz + 5,8 GHz) pour une port\u00e9e allant jusqu\u2019\u00e0 ~400 m en ligne de vue et un enregistrement interne avanc\u00e9 en 32-bit float pour une s\u00e9curit\u00e9 audio maximale. B&amp;H Photo Video<\/p>\n<p>Chaque \u00e9metteur est l\u00e9ger (\u2248 16 g), avec une batterie int\u00e9gr\u00e9e offrant environ 8 heures d\u2019autonomie, tandis que le r\u00e9cepteur affiche jusqu\u2019\u00e0 10 h. DJI Official Le syst\u00e8me inclut aussi un bo\u00eetier de charge\/stockage qui \u00e9tend l\u2019autonomie totale du kit \u00e0 ~28 h tout en prot\u00e9geant les composants. GlobeNewswire<\/p>\n<p>Il supporte plusieurs modes audio (mono, st\u00e9r\u00e9o, quadraphonique avec certains appareils), un Adaptive Gain Control pour \u00e9quilibrer automatiquement les niveaux, ainsi que des pr\u00e9-r\u00e9glages de tonalit\u00e9 voix.<\/p>","protected":false},"excerpt":{"rendered":"<p>Syst\u00e8me de micro HF sans fil pro pour cam\u00e9ras, smartphones et ordinateurs, avec transmission bi-bande fiable.<br \/>Inclut 2 micros + 1 r\u00e9cepteur et enregistrement interne s\u00e9curis\u00e9 en 32-bit float.<br \/>Autonomie \u00e9tendue gr\u00e2ce au bo\u00eetier de charge et port\u00e9e jusqu\u2019\u00e0 ~400 m.<\/p>","protected":false},"featured_media":22087,"template":"","meta":[],"product_cat":[139],"product_tag":[344,1443,1441,1440,1442],"class_list":{"0":"post-22072","1":"product","2":"type-product","3":"status-publish","4":"has-post-thumbnail","6":"product_cat-micros-cravates","7":"product_tag-micro-hf-et-cravate","8":"product_tag-2-4-ghz","9":"product_tag-32-bit-flottant","10":"product_tag-dji","11":"product_tag-jack-3-5mm","13":"first","14":"instock","15":"taxable","16":"shipping-taxable","17":"purchasable","18":"product-type-rentable"},"yoast_head":"<!-- This site is optimized with the Yoast SEO plugin v27.3 - https:\/\/yoast.com\/product\/yoast-seo-wordpress\/ -->\n<title>DJI MIC 3 - Maximaloc<\/title>\n<meta name=\"robots\" content=\"index, follow, max-snippet:-1, max-image-preview:large, max-video-preview:-1\" \/>\n<link rel=\"canonical\" href=\"https:\/\/maxima-studios.com\/en\/product\/dji-mic-3\/\" \/>\n<meta property=\"og:locale\" content=\"en_US\" \/>\n<meta property=\"og:type\" content=\"article\" \/>\n<meta property=\"og:title\" content=\"DJI MIC 3 - Maximaloc\" \/>\n<meta property=\"og:description\" content=\"Syst\u00e8me de micro HF sans fil pro pour cam\u00e9ras, smartphones et ordinateurs, avec transmission bi-bande fiable.Inclut 2 micros + 1 r\u00e9cepteur et enregistrement interne s\u00e9curis\u00e9 en 32-bit float.Autonomie \u00e9tendue gr\u00e2ce au bo\u00eetier de charge et port\u00e9e jusqu\u2019\u00e0 ~400 m.\" \/>\n<meta property=\"og:url\" content=\"https:\/\/maxima-studios.com\/en\/product\/dji-mic-3\/\" \/>\n<meta property=\"og:site_name\" content=\"Maximaloc\" \/>\n<meta property=\"article:publisher\" content=\"https:\/\/www.facebook.com\/Maximalocation\" \/>\n<meta property=\"article:modified_time\" content=\"2026-04-13T18:30:25+00:00\" \/>\n<meta property=\"og:image\" content=\"https:\/\/maxima-studios.com\/wp-content\/uploads\/2024\/09\/website.webp\" \/>\n\t<meta property=\"og:image:width\" content=\"1230\" \/>\n\t<meta property=\"og:image:height\" content=\"675\" \/>\n\t<meta property=\"og:image:type\" content=\"image\/webp\" \/>\n<meta name=\"twitter:card\" content=\"summary_large_image\" \/>\n<meta name=\"twitter:label1\" content=\"Est. reading time\" \/>\n\t<meta name=\"twitter:data1\" content=\"1 minute\" \/>\n<script type=\"application\/ld+json\" class=\"yoast-schema-graph\">{\"@context\":\"https:\\\/\\\/schema.org\",\"@graph\":[{\"@type\":\"WebPage\",\"@id\":\"https:\\\/\\\/maxima-studios.com\\\/produit\\\/dji-mic-3\\\/\",\"url\":\"https:\\\/\\\/maxima-studios.com\\\/produit\\\/dji-mic-3\\\/\",\"name\":\"DJI MIC 3 - Maximaloc\",\"isPartOf\":{\"@id\":\"https:\\\/\\\/maxima-studios.com\\\/#website\"},\"primaryImageOfPage\":{\"@id\":\"https:\\\/\\\/maxima-studios.com\\\/produit\\\/dji-mic-3\\\/#primaryimage\"},\"image\":{\"@id\":\"https:\\\/\\\/maxima-studios.com\\\/produit\\\/dji-mic-3\\\/#primaryimage\"},\"thumbnailUrl\":\"https:\\\/\\\/maxima-studios.com\\\/wp-content\\\/uploads\\\/2026\\\/01\\\/djimic3_1.png\",\"datePublished\":\"2026-01-09T14:09:27+00:00\",\"dateModified\":\"2026-04-13T18:30:25+00:00\",\"breadcrumb\":{\"@id\":\"https:\\\/\\\/maxima-studios.com\\\/produit\\\/dji-mic-3\\\/#breadcrumb\"},\"inLanguage\":\"en-US\",\"potentialAction\":[{\"@type\":\"ReadAction\",\"target\":[\"https:\\\/\\\/maxima-studios.com\\\/produit\\\/dji-mic-3\\\/\"]}]},{\"@type\":\"ImageObject\",\"inLanguage\":\"en-US\",\"@id\":\"https:\\\/\\\/maxima-studios.com\\\/produit\\\/dji-mic-3\\\/#primaryimage\",\"url\":\"https:\\\/\\\/maxima-studios.com\\\/wp-content\\\/uploads\\\/2026\\\/01\\\/djimic3_1.png\",\"contentUrl\":\"https:\\\/\\\/maxima-studios.com\\\/wp-content\\\/uploads\\\/2026\\\/01\\\/djimic3_1.png\",\"width\":1000,\"height\":1000},{\"@type\":\"BreadcrumbList\",\"@id\":\"https:\\\/\\\/maxima-studios.com\\\/produit\\\/dji-mic-3\\\/#breadcrumb\",\"itemListElement\":[{\"@type\":\"ListItem\",\"position\":1,\"name\":\"Accueil\",\"item\":\"https:\\\/\\\/maxima-studios.com\\\/\"},{\"@type\":\"ListItem\",\"position\":2,\"name\":\"BOUTIQUE\",\"item\":\"https:\\\/\\\/maxima-studios.com\\\/boutique\\\/\"},{\"@type\":\"ListItem\",\"position\":3,\"name\":\"DJI MIC 3\"}]},{\"@type\":\"WebSite\",\"@id\":\"https:\\\/\\\/maxima-studios.com\\\/#website\",\"url\":\"https:\\\/\\\/maxima-studios.com\\\/\",\"name\":\"Maximaloc\",\"description\":\"\",\"publisher\":{\"@id\":\"https:\\\/\\\/maxima-studios.com\\\/#organization\"},\"potentialAction\":[{\"@type\":\"SearchAction\",\"target\":{\"@type\":\"EntryPoint\",\"urlTemplate\":\"https:\\\/\\\/maxima-studios.com\\\/?s={search_term_string}\"},\"query-input\":{\"@type\":\"PropertyValueSpecification\",\"valueRequired\":true,\"valueName\":\"search_term_string\"}}],\"inLanguage\":\"en-US\"},{\"@type\":\"Organization\",\"@id\":\"https:\\\/\\\/maxima-studios.com\\\/#organization\",\"name\":\"Maximaloc\",\"url\":\"https:\\\/\\\/maxima-studios.com\\\/\",\"logo\":{\"@type\":\"ImageObject\",\"inLanguage\":\"en-US\",\"@id\":\"https:\\\/\\\/maxima-studios.com\\\/#\\\/schema\\\/logo\\\/image\\\/\",\"url\":\"https:\\\/\\\/maxima-studios.com\\\/wp-content\\\/uploads\\\/2024\\\/03\\\/logo_noir-scaled.png\",\"contentUrl\":\"https:\\\/\\\/maxima-studios.com\\\/wp-content\\\/uploads\\\/2024\\\/03\\\/logo_noir-scaled.png\",\"width\":2560,\"height\":268,\"caption\":\"Maximaloc\"},\"image\":{\"@id\":\"https:\\\/\\\/maxima-studios.com\\\/#\\\/schema\\\/logo\\\/image\\\/\"},\"sameAs\":[\"https:\\\/\\\/www.facebook.com\\\/Maximalocation\"]}]}<\/script>\n<!-- \/ Yoast SEO plugin. -->","yoast_head_json":{"title":"DJI MIC 3 - Maximaloc","robots":{"index":"index","follow":"follow","max-snippet":"max-snippet:-1","max-image-preview":"max-image-preview:large","max-video-preview":"max-video-preview:-1"},"canonical":"https:\/\/maxima-studios.com\/en\/product\/dji-mic-3\/","og_locale":"en_US","og_type":"article","og_title":"DJI MIC 3 - Maximaloc","og_description":"Syst\u00e8me de micro HF sans fil pro pour cam\u00e9ras, smartphones et ordinateurs, avec transmission bi-bande fiable.Inclut 2 micros + 1 r\u00e9cepteur et enregistrement interne s\u00e9curis\u00e9 en 32-bit float.Autonomie \u00e9tendue gr\u00e2ce au bo\u00eetier de charge et port\u00e9e jusqu\u2019\u00e0 ~400 m.","og_url":"https:\/\/maxima-studios.com\/en\/product\/dji-mic-3\/","og_site_name":"Maximaloc","article_publisher":"https:\/\/www.facebook.com\/Maximalocation","article_modified_time":"2026-04-13T18:30:25+00:00","og_image":[{"width":1230,"height":675,"url":"https:\/\/maxima-studios.com\/wp-content\/uploads\/2024\/09\/website.webp","type":"image\/webp"}],"twitter_card":"summary_large_image","twitter_misc":{"Est. reading time":"1 minute"},"schema":{"@context":"https:\/\/schema.org","@graph":[{"@type":"WebPage","@id":"https:\/\/maxima-studios.com\/produit\/dji-mic-3\/","url":"https:\/\/maxima-studios.com\/produit\/dji-mic-3\/","name":"DJI MIC 3 - Maximaloc","isPartOf":{"@id":"https:\/\/maxima-studios.com\/#website"},"primaryImageOfPage":{"@id":"https:\/\/maxima-studios.com\/produit\/dji-mic-3\/#primaryimage"},"image":{"@id":"https:\/\/maxima-studios.com\/produit\/dji-mic-3\/#primaryimage"},"thumbnailUrl":"https:\/\/maxima-studios.com\/wp-content\/uploads\/2026\/01\/djimic3_1.png","datePublished":"2026-01-09T14:09:27+00:00","dateModified":"2026-04-13T18:30:25+00:00","breadcrumb":{"@id":"https:\/\/maxima-studios.com\/produit\/dji-mic-3\/#breadcrumb"},"inLanguage":"en-US","potentialAction":[{"@type":"ReadAction","target":["https:\/\/maxima-studios.com\/produit\/dji-mic-3\/"]}]},{"@type":"ImageObject","inLanguage":"en-US","@id":"https:\/\/maxima-studios.com\/produit\/dji-mic-3\/#primaryimage","url":"https:\/\/maxima-studios.com\/wp-content\/uploads\/2026\/01\/djimic3_1.png","contentUrl":"https:\/\/maxima-studios.com\/wp-content\/uploads\/2026\/01\/djimic3_1.png","width":1000,"height":1000},{"@type":"BreadcrumbList","@id":"https:\/\/maxima-studios.com\/produit\/dji-mic-3\/#breadcrumb","itemListElement":[{"@type":"ListItem","position":1,"name":"Accueil","item":"https:\/\/maxima-studios.com\/"},{"@type":"ListItem","position":2,"name":"BOUTIQUE","item":"https:\/\/maxima-studios.com\/boutique\/"},{"@type":"ListItem","position":3,"name":"DJI MIC 3"}]},{"@type":"WebSite","@id":"https:\/\/maxima-studios.com\/#website","url":"https:\/\/maxima-studios.com\/","name":"Maximaloc","description":"","publisher":{"@id":"https:\/\/maxima-studios.com\/#organization"},"potentialAction":[{"@type":"SearchAction","target":{"@type":"EntryPoint","urlTemplate":"https:\/\/maxima-studios.com\/?s={search_term_string}"},"query-input":{"@type":"PropertyValueSpecification","valueRequired":true,"valueName":"search_term_string"}}],"inLanguage":"en-US"},{"@type":"Organization","@id":"https:\/\/maxima-studios.com\/#organization","name":"Maximaloc","url":"https:\/\/maxima-studios.com\/","logo":{"@type":"ImageObject","inLanguage":"en-US","@id":"https:\/\/maxima-studios.com\/#\/schema\/logo\/image\/","url":"https:\/\/maxima-studios.com\/wp-content\/uploads\/2024\/03\/logo_noir-scaled.png","contentUrl":"https:\/\/maxima-studios.com\/wp-content\/uploads\/2024\/03\/logo_noir-scaled.png","width":2560,"height":268,"caption":"Maximaloc"},"image":{"@id":"https:\/\/maxima-studios.com\/#\/schema\/logo\/image\/"},"sameAs":["https:\/\/www.facebook.com\/Maximalocation"]}]}},"_links":{"self":[{"href":"https:\/\/maxima-studios.com\/en\/wp-json\/wp\/v2\/product\/22072","targetHints":{"allow":["GET"]}}],"collection":[{"href":"https:\/\/maxima-studios.com\/en\/wp-json\/wp\/v2\/product"}],"about":[{"href":"https:\/\/maxima-studios.com\/en\/wp-json\/wp\/v2\/types\/product"}],"wp:featuredmedia":[{"embeddable":true,"href":"https:\/\/maxima-studios.com\/en\/wp-json\/wp\/v2\/media\/22087"}],"wp:attachment":[{"href":"https:\/\/maxima-studios.com\/en\/wp-json\/wp\/v2\/media?parent=22072"}],"wp:term":[{"taxonomy":"product_cat","embeddable":true,"href":"https:\/\/maxima-studios.com\/en\/wp-json\/wp\/v2\/product_cat?post=22072"},{"taxonomy":"product_tag","embeddable":true,"href":"https:\/\/maxima-studios.com\/en\/wp-json\/wp\/v2\/product_tag?post=22072"}],"curies":[{"name":"wp","href":"https:\/\/api.w.org\/{rel}","templated":true}]}}