 {"id":21800,"date":"2025-12-01T15:08:49","date_gmt":"2025-12-01T14:08:49","guid":{"rendered":"https:\/\/maxima-studios.com\/produit\/enceinte-bose-l1-pro-8\/"},"modified":"2026-04-13T20:47:19","modified_gmt":"2026-04-13T18:47:19","slug":"bose-enceinte-colonne-l1-pro-8","status":"publish","type":"product","link":"https:\/\/maxima-studios.com\/en\/product\/bose-enceinte-colonne-l1-pro-8\/","title":{"rendered":"BOSE ENCEINTE COLONNE L1 PRO 8"},"content":{"rendered":"<p>Bose L1 Pro8 \u2013 Le syst\u00e8me colonne portable professionnel et \u00e9l\u00e9gant<br \/>Le Bose L1 Pro8 est une enceinte colonne con\u00e7ue pour offrir une diffusion sonore claire, \u00e9quilibr\u00e9e et homog\u00e8ne, id\u00e9ale pour les concerts intimistes, les pr\u00e9sentations \u00e9v\u00e9nementielles, les DJ sets ou tout type d\u2019\u00e9v\u00e9nement professionnel n\u00e9cessitant une enceinte elegante et sans pied.<\/p>\n<p>Qualit\u00e9 audio sup\u00e9rieure<br \/>Gr\u00e2ce \u00e0 son line array en C compos\u00e9 de 8 transducteurs n\u00e9odyme de 5,1 cm, le L1 Pro8 assure une couverture horizontale \u00e0 180\u00b0,<\/p>\n<p>garantissant que tous les auditeurs b\u00e9n\u00e9ficient du m\u00eame rendu sonore, o\u00f9 qu\u2019ils se trouvent dans la pi\u00e8ce.<\/p>\n<p>Son subwoofer int\u00e9gr\u00e9 avec haut-parleur Race-Track 17,8 \u00d7 25,4 cm d\u00e9livre des basses profondes et pr\u00e9cises, tout en r\u00e9duisant l\u2019encombrement pour un transport facilit\u00e9.<\/p>\n<p>Puissance et polyvalence<br \/>Avec une puissance totale de 300 W (60 W pour les aigus + 240 W pour les basses), le L1 Pro8 combine projection, portabilit\u00e9 et fiabilit\u00e9 pour accompagner aussi bien les musiciens solo que les petites formations ou animateurs.<\/p>\n<p>\u00a0<\/p>\n<p><strong>Points forts\u00a0<\/strong><\/p>\n<ul>\n<li>Design \u00e9l\u00e9gant et installation sans pied<\/li>\n<li>Montage modulable : syst\u00e8me avec 1 ou 2 barres<\/li>\n<li>Puissance totale : 300 W (60 W + 240 W)<\/li>\n<li>Line array de 8 haut-parleurs avec couverture 180\u00b0<\/li>\n<li>Subwoofer RaceTrack int\u00e9gr\u00e9 : basses profondes, format compact<\/li>\n<li>Contr\u00f4le Bluetooth via l\u2019application Bose Music<\/li>\n<li>Son homog\u00e8ne et professionnel pour artistes, DJ, pr\u00e9sentations\u2026<\/li>\n<\/ul>","protected":false},"excerpt":{"rendered":"<p>Enceinte Colonne<\/p>\n<p>Puissance: 300W (60W + 240W)<\/p>\n<p>Connectiques : XLR3 \/ Bluetooth<\/p>","protected":false},"featured_media":21808,"template":"","meta":[],"product_cat":[144],"product_tag":[],"class_list":{"0":"post-21800","1":"product","2":"type-product","3":"status-publish","4":"has-post-thumbnail","6":"product_cat-enceintes","8":"first","9":"instock","10":"taxable","11":"shipping-taxable","12":"purchasable","13":"product-type-rentable"},"_links":{"self":[{"href":"https:\/\/maxima-studios.com\/en\/wp-json\/wp\/v2\/product\/21800","targetHints":{"allow":["GET"]}}],"collection":[{"href":"https:\/\/maxima-studios.com\/en\/wp-json\/wp\/v2\/product"}],"about":[{"href":"https:\/\/maxima-studios.com\/en\/wp-json\/wp\/v2\/types\/product"}],"wp:featuredmedia":[{"embeddable":true,"href":"https:\/\/maxima-studios.com\/en\/wp-json\/wp\/v2\/media\/21808"}],"wp:attachment":[{"href":"https:\/\/maxima-studios.com\/en\/wp-json\/wp\/v2\/media?parent=21800"}],"wp:term":[{"taxonomy":"product_cat","embeddable":true,"href":"https:\/\/maxima-studios.com\/en\/wp-json\/wp\/v2\/product_cat?post=21800"},{"taxonomy":"product_tag","embeddable":true,"href":"https:\/\/maxima-studios.com\/en\/wp-json\/wp\/v2\/product_tag?post=21800"}],"curies":[{"name":"wp","href":"https:\/\/api.w.org\/{rel}","templated":true}]}}