 {"id":21694,"date":"2025-11-20T12:07:49","date_gmt":"2025-11-20T11:07:49","guid":{"rendered":"https:\/\/maxima-studios.com\/produit\/poignees-shape-cufkit\/"},"modified":"2026-04-13T20:30:16","modified_gmt":"2026-04-13T18:30:16","slug":"poignees-shape-cufkit","status":"publish","type":"product","link":"https:\/\/maxima-studios.com\/en\/product\/poignees-shape-cufkit\/","title":{"rendered":"POIGNEES SHAPE CUFKIT"},"content":{"rendered":"<p>Ces poign\u00e9es t\u00e9lescopiques avec rosettes ARRI peuvent \u00eatre attach\u00e9es aux cam\u00e9ras ou au mat\u00e9riel de support de cam\u00e9ra qui ont des rosettes ARRI standard. Chaque bras dispose de quatre points d&#8217;articulation (2 boutons-poussoirs et 2 boutons \u00e0 cliquet) pour ajuster la position du bras. SHAPE est r\u00e9put\u00e9 pour sa poign\u00e9e \u00e0 bouton-poussoir brevet\u00e9e, utilis\u00e9e aujourd&#8217;hui par de nombreux professionnels de l&#8217;industrie. Cette technologie a \u00e9t\u00e9 d\u00e9velopp\u00e9e afin d&#8217;effectuer des r\u00e9glages rapides et faciles.<\/p>\n<p>\u00a0<\/p>\n<p><strong>POINTS FORTS :\u00a0<\/strong><\/p>\n<ul>\n<li>Rotation sur 360\u00b0<\/li>\n<li>Marquage sur le bras extensible pour vous aider \u00e0 vous souvenir de vos r\u00e9glages<\/li>\n<li>Syst\u00e8me brevet\u00e9 de bouton-poussoir pour un r\u00e9glage rapide<\/li>\n<li>Fabriqu\u00e9es en caoutchouc pour la stabilit\u00e9 et la pr\u00e9cision, et en aluminium pour la r\u00e9sistance.<\/li>\n<\/ul>","protected":false},"excerpt":{"rendered":"<p>Poign\u00e9es t\u00e9lescopiques professionnelles avec rosettes ARRI (Noires &amp; Rouges)<\/p>","protected":false},"featured_media":21701,"template":"","meta":[],"product_cat":[399],"product_tag":[1426,1427,1428],"class_list":{"0":"post-21694","1":"product","2":"type-product","3":"status-publish","4":"has-post-thumbnail","6":"product_cat-bijoute-camera-categorie-grip","7":"product_tag-bijoute-camera","8":"product_tag-poignees-bleue","9":"product_tag-poignees-shape","11":"first","12":"instock","13":"taxable","14":"shipping-taxable","15":"purchasable","16":"product-type-rentable"},"_links":{"self":[{"href":"https:\/\/maxima-studios.com\/en\/wp-json\/wp\/v2\/product\/21694","targetHints":{"allow":["GET"]}}],"collection":[{"href":"https:\/\/maxima-studios.com\/en\/wp-json\/wp\/v2\/product"}],"about":[{"href":"https:\/\/maxima-studios.com\/en\/wp-json\/wp\/v2\/types\/product"}],"wp:featuredmedia":[{"embeddable":true,"href":"https:\/\/maxima-studios.com\/en\/wp-json\/wp\/v2\/media\/21701"}],"wp:attachment":[{"href":"https:\/\/maxima-studios.com\/en\/wp-json\/wp\/v2\/media?parent=21694"}],"wp:term":[{"taxonomy":"product_cat","embeddable":true,"href":"https:\/\/maxima-studios.com\/en\/wp-json\/wp\/v2\/product_cat?post=21694"},{"taxonomy":"product_tag","embeddable":true,"href":"https:\/\/maxima-studios.com\/en\/wp-json\/wp\/v2\/product_tag?post=21694"}],"curies":[{"name":"wp","href":"https:\/\/api.w.org\/{rel}","templated":true}]}}