 {"id":21547,"date":"2025-11-05T16:42:55","date_gmt":"2025-11-05T15:42:55","guid":{"rendered":"https:\/\/maxima-studios.com\/produit\/kit-rode-podmic\/"},"modified":"2026-04-13T20:40:14","modified_gmt":"2026-04-13T18:40:14","slug":"rode-podmic-2","status":"publish","type":"product","link":"https:\/\/maxima-studios.com\/en\/product\/rode-podmic-2\/","title":{"rendered":"KIT RODE PODMIC"},"content":{"rendered":"<p>Le Rode PodMic est un microphone dynamique con\u00e7u sp\u00e9cifiquement pour les applications de podcasting,<\/p>\n<p>de streaming en direct ou l\u2019enregistrement de voix off. Il capture une voix claire et pr\u00e9cise gr\u00e2ce \u00e0 sa capsule de microphone dynamique optimis\u00e9e qui permet de r\u00e9duire les bruits ind\u00e9sirables tels que les bruits de fond et les vibrations. Il dispose \u00e9galement d&#8217;un filtre anti-pop int\u00e9gr\u00e9 pour minimiser les plosives et les bruits de souffle.<\/p>\n<p>Le micro est lou\u00e9 avec un support pour table et dispose d\u2019un pas de vis standard 5\/8&#8243; pour l\u2019installer sur tout autre bras ou pied micro. Il n\u2019est pas n\u00e9cessaire de l\u2019alimenter en phantom.\u00a0<\/p>\n<p>\u00a0<\/p>\n<p><strong>Points Forts :\u00a0<\/strong><\/p>\n<ul>\n<li>Outil id\u00e9al pour du podcast<\/li>\n<li>Qualit\u00e9 audio pour l\u2019enregistrement de voix<\/li>\n<li>Ergonomie et facilit\u00e9 d\u2019utilisation<\/li>\n<li>Sortie XLR<\/li>\n<li>Esth\u00e9tique\u00a0<\/li>\n<\/ul>","protected":false},"excerpt":{"rendered":"<p>Micro Podcast\u00a0<\/p>\n<p>Directivit\u00e9 : Cardio\u00efde<\/p>\n<p>Connectiques : XLR3<\/p>","protected":false},"featured_media":21550,"template":"","meta":[],"product_cat":[338],"product_tag":[],"class_list":{"0":"post-21547","1":"product","2":"type-product","3":"status-publish","4":"has-post-thumbnail","6":"product_cat-micros-categorie","8":"first","9":"instock","10":"taxable","11":"shipping-taxable","12":"purchasable","13":"product-type-rentable"},"_links":{"self":[{"href":"https:\/\/maxima-studios.com\/en\/wp-json\/wp\/v2\/product\/21547","targetHints":{"allow":["GET"]}}],"collection":[{"href":"https:\/\/maxima-studios.com\/en\/wp-json\/wp\/v2\/product"}],"about":[{"href":"https:\/\/maxima-studios.com\/en\/wp-json\/wp\/v2\/types\/product"}],"wp:featuredmedia":[{"embeddable":true,"href":"https:\/\/maxima-studios.com\/en\/wp-json\/wp\/v2\/media\/21550"}],"wp:attachment":[{"href":"https:\/\/maxima-studios.com\/en\/wp-json\/wp\/v2\/media?parent=21547"}],"wp:term":[{"taxonomy":"product_cat","embeddable":true,"href":"https:\/\/maxima-studios.com\/en\/wp-json\/wp\/v2\/product_cat?post=21547"},{"taxonomy":"product_tag","embeddable":true,"href":"https:\/\/maxima-studios.com\/en\/wp-json\/wp\/v2\/product_tag?post=21547"}],"curies":[{"name":"wp","href":"https:\/\/api.w.org\/{rel}","templated":true}]}}