 {"id":21525,"date":"2025-11-04T15:49:12","date_gmt":"2025-11-04T14:49:12","guid":{"rendered":"https:\/\/maxima-studios.com\/produit\/f10-barn-doors\/"},"modified":"2026-04-13T20:17:27","modified_gmt":"2026-04-13T18:17:27","slug":"f10-barn-doors","status":"publish","type":"product","link":"https:\/\/maxima-studios.com\/en\/product\/f10-barn-doors\/","title":{"rendered":"F10 BARN DOORS"},"content":{"rendered":"<p>Ces Barn Doors sont con\u00e7us pour \u00eatre mont\u00e9s directement sur la Fresnel F10 d\u2019Aputure via la fente d\u2019accessoire standard de 13,1\u201d. Il peut aussi s\u2019utiliser directement sur n\u2019importe quel projecteur en monture Bowens via l\u2019adaptateur Bowens inclus.<\/p>\n<p>\u00a0<\/p>\n<p>Les volets du F10 sont larges afin de contr\u00f4ler efficacement la direction de la lumi\u00e8re avec un minimum de fuites. Afin d\u2019\u00eatre encore plus pr\u00e9cis, quatre mini volets peuvent pivoter afin de combler les espaces entre les quatres volets principaux.<\/p>","protected":false},"excerpt":{"rendered":"<p>Barn Doors<\/p>\n<p>Compatible:\u00a0Aputure Fresnel F10<\/p>\n<p>Pour Eclairage Cob Led<\/p>","protected":false},"featured_media":21526,"template":"","meta":[],"product_cat":[131],"product_tag":[],"class_list":{"0":"post-21525","1":"product","2":"type-product","3":"status-publish","4":"has-post-thumbnail","6":"product_cat-accessoires-fresnel","8":"first","9":"instock","10":"taxable","11":"shipping-taxable","12":"purchasable","13":"product-type-rentable"},"_links":{"self":[{"href":"https:\/\/maxima-studios.com\/en\/wp-json\/wp\/v2\/product\/21525","targetHints":{"allow":["GET"]}}],"collection":[{"href":"https:\/\/maxima-studios.com\/en\/wp-json\/wp\/v2\/product"}],"about":[{"href":"https:\/\/maxima-studios.com\/en\/wp-json\/wp\/v2\/types\/product"}],"wp:featuredmedia":[{"embeddable":true,"href":"https:\/\/maxima-studios.com\/en\/wp-json\/wp\/v2\/media\/21526"}],"wp:attachment":[{"href":"https:\/\/maxima-studios.com\/en\/wp-json\/wp\/v2\/media?parent=21525"}],"wp:term":[{"taxonomy":"product_cat","embeddable":true,"href":"https:\/\/maxima-studios.com\/en\/wp-json\/wp\/v2\/product_cat?post=21525"},{"taxonomy":"product_tag","embeddable":true,"href":"https:\/\/maxima-studios.com\/en\/wp-json\/wp\/v2\/product_tag?post=21525"}],"curies":[{"name":"wp","href":"https:\/\/api.w.org\/{rel}","templated":true}]}}