 {"id":21477,"date":"2025-10-30T11:47:36","date_gmt":"2025-10-30T10:47:36","guid":{"rendered":"https:\/\/maxima-studios.com\/produit\/barre-extensible-3m-55m\/"},"modified":"2026-04-13T20:30:10","modified_gmt":"2026-04-13T18:30:10","slug":"barre-extensible-3m-55m","status":"publish","type":"product","link":"https:\/\/maxima-studios.com\/en\/product\/barre-extensible-3m-55m\/","title":{"rendered":"BARRE EXTENSIBLE 3m \/ 5,5m"},"content":{"rendered":"<p>Barre extensible pouvant mesurer jusqu&#8217;\u00e0 5m permettant la suspension d&#8217;\u00e9l\u00e9ments l\u00e9gers en hauteur si centr\u00e9 et d&#8217;\u00e9l\u00e9ments plus l\u00e9ger si le poids est r\u00e9parti.\u00a0<\/p>\n<p>\u00a0<\/p>\n<p>Montable sur Wind-up \/ U126 \u00e0 l&#8217;aide de collier de serrage<\/p>","protected":false},"excerpt":{"rendered":"<p>Barre extensible pouvant mesurer jusqu&#8217;\u00e0 5m permettant la suspension d&#8217;\u00e9l\u00e9ments l\u00e9gers en hauteur si centr\u00e9 et d&#8217;\u00e9l\u00e9ments plus l\u00e9ger si&#8230;<\/p>","protected":false},"featured_media":21484,"template":"","meta":[],"product_cat":[394],"product_tag":[],"class_list":{"0":"post-21477","1":"product","2":"type-product","3":"status-publish","4":"has-post-thumbnail","6":"product_cat-grip","8":"first","9":"instock","10":"taxable","11":"shipping-taxable","12":"purchasable","13":"product-type-rentable"},"_links":{"self":[{"href":"https:\/\/maxima-studios.com\/en\/wp-json\/wp\/v2\/product\/21477","targetHints":{"allow":["GET"]}}],"collection":[{"href":"https:\/\/maxima-studios.com\/en\/wp-json\/wp\/v2\/product"}],"about":[{"href":"https:\/\/maxima-studios.com\/en\/wp-json\/wp\/v2\/types\/product"}],"wp:featuredmedia":[{"embeddable":true,"href":"https:\/\/maxima-studios.com\/en\/wp-json\/wp\/v2\/media\/21484"}],"wp:attachment":[{"href":"https:\/\/maxima-studios.com\/en\/wp-json\/wp\/v2\/media?parent=21477"}],"wp:term":[{"taxonomy":"product_cat","embeddable":true,"href":"https:\/\/maxima-studios.com\/en\/wp-json\/wp\/v2\/product_cat?post=21477"},{"taxonomy":"product_tag","embeddable":true,"href":"https:\/\/maxima-studios.com\/en\/wp-json\/wp\/v2\/product_tag?post=21477"}],"curies":[{"name":"wp","href":"https:\/\/api.w.org\/{rel}","templated":true}]}}