 {"id":21396,"date":"2025-10-22T16:03:37","date_gmt":"2025-10-22T14:03:37","guid":{"rendered":"https:\/\/maxima-studios.com\/produit\/cable-mini-jack-male-10m\/"},"modified":"2026-04-13T20:19:32","modified_gmt":"2026-04-13T18:19:32","slug":"cable-mini-jack-male-10m","status":"publish","type":"product","link":"https:\/\/maxima-studios.com\/en\/product\/cable-mini-jack-male-10m\/","title":{"rendered":"C\u00c2BLE MINI-JACK M\u00c2LE 10M"},"content":{"rendered":"","protected":false},"excerpt":{"rendered":"<p>C\u00e2ble 3,5mm<\/p>\n<p>Longueur : 10m\u00a0<\/p>","protected":false},"featured_media":22304,"template":"","meta":[],"product_cat":[71],"product_tag":[],"class_list":{"0":"post-21396","1":"product","2":"type-product","3":"status-publish","4":"has-post-thumbnail","6":"product_cat-xlr-jack","8":"first","9":"instock","10":"taxable","11":"shipping-taxable","12":"purchasable","13":"product-type-rentable"},"_links":{"self":[{"href":"https:\/\/maxima-studios.com\/en\/wp-json\/wp\/v2\/product\/21396","targetHints":{"allow":["GET"]}}],"collection":[{"href":"https:\/\/maxima-studios.com\/en\/wp-json\/wp\/v2\/product"}],"about":[{"href":"https:\/\/maxima-studios.com\/en\/wp-json\/wp\/v2\/types\/product"}],"wp:featuredmedia":[{"embeddable":true,"href":"https:\/\/maxima-studios.com\/en\/wp-json\/wp\/v2\/media\/22304"}],"wp:attachment":[{"href":"https:\/\/maxima-studios.com\/en\/wp-json\/wp\/v2\/media?parent=21396"}],"wp:term":[{"taxonomy":"product_cat","embeddable":true,"href":"https:\/\/maxima-studios.com\/en\/wp-json\/wp\/v2\/product_cat?post=21396"},{"taxonomy":"product_tag","embeddable":true,"href":"https:\/\/maxima-studios.com\/en\/wp-json\/wp\/v2\/product_tag?post=21396"}],"curies":[{"name":"wp","href":"https:\/\/api.w.org\/{rel}","templated":true}]}}