 {"id":21395,"date":"2025-10-22T16:03:34","date_gmt":"2025-10-22T14:03:34","guid":{"rendered":"https:\/\/maxima-studios.com\/produit\/cable-mini-jack-male-5m\/"},"modified":"2026-04-13T20:13:42","modified_gmt":"2026-04-13T18:13:42","slug":"cable-mini-jack-male-5m","status":"publish","type":"product","link":"https:\/\/maxima-studios.com\/en\/product\/cable-mini-jack-male-5m\/","title":{"rendered":"C\u00c2BLE MINI-JACK M\u00c2LE 5m"},"content":{"rendered":"<p>Cordon de liaison audio avec jack st\u00e9r\u00e9o m\u00e2le 3,5mm.<\/p>","protected":false},"excerpt":{"rendered":"<p>Cordon de liaison audio avec jack st\u00e9r\u00e9o m\u00e2le 3,5mm.<\/p>","protected":false},"featured_media":23196,"template":"","meta":[],"product_cat":[71],"product_tag":[],"class_list":{"0":"post-21395","1":"product","2":"type-product","3":"status-publish","4":"has-post-thumbnail","6":"product_cat-xlr-jack","8":"first","9":"instock","10":"taxable","11":"shipping-taxable","12":"purchasable","13":"product-type-rentable"},"_links":{"self":[{"href":"https:\/\/maxima-studios.com\/en\/wp-json\/wp\/v2\/product\/21395","targetHints":{"allow":["GET"]}}],"collection":[{"href":"https:\/\/maxima-studios.com\/en\/wp-json\/wp\/v2\/product"}],"about":[{"href":"https:\/\/maxima-studios.com\/en\/wp-json\/wp\/v2\/types\/product"}],"wp:featuredmedia":[{"embeddable":true,"href":"https:\/\/maxima-studios.com\/en\/wp-json\/wp\/v2\/media\/23196"}],"wp:attachment":[{"href":"https:\/\/maxima-studios.com\/en\/wp-json\/wp\/v2\/media?parent=21395"}],"wp:term":[{"taxonomy":"product_cat","embeddable":true,"href":"https:\/\/maxima-studios.com\/en\/wp-json\/wp\/v2\/product_cat?post=21395"},{"taxonomy":"product_tag","embeddable":true,"href":"https:\/\/maxima-studios.com\/en\/wp-json\/wp\/v2\/product_tag?post=21395"}],"curies":[{"name":"wp","href":"https:\/\/api.w.org\/{rel}","templated":true}]}}