 {"id":21213,"date":"2025-10-08T10:29:44","date_gmt":"2025-10-08T08:29:44","guid":{"rendered":"https:\/\/maxima-studios.com\/produit\/parapluie-photek-softlighter-116cm\/"},"modified":"2026-04-13T20:30:12","modified_gmt":"2026-04-13T18:30:12","slug":"parapluie-photek-softlighter-116cm","status":"publish","type":"product","link":"https:\/\/maxima-studios.com\/en\/product\/parapluie-photek-softlighter-116cm\/","title":{"rendered":"PARAPLUIE PHOTEK SOFTLIGHTER 116cm"},"content":{"rendered":"<p>Le Parapluie Photek Softlighter 116\u202fcm est un diffuseur de lumi\u00e8re de studio con\u00e7u pour adoucir et \u00e9largir le faisceau de vos flashs. L\u00e9ger et facile \u00e0 installer, il est \u00e9quip\u00e9 d\u2019un diffuseur interne et s\u2019adapte \u00e0 la plupart des t\u00eates de flash et supports standard, id\u00e9al pour la photographie portrait ou produit.<\/p>\n<p>\u00a0<\/p>\n<p><strong>Points Forts: <\/strong><\/p>\n<ul>\n<li>Grande surface de diffusion : 116\u202fcm de diam\u00e8tre<\/li>\n<li>Compatibilit\u00e9 universelle jusqu&#8217;\u00e0\u00a018.5 cm de diam\u00e8tre<\/li>\n<li>L\u00e9ger et facile \u00e0 transporter dans son \u00e9tuis<\/li>\n<\/ul>","protected":false},"excerpt":{"rendered":"<p>Parapluie pour flash<\/p>\n<p>Diam\u00e8tre : 116cm<\/p>","protected":false},"featured_media":21226,"template":"","meta":[],"product_cat":[263],"product_tag":[],"class_list":{"0":"post-21213","1":"product","2":"type-product","3":"status-publish","4":"has-post-thumbnail","6":"product_cat-reflo-diff-drapeau","8":"first","9":"instock","10":"taxable","11":"shipping-taxable","12":"purchasable","13":"product-type-rentable"},"_links":{"self":[{"href":"https:\/\/maxima-studios.com\/en\/wp-json\/wp\/v2\/product\/21213","targetHints":{"allow":["GET"]}}],"collection":[{"href":"https:\/\/maxima-studios.com\/en\/wp-json\/wp\/v2\/product"}],"about":[{"href":"https:\/\/maxima-studios.com\/en\/wp-json\/wp\/v2\/types\/product"}],"wp:featuredmedia":[{"embeddable":true,"href":"https:\/\/maxima-studios.com\/en\/wp-json\/wp\/v2\/media\/21226"}],"wp:attachment":[{"href":"https:\/\/maxima-studios.com\/en\/wp-json\/wp\/v2\/media?parent=21213"}],"wp:term":[{"taxonomy":"product_cat","embeddable":true,"href":"https:\/\/maxima-studios.com\/en\/wp-json\/wp\/v2\/product_cat?post=21213"},{"taxonomy":"product_tag","embeddable":true,"href":"https:\/\/maxima-studios.com\/en\/wp-json\/wp\/v2\/product_tag?post=21213"}],"curies":[{"name":"wp","href":"https:\/\/api.w.org\/{rel}","templated":true}]}}