 {"id":21059,"date":"2025-09-29T10:35:53","date_gmt":"2025-09-29T08:35:53","guid":{"rendered":"https:\/\/maxima-studios.com\/produit\/zhiyun-smooth-5\/"},"modified":"2026-04-13T20:14:17","modified_gmt":"2026-04-13T18:14:17","slug":"zhiyun-smooth-5","status":"publish","type":"product","link":"https:\/\/maxima-studios.com\/en\/product\/zhiyun-smooth-5\/","title":{"rendered":"ZHIYUN SMOOTH 5"},"content":{"rendered":"<p>Mini gimbal pour stabiliser votre smartphone. Annule les saccades li\u00e9es \u00e0 la marche et d\u00e9livre des mouvements horizontaux et verticaux fluides.\u00a0<\/p>\n<p>\u00a0<\/p>\n<p>L&#8217;application ZY Play permet un contr\u00f4le complet de l&#8217;appareil photo et du t\u00e9l\u00e9phone, y compris la mise au point, le zoom, le time-lapse et les param\u00e8tres photo. Les commandes ont \u00e9t\u00e9 am\u00e9lior\u00e9es pour une utilisation facile, r\u00e9duisant la n\u00e9cessit\u00e9 de toucher l&#8217;\u00e9cran du t\u00e9l\u00e9phone.\u00a0<\/p>\n<p>\u00a0<\/p>\n<p>Le Smooth-5 est compatible avec la plupart des t\u00e9l\u00e9phones, il est l\u00e9ger et compact pour une mobilit\u00e9 facile et prend en charge une vari\u00e9t\u00e9 de prises de vue cin\u00e9matographiques.\u00a0<\/p>\n<p>\u00a0<\/p>\n<p>Un mini tr\u00e9pied est inclus, ainsi qu&#8217;un c\u00e2ble de charge USB Type-C pour une charge rapide. Avec une batterie de 2600 mAh, il peut fonctionner jusqu&#8217;\u00e0 12 heures.<\/p>","protected":false},"excerpt":{"rendered":"<p>Stabilisateur Motoris\u00e9<\/p>\n<p>Compatible: Smartphone \/\u00a0GoPro.<\/p>\n<p>Autonomie: 12h<\/p>","protected":false},"featured_media":21061,"template":"","meta":[],"product_cat":[364],"product_tag":[],"class_list":{"0":"post-21059","1":"product","2":"type-product","3":"status-publish","4":"has-post-thumbnail","6":"product_cat-gimbal-stabilisateur","8":"first","9":"instock","10":"taxable","11":"shipping-taxable","12":"purchasable","13":"product-type-rentable"},"yoast_head":"<!-- This site is optimized with the Yoast SEO plugin v27.3 - https:\/\/yoast.com\/product\/yoast-seo-wordpress\/ -->\n<title>ZHIYUN SMOOTH 5 - Maximaloc<\/title>\n<meta name=\"robots\" content=\"index, follow, max-snippet:-1, max-image-preview:large, max-video-preview:-1\" \/>\n<link rel=\"canonical\" href=\"https:\/\/maxima-studios.com\/en\/product\/zhiyun-smooth-5\/\" \/>\n<meta property=\"og:locale\" content=\"en_US\" \/>\n<meta property=\"og:type\" content=\"article\" \/>\n<meta property=\"og:title\" content=\"ZHIYUN SMOOTH 5 - Maximaloc\" \/>\n<meta property=\"og:description\" content=\"Stabilisateur Motoris\u00e9 Compatible: Smartphone \/\u00a0GoPro. Autonomie: 12h\" \/>\n<meta property=\"og:url\" content=\"https:\/\/maxima-studios.com\/en\/product\/zhiyun-smooth-5\/\" \/>\n<meta property=\"og:site_name\" content=\"Maximaloc\" \/>\n<meta property=\"article:publisher\" content=\"https:\/\/www.facebook.com\/Maximalocation\" \/>\n<meta property=\"article:modified_time\" content=\"2026-04-13T18:14:17+00:00\" \/>\n<meta property=\"og:image\" content=\"https:\/\/maxima-studios.com\/wp-content\/uploads\/2024\/09\/website.webp\" \/>\n\t<meta property=\"og:image:width\" content=\"1230\" \/>\n\t<meta property=\"og:image:height\" content=\"675\" \/>\n\t<meta property=\"og:image:type\" content=\"image\/webp\" \/>\n<meta name=\"twitter:card\" content=\"summary_large_image\" \/>\n<meta name=\"twitter:label1\" content=\"Est. reading time\" \/>\n\t<meta name=\"twitter:data1\" content=\"1 minute\" \/>\n<script type=\"application\/ld+json\" class=\"yoast-schema-graph\">{\"@context\":\"https:\\\/\\\/schema.org\",\"@graph\":[{\"@type\":\"WebPage\",\"@id\":\"https:\\\/\\\/maxima-studios.com\\\/produit\\\/zhiyun-smooth-5\\\/\",\"url\":\"https:\\\/\\\/maxima-studios.com\\\/produit\\\/zhiyun-smooth-5\\\/\",\"name\":\"ZHIYUN SMOOTH 5 - Maximaloc\",\"isPartOf\":{\"@id\":\"https:\\\/\\\/maxima-studios.com\\\/#website\"},\"primaryImageOfPage\":{\"@id\":\"https:\\\/\\\/maxima-studios.com\\\/produit\\\/zhiyun-smooth-5\\\/#primaryimage\"},\"image\":{\"@id\":\"https:\\\/\\\/maxima-studios.com\\\/produit\\\/zhiyun-smooth-5\\\/#primaryimage\"},\"thumbnailUrl\":\"https:\\\/\\\/maxima-studios.com\\\/wp-content\\\/uploads\\\/2025\\\/09\\\/ziyhun-tel-1.webp\",\"datePublished\":\"2025-09-29T08:35:53+00:00\",\"dateModified\":\"2026-04-13T18:14:17+00:00\",\"breadcrumb\":{\"@id\":\"https:\\\/\\\/maxima-studios.com\\\/produit\\\/zhiyun-smooth-5\\\/#breadcrumb\"},\"inLanguage\":\"en-US\",\"potentialAction\":[{\"@type\":\"ReadAction\",\"target\":[\"https:\\\/\\\/maxima-studios.com\\\/produit\\\/zhiyun-smooth-5\\\/\"]}]},{\"@type\":\"ImageObject\",\"inLanguage\":\"en-US\",\"@id\":\"https:\\\/\\\/maxima-studios.com\\\/produit\\\/zhiyun-smooth-5\\\/#primaryimage\",\"url\":\"https:\\\/\\\/maxima-studios.com\\\/wp-content\\\/uploads\\\/2025\\\/09\\\/ziyhun-tel-1.webp\",\"contentUrl\":\"https:\\\/\\\/maxima-studios.com\\\/wp-content\\\/uploads\\\/2025\\\/09\\\/ziyhun-tel-1.webp\",\"width\":580,\"height\":420},{\"@type\":\"BreadcrumbList\",\"@id\":\"https:\\\/\\\/maxima-studios.com\\\/produit\\\/zhiyun-smooth-5\\\/#breadcrumb\",\"itemListElement\":[{\"@type\":\"ListItem\",\"position\":1,\"name\":\"Accueil\",\"item\":\"https:\\\/\\\/maxima-studios.com\\\/\"},{\"@type\":\"ListItem\",\"position\":2,\"name\":\"BOUTIQUE\",\"item\":\"https:\\\/\\\/maxima-studios.com\\\/boutique\\\/\"},{\"@type\":\"ListItem\",\"position\":3,\"name\":\"ZHIYUN SMOOTH 5\"}]},{\"@type\":\"WebSite\",\"@id\":\"https:\\\/\\\/maxima-studios.com\\\/#website\",\"url\":\"https:\\\/\\\/maxima-studios.com\\\/\",\"name\":\"Maximaloc\",\"description\":\"\",\"publisher\":{\"@id\":\"https:\\\/\\\/maxima-studios.com\\\/#organization\"},\"potentialAction\":[{\"@type\":\"SearchAction\",\"target\":{\"@type\":\"EntryPoint\",\"urlTemplate\":\"https:\\\/\\\/maxima-studios.com\\\/?s={search_term_string}\"},\"query-input\":{\"@type\":\"PropertyValueSpecification\",\"valueRequired\":true,\"valueName\":\"search_term_string\"}}],\"inLanguage\":\"en-US\"},{\"@type\":\"Organization\",\"@id\":\"https:\\\/\\\/maxima-studios.com\\\/#organization\",\"name\":\"Maximaloc\",\"url\":\"https:\\\/\\\/maxima-studios.com\\\/\",\"logo\":{\"@type\":\"ImageObject\",\"inLanguage\":\"en-US\",\"@id\":\"https:\\\/\\\/maxima-studios.com\\\/#\\\/schema\\\/logo\\\/image\\\/\",\"url\":\"https:\\\/\\\/maxima-studios.com\\\/wp-content\\\/uploads\\\/2024\\\/03\\\/logo_noir-scaled.png\",\"contentUrl\":\"https:\\\/\\\/maxima-studios.com\\\/wp-content\\\/uploads\\\/2024\\\/03\\\/logo_noir-scaled.png\",\"width\":2560,\"height\":268,\"caption\":\"Maximaloc\"},\"image\":{\"@id\":\"https:\\\/\\\/maxima-studios.com\\\/#\\\/schema\\\/logo\\\/image\\\/\"},\"sameAs\":[\"https:\\\/\\\/www.facebook.com\\\/Maximalocation\"]}]}<\/script>\n<!-- \/ Yoast SEO plugin. -->","yoast_head_json":{"title":"ZHIYUN SMOOTH 5 - Maximaloc","robots":{"index":"index","follow":"follow","max-snippet":"max-snippet:-1","max-image-preview":"max-image-preview:large","max-video-preview":"max-video-preview:-1"},"canonical":"https:\/\/maxima-studios.com\/en\/product\/zhiyun-smooth-5\/","og_locale":"en_US","og_type":"article","og_title":"ZHIYUN SMOOTH 5 - Maximaloc","og_description":"Stabilisateur Motoris\u00e9 Compatible: Smartphone \/\u00a0GoPro. Autonomie: 12h","og_url":"https:\/\/maxima-studios.com\/en\/product\/zhiyun-smooth-5\/","og_site_name":"Maximaloc","article_publisher":"https:\/\/www.facebook.com\/Maximalocation","article_modified_time":"2026-04-13T18:14:17+00:00","og_image":[{"width":1230,"height":675,"url":"https:\/\/maxima-studios.com\/wp-content\/uploads\/2024\/09\/website.webp","type":"image\/webp"}],"twitter_card":"summary_large_image","twitter_misc":{"Est. reading time":"1 minute"},"schema":{"@context":"https:\/\/schema.org","@graph":[{"@type":"WebPage","@id":"https:\/\/maxima-studios.com\/produit\/zhiyun-smooth-5\/","url":"https:\/\/maxima-studios.com\/produit\/zhiyun-smooth-5\/","name":"ZHIYUN SMOOTH 5 - Maximaloc","isPartOf":{"@id":"https:\/\/maxima-studios.com\/#website"},"primaryImageOfPage":{"@id":"https:\/\/maxima-studios.com\/produit\/zhiyun-smooth-5\/#primaryimage"},"image":{"@id":"https:\/\/maxima-studios.com\/produit\/zhiyun-smooth-5\/#primaryimage"},"thumbnailUrl":"https:\/\/maxima-studios.com\/wp-content\/uploads\/2025\/09\/ziyhun-tel-1.webp","datePublished":"2025-09-29T08:35:53+00:00","dateModified":"2026-04-13T18:14:17+00:00","breadcrumb":{"@id":"https:\/\/maxima-studios.com\/produit\/zhiyun-smooth-5\/#breadcrumb"},"inLanguage":"en-US","potentialAction":[{"@type":"ReadAction","target":["https:\/\/maxima-studios.com\/produit\/zhiyun-smooth-5\/"]}]},{"@type":"ImageObject","inLanguage":"en-US","@id":"https:\/\/maxima-studios.com\/produit\/zhiyun-smooth-5\/#primaryimage","url":"https:\/\/maxima-studios.com\/wp-content\/uploads\/2025\/09\/ziyhun-tel-1.webp","contentUrl":"https:\/\/maxima-studios.com\/wp-content\/uploads\/2025\/09\/ziyhun-tel-1.webp","width":580,"height":420},{"@type":"BreadcrumbList","@id":"https:\/\/maxima-studios.com\/produit\/zhiyun-smooth-5\/#breadcrumb","itemListElement":[{"@type":"ListItem","position":1,"name":"Accueil","item":"https:\/\/maxima-studios.com\/"},{"@type":"ListItem","position":2,"name":"BOUTIQUE","item":"https:\/\/maxima-studios.com\/boutique\/"},{"@type":"ListItem","position":3,"name":"ZHIYUN SMOOTH 5"}]},{"@type":"WebSite","@id":"https:\/\/maxima-studios.com\/#website","url":"https:\/\/maxima-studios.com\/","name":"Maximaloc","description":"","publisher":{"@id":"https:\/\/maxima-studios.com\/#organization"},"potentialAction":[{"@type":"SearchAction","target":{"@type":"EntryPoint","urlTemplate":"https:\/\/maxima-studios.com\/?s={search_term_string}"},"query-input":{"@type":"PropertyValueSpecification","valueRequired":true,"valueName":"search_term_string"}}],"inLanguage":"en-US"},{"@type":"Organization","@id":"https:\/\/maxima-studios.com\/#organization","name":"Maximaloc","url":"https:\/\/maxima-studios.com\/","logo":{"@type":"ImageObject","inLanguage":"en-US","@id":"https:\/\/maxima-studios.com\/#\/schema\/logo\/image\/","url":"https:\/\/maxima-studios.com\/wp-content\/uploads\/2024\/03\/logo_noir-scaled.png","contentUrl":"https:\/\/maxima-studios.com\/wp-content\/uploads\/2024\/03\/logo_noir-scaled.png","width":2560,"height":268,"caption":"Maximaloc"},"image":{"@id":"https:\/\/maxima-studios.com\/#\/schema\/logo\/image\/"},"sameAs":["https:\/\/www.facebook.com\/Maximalocation"]}]}},"_links":{"self":[{"href":"https:\/\/maxima-studios.com\/en\/wp-json\/wp\/v2\/product\/21059","targetHints":{"allow":["GET"]}}],"collection":[{"href":"https:\/\/maxima-studios.com\/en\/wp-json\/wp\/v2\/product"}],"about":[{"href":"https:\/\/maxima-studios.com\/en\/wp-json\/wp\/v2\/types\/product"}],"wp:featuredmedia":[{"embeddable":true,"href":"https:\/\/maxima-studios.com\/en\/wp-json\/wp\/v2\/media\/21061"}],"wp:attachment":[{"href":"https:\/\/maxima-studios.com\/en\/wp-json\/wp\/v2\/media?parent=21059"}],"wp:term":[{"taxonomy":"product_cat","embeddable":true,"href":"https:\/\/maxima-studios.com\/en\/wp-json\/wp\/v2\/product_cat?post=21059"},{"taxonomy":"product_tag","embeddable":true,"href":"https:\/\/maxima-studios.com\/en\/wp-json\/wp\/v2\/product_tag?post=21059"}],"curies":[{"name":"wp","href":"https:\/\/api.w.org\/{rel}","templated":true}]}}